{"id":2896,"date":"2022-08-04T10:23:08","date_gmt":"2022-08-04T08:23:08","guid":{"rendered":"https:\/\/www.boxerbasis.de\/?post_type=product&#038;p=2896"},"modified":"2025-05-26T09:53:12","modified_gmt":"2025-05-26T07:53:12","slug":"74","status":"publish","type":"product","link":"https:\/\/www.boxerbasis.de\/en\/produkt\/74\/","title":{"rendered":"BMW Boxer Band 3: Boxertechnik &#8211; repariert und optimiert"},"content":{"rendered":"<p><strong>Helmut Heusler:<br \/>\n<\/strong><strong>BMW Boxer Band 3 \u2013 Alle Modelle 1969 \u2013 1996<\/strong><\/p>\n<p>Der nun in der f\u00fcnften Auflage erneut \u00fcberarbeitete und 2020 um 26 redaktionelle Seiten und ganz aktuell um ein Schlagwortregister nun erweiterte dritte Band zum Thema BMW-Zweiventiler behandelt alle Modelle dieser Baureihe von den ersten \/5-Modellen ab Herbst 1969 bis zu den letzten R 80 GS \u201eBasic\u201c, die im Dezember 1996 von den Spandauer B\u00e4ndern rollten. Der gewachsene Erfahrungsschatz des Autors und aktuelle Entwicklungen aus dem Bereich des Zubeh\u00f6rs wie Z\u00fcndanlagen oder Reifen finden in jeder neuen Auflage ihren Niederschlag. Ber\u00fccksichtigt wurden in der \u00dcberarbeitung auch aktuelle Fragestellungen vieler BMW-Freunde, denen der Autor in Diskussionen und Gespr\u00e4chen in Foren, an Motorradtreffs oder Werkst\u00e4tten begegnet.<\/p>\n<p>Autor dieses Standardwerks ist der Ingenieur, technische Publizist und Dozent Helmut Heusler. Heusler war beruflich lange im Bereich der Automobilentwicklung t\u00e4tig und pflegt seit fast 40 Jahren als Steckenpferd die klassischen Zweiventil-Boxermotorr\u00e4der von BMW. Dabei baut er auf seinem breiten Erfahrungsschatz in der Fahrzeug- und Motorenentwicklung auf. Er f\u00e4hrt, repariert und optimiert diese Maschinen intensiv. Der von Heusler erarbeitete Erfahrungs- und Wissensschatz macht dieses Buch zu einer unvergleichlichen Informationsquelle. Besonders f\u00fcr Fahrer, die hinsichtlich Instandhaltung und Detailverbesserung hohe Anspr\u00fcche stellen. Mehr als 500 Abbildungen, gut verst\u00e4ndliche Erkl\u00e4rungen und ein umfangreicher Tabellenteil lassen keine Fragen offen. Neue Erfahrungen mit den Maschinen und viele Trends und Fragestellungen, die aktuell in der Zweiventilszene diskutiert werden, finden Niederschlag in der neuen Ausgabe. Pers\u00f6nliche Erfahrungen, Fragen zu Laufverhalten, Abstimmung und Feintuning sowie interessante Beispiele von Umbauten komplettieren das Bild und geben dem Buchuntertitel \u201erepariert und optimiert\u201c noch mehr Substanz.<\/p>\n<p>So k\u00f6nnen von dieser Homepage Dateien zur Optimierung der Vergaserabstimmung und der Bedatung der Ignitech-Z\u00fcndung heruntergeladen werden:<br \/>\n\u2022 Bing Vergaseroptimierung (Bing 40mm-Vergaser und Bing 32mm-Vergaser, Excel-Datei)<br \/>\n\u2022 IGN-Dateien(Download exe-Datei und IGN-Dateien)<\/p>\n<p>5. aktualisierte und erg\u00e4nzte Auflage von 2023. ISBN: 978-3-9824540-2-3<\/p>\n","protected":false},"excerpt":{"rendered":"<p>Alle Modelle von den ersten \/5 ab Herbst 1969 bis zu den letzten R 80 GS Basic<\/p>\n","protected":false},"featured_media":3035,"comment_status":"closed","ping_status":"closed","template":"","meta":[],"product_brand":[],"product_cat":[210],"product_tag":[],"class_list":{"0":"post-2896","1":"product","2":"type-product","3":"status-publish","4":"has-post-thumbnail","6":"product_cat-literatur","7":"product_shipping_class-01kg","8":"pa_produktart-literatur","9":"pa_zustand-neu","11":"first","12":"instock","13":"taxable","14":"shipping-taxable","15":"purchasable","16":"product-type-simple"},"_links":{"self":[{"href":"https:\/\/www.boxerbasis.de\/en\/wp-json\/wp\/v2\/product\/2896","targetHints":{"allow":["GET"]}}],"collection":[{"href":"https:\/\/www.boxerbasis.de\/en\/wp-json\/wp\/v2\/product"}],"about":[{"href":"https:\/\/www.boxerbasis.de\/en\/wp-json\/wp\/v2\/types\/product"}],"replies":[{"embeddable":true,"href":"https:\/\/www.boxerbasis.de\/en\/wp-json\/wp\/v2\/comments?post=2896"}],"wp:featuredmedia":[{"embeddable":true,"href":"https:\/\/www.boxerbasis.de\/en\/wp-json\/wp\/v2\/media\/3035"}],"wp:attachment":[{"href":"https:\/\/www.boxerbasis.de\/en\/wp-json\/wp\/v2\/media?parent=2896"}],"wp:term":[{"taxonomy":"product_brand","embeddable":true,"href":"https:\/\/www.boxerbasis.de\/en\/wp-json\/wp\/v2\/product_brand?post=2896"},{"taxonomy":"product_cat","embeddable":true,"href":"https:\/\/www.boxerbasis.de\/en\/wp-json\/wp\/v2\/product_cat?post=2896"},{"taxonomy":"product_tag","embeddable":true,"href":"https:\/\/www.boxerbasis.de\/en\/wp-json\/wp\/v2\/product_tag?post=2896"}],"curies":[{"name":"wp","href":"https:\/\/api.w.org\/{rel}","templated":true}]}}