{"id":9577,"date":"2024-06-18T16:13:08","date_gmt":"2024-06-18T14:13:08","guid":{"rendered":"https:\/\/www.boxerbasis.de\/produkt\/vv-bmw-from-helmut-wustendorfer-wudo\/"},"modified":"2025-11-17T15:21:27","modified_gmt":"2025-11-17T14:21:27","slug":"vv-bmw-from-helmut-wustendorfer-wudo","status":"publish","type":"product","link":"https:\/\/www.boxerbasis.de\/en\/produkt\/vv-bmw-from-helmut-wustendorfer-wudo\/","title":{"rendered":"VV-BMW from Helmut W\u00fcstenh\u00f6fer (W\u00dcDO)"},"content":{"rendered":"<p><strong>Racing machine from Helmut W\u00fcstenh\u00f6fer!<br \/>\n<\/strong><\/p>\n<p>This VV BMW was the racing bike of Helmut W\u00fcstenh\u00f6fer from Dortmund, known as W\u00dcDO, with road registration, Fallert oil pan, etc. until he sold it.<br \/>\nThe green version (see photo, \u00a9 Helmut W\u00fcstenh\u00f6fer) is the bike as W\u00fcdo sold it at the time. The buyer had it converted directly by Uli V\u00f6lkl to cantilever or central suspension, from then on it was red. It is now a road-legal VV with the W\u00fcdo racing engine and gearbox.<br \/>\nThe engine runs sensationally, the gearbox shifts superbly, and the rear end with the cantilever swingarm looks great, as does the typical VV 2in1 exhaust system and the VV footrest system! First registered in 1986, i.e. without ASU. Only ridden a few kilometers after being built up as a VV.    <\/p>\n","protected":false},"excerpt":{"rendered":"<p>Racing machine from Helmut W\u00fcstenh\u00f6fer. VV conversion with road approval, racing engine, central suspension strut. <\/p>\n","protected":false},"featured_media":8823,"comment_status":"closed","ping_status":"closed","template":"","meta":[],"product_brand":[],"product_cat":[699],"product_tag":[],"class_list":{"0":"post-9577","1":"product","2":"type-product","3":"status-publish","4":"has-post-thumbnail","6":"product_cat-bikes","8":"first","9":"instock","10":"product-type-simple"},"_links":{"self":[{"href":"https:\/\/www.boxerbasis.de\/en\/wp-json\/wp\/v2\/product\/9577","targetHints":{"allow":["GET"]}}],"collection":[{"href":"https:\/\/www.boxerbasis.de\/en\/wp-json\/wp\/v2\/product"}],"about":[{"href":"https:\/\/www.boxerbasis.de\/en\/wp-json\/wp\/v2\/types\/product"}],"replies":[{"embeddable":true,"href":"https:\/\/www.boxerbasis.de\/en\/wp-json\/wp\/v2\/comments?post=9577"}],"wp:featuredmedia":[{"embeddable":true,"href":"https:\/\/www.boxerbasis.de\/en\/wp-json\/wp\/v2\/media\/8823"}],"wp:attachment":[{"href":"https:\/\/www.boxerbasis.de\/en\/wp-json\/wp\/v2\/media?parent=9577"}],"wp:term":[{"taxonomy":"product_brand","embeddable":true,"href":"https:\/\/www.boxerbasis.de\/en\/wp-json\/wp\/v2\/product_brand?post=9577"},{"taxonomy":"product_cat","embeddable":true,"href":"https:\/\/www.boxerbasis.de\/en\/wp-json\/wp\/v2\/product_cat?post=9577"},{"taxonomy":"product_tag","embeddable":true,"href":"https:\/\/www.boxerbasis.de\/en\/wp-json\/wp\/v2\/product_tag?post=9577"}],"curies":[{"name":"wp","href":"https:\/\/api.w.org\/{rel}","templated":true}]}}