{"id":10134,"date":"2016-03-07T18:46:18","date_gmt":"2016-03-07T17:46:18","guid":{"rendered":"https:\/\/www.boxerbasis.de\/impronta\/"},"modified":"2025-07-18T15:44:30","modified_gmt":"2025-07-18T13:44:30","slug":"impronta","status":"publish","type":"page","link":"https:\/\/www.boxerbasis.de\/it\/impronta\/","title":{"rendered":"Impronta"},"content":{"rendered":"<div class=\"fusion-fullwidth fullwidth-box fusion-builder-row-1 fusion-flex-container hundred-percent-fullwidth non-hundred-percent-height-scrolling\" style=\"--awb-border-radius-top-left:0px;--awb-border-radius-top-right:0px;--awb-border-radius-bottom-right:0px;--awb-border-radius-bottom-left:0px;--awb-background-color:#000000;--awb-flex-wrap:wrap;\" ><div class=\"fusion-builder-row fusion-row fusion-flex-align-items-flex-start fusion-flex-content-wrap\" style=\"width:104% !important;max-width:104% !important;margin-left: calc(-4% \/ 2 );margin-right: calc(-4% \/ 2 );\"><div class=\"fusion-layout-column fusion_builder_column fusion-builder-column-0 fusion_builder_column_1_4 1_4 fusion-flex-column\" style=\"--awb-bg-size:cover;--awb-width-large:25%;--awb-margin-top-large:0px;--awb-spacing-right-large:7.68%;--awb-margin-bottom-large:20px;--awb-spacing-left-large:7.68%;--awb-width-medium:25%;--awb-spacing-right-medium:7.68%;--awb-spacing-left-medium:7.68%;--awb-width-small:100%;--awb-spacing-right-small:1.92%;--awb-spacing-left-small:1.92%;\"><div class=\"fusion-column-wrapper fusion-flex-justify-content-flex-start fusion-content-layout-column\"><\/div><\/div><div class=\"fusion-layout-column fusion_builder_column fusion-builder-column-1 fusion_builder_column_1_2 1_2 fusion-flex-column\" style=\"--awb-bg-size:cover;--awb-width-large:50%;--awb-margin-top-large:0px;--awb-spacing-right-large:3.84%;--awb-margin-bottom-large:20px;--awb-spacing-left-large:3.84%;--awb-width-medium:50%;--awb-spacing-right-medium:3.84%;--awb-spacing-left-medium:3.84%;--awb-width-small:100%;--awb-spacing-right-small:1.92%;--awb-spacing-left-small:1.92%;\"><div class=\"fusion-column-wrapper fusion-flex-justify-content-flex-start fusion-content-layout-column\"><div class=\"fusion-text fusion-text-1\"><h2 style=\"text-align: left;\">IMPRONTA<\/h2>\n<p>Fornitore:<\/p>\n<p>Warenwerk GmbH<br \/>\nV\u00f6lklinger Platz 3<br \/>\n42285 Wuppertal<\/p>\n<p>Telefono: 0202 280 14 80<br \/>\nFax: 0202 180 14 81<br \/>\ninfo@warenwerk.com<br \/>\ninfo@warenwerk.com<\/p>\n<p>Tribunale del registro: Tribunale locale di Wuppertal<br \/>\nNumero di registro. HRB 23388 <\/p>\n<p>Rappresentanti autorizzati: J\u00f6rg Illigen, Erich Rudolf Wolf<br \/>\nNumero di identificazione dell&#8217;imposta sul valore aggiunto ai sensi del \u00a7 27 a della legge sull&#8217;imposta sul valore aggiunto: DE276410990 <\/p>\n<p>BOXERBASIS \u00e8 un marchio della Warenwerk GmbH<\/p>\n<h2>DISCLAIMER<\/h2>\n<h3>1. contenuto del sito web<\/h3>\n<p>Warenwerk GmbH, di seguito denominata &#8220;autore&#8221;, non si assume alcuna responsabilit\u00e0 per l&#8217;attualit\u00e0, la correttezza, la completezza o la qualit\u00e0 delle informazioni fornite. Le richieste di responsabilit\u00e0 nei confronti dell&#8217;autore relative a danni materiali o immateriali causati dall&#8217;uso o dal mancato uso delle informazioni fornite o dall&#8217;uso di informazioni errate o incomplete sono fondamentalmente escluse, a meno che non vi siano prove di dolo o grave negligenza da parte dell&#8217;autore.Tutte le offerte sono soggette a modifiche e non sono vincolanti. L&#8217;autore si riserva espressamente il diritto di modificare, integrare o cancellare parti delle pagine o l&#8217;intera offerta senza preavviso o di interrompere temporaneamente o definitivamente la pubblicazione.<\/p>\n<h3>2. riferimenti e link<\/h3>\n<p>Nel caso di riferimenti diretti o indiretti a siti web esterni (&#8220;collegamenti ipertestuali&#8221;) che si trovano al di fuori dell&#8217;area di responsabilit\u00e0 dell&#8217;autore, l&#8217;obbligo di responsabilit\u00e0 entrer\u00e0 in vigore solo nel caso in cui l&#8217;autore sia a conoscenza del contenuto e sia tecnicamente possibile e ragionevole per lui impedirne l&#8217;utilizzo in caso di contenuti illegali.<\/p>\n<p>L&#8217;autore dichiara espressamente che al momento della creazione dei link non erano riconoscibili contenuti illegali nelle pagine collegate. L&#8217;autore non ha alcuna influenza sul design, sul contenuto o sulla paternit\u00e0 attuale e futura delle pagine collegate. Pertanto, l&#8217;autore prende espressamente le distanze da tutti i contenuti delle pagine collegate che sono stati modificati dopo la creazione del link. Questa dichiarazione si applica a tutti i link e i riferimenti inseriti nel sito web dell&#8217;autore, nonch\u00e9 alle voci di terzi in guest book, forum di discussione, elenchi di link, mailing list e tutte le altre forme di database creati dall&#8217;autore e al cui contenuto \u00e8 possibile accedere in scrittura esterna.   <\/p>\n<p>Per i contenuti illegali, errati o incompleti e, in particolare, per i danni derivanti dall&#8217;uso o dal mancato uso di tali informazioni, \u00e8 responsabile solo il fornitore della pagina a cui si fa riferimento, non chi si limita a rimandare alla rispettiva pubblicazione tramite link.<\/p>\n<h3>3. leggi sul copyright e sull&#8217;etichettatura<\/h3>\n<p>L&#8217;autore si impegna a rispettare i diritti d&#8217;autore delle immagini, dei grafici, dei documenti sonori, delle sequenze video e dei testi utilizzati in tutte le pubblicazioni, a utilizzare immagini, grafici, documenti sonori, sequenze video e testi creati da lui stesso o a fare uso di grafici, documenti sonori, sequenze video e testi privi di licenza.Tutti i marchi citati sul sito web ed eventualmente protetti da terzi sono soggetti senza limitazioni alle disposizioni della legge sui marchi applicabile e ai diritti di propriet\u00e0 dei rispettivi proprietari registrati. La semplice menzione di un marchio non implica che esso non sia protetto da diritti di terzi. Il copyright per gli oggetti pubblicati creati dall&#8217;autore stesso rimane esclusivamente dell&#8217;autore delle pagine. Qualsiasi duplicazione o utilizzo di oggetti quali diagrammi, suoni o testi in altre pubblicazioni elettroniche o stampate non \u00e8 consentita senza il consenso dell&#8217;autore.<\/p>\n<h3>4. protezione dei dati<\/h3>\n<p>Se viene offerta la possibilit\u00e0 di inserire dati personali o aziendali (indirizzi e-mail, nome, indirizzi), l&#8217;inserimento di tali dati avviene volontariamente. L&#8217;utilizzo e il pagamento di tutti i servizi offerti \u00e8 consentito &#8211; per quanto tecnicamente possibile e ragionevole &#8211; anche senza fornire tali dati o fornendo dati anonimi o uno pseudonimo. Non \u00e8 consentito l&#8217;utilizzo di dati di contatto quali indirizzi postali, numeri di telefono e fax e indirizzi e-mail pubblicati nell&#8217;imprinting o informazioni analoghe da parte di terzi per l&#8217;invio di informazioni non espressamente richieste. Ci riserviamo espressamente il diritto di intraprendere azioni legali contro i mittenti delle cosiddette e-mail di spam in caso di violazione di questo divieto.   <\/p>\n<h3>5 Validit\u00e0 legale del presente disclaimer<\/h3>\n<p>Questa dichiarazione di non responsabilit\u00e0 deve essere considerata come parte integrante della pubblicazione internet da cui sei stato indirizzato. Se alcune sezioni o singoli termini di questa dichiarazione non sono legali o corretti, il contenuto o la validit\u00e0 delle altre parti non sono influenzati da questo fatto. <\/p>\n<\/div><\/div><\/div><div class=\"fusion-layout-column fusion_builder_column fusion-builder-column-2 fusion_builder_column_1_4 1_4 fusion-flex-column\" style=\"--awb-bg-size:cover;--awb-width-large:25%;--awb-margin-top-large:0px;--awb-spacing-right-large:7.68%;--awb-margin-bottom-large:20px;--awb-spacing-left-large:7.68%;--awb-width-medium:25%;--awb-spacing-right-medium:7.68%;--awb-spacing-left-medium:7.68%;--awb-width-small:100%;--awb-spacing-right-small:1.92%;--awb-spacing-left-small:1.92%;\"><div class=\"fusion-column-wrapper fusion-flex-justify-content-flex-start fusion-content-layout-column\"><\/div><\/div><div class=\"fusion-layout-column fusion_builder_column fusion-builder-column-3 fusion_builder_column_1_4 1_4 fusion-flex-column\" style=\"--awb-bg-size:cover;--awb-width-large:25%;--awb-margin-top-large:0px;--awb-spacing-right-large:7.68%;--awb-margin-bottom-large:20px;--awb-spacing-left-large:7.68%;--awb-width-medium:25%;--awb-spacing-right-medium:7.68%;--awb-spacing-left-medium:7.68%;--awb-width-small:100%;--awb-spacing-right-small:1.92%;--awb-spacing-left-small:1.92%;\"><div class=\"fusion-column-wrapper fusion-flex-justify-content-flex-start fusion-content-layout-column\"><\/div><\/div><\/div><\/div>\n","protected":false},"excerpt":{"rendered":"","protected":false},"author":2,"featured_media":0,"parent":0,"menu_order":0,"comment_status":"closed","ping_status":"closed","template":"","meta":{"footnotes":""},"class_list":["post-10134","page","type-page","status-publish","hentry"],"_links":{"self":[{"href":"https:\/\/www.boxerbasis.de\/it\/wp-json\/wp\/v2\/pages\/10134","targetHints":{"allow":["GET"]}}],"collection":[{"href":"https:\/\/www.boxerbasis.de\/it\/wp-json\/wp\/v2\/pages"}],"about":[{"href":"https:\/\/www.boxerbasis.de\/it\/wp-json\/wp\/v2\/types\/page"}],"author":[{"embeddable":true,"href":"https:\/\/www.boxerbasis.de\/it\/wp-json\/wp\/v2\/users\/2"}],"replies":[{"embeddable":true,"href":"https:\/\/www.boxerbasis.de\/it\/wp-json\/wp\/v2\/comments?post=10134"}],"version-history":[{"count":6,"href":"https:\/\/www.boxerbasis.de\/it\/wp-json\/wp\/v2\/pages\/10134\/revisions"}],"predecessor-version":[{"id":15937,"href":"https:\/\/www.boxerbasis.de\/it\/wp-json\/wp\/v2\/pages\/10134\/revisions\/15937"}],"wp:attachment":[{"href":"https:\/\/www.boxerbasis.de\/it\/wp-json\/wp\/v2\/media?parent=10134"}],"curies":[{"name":"wp","href":"https:\/\/api.w.org\/{rel}","templated":true}]}}