{"id":10352,"date":"2017-08-21T13:57:50","date_gmt":"2017-08-21T11:57:50","guid":{"rendered":"https:\/\/www.boxerbasis.de\/protezione-dei-dati\/"},"modified":"2024-12-06T14:31:35","modified_gmt":"2024-12-06T13:31:35","slug":"protezione-dei-dati","status":"publish","type":"page","link":"https:\/\/www.boxerbasis.de\/it\/protezione-dei-dati\/","title":{"rendered":"Protezione dei dati"},"content":{"rendered":"<div class=\"fusion-fullwidth fullwidth-box fusion-builder-row-1 fusion-flex-container hundred-percent-fullwidth non-hundred-percent-height-scrolling\" style=\"--awb-border-radius-top-left:0px;--awb-border-radius-top-right:0px;--awb-border-radius-bottom-right:0px;--awb-border-radius-bottom-left:0px;--awb-background-color:#000000;--awb-flex-wrap:wrap;\" ><div class=\"fusion-builder-row fusion-row fusion-flex-align-items-flex-start fusion-flex-content-wrap\" style=\"width:104% !important;max-width:104% !important;margin-left: calc(-4% \/ 2 );margin-right: calc(-4% \/ 2 );\"><div class=\"fusion-layout-column fusion_builder_column fusion-builder-column-0 fusion_builder_column_1_4 1_4 fusion-flex-column\" style=\"--awb-bg-size:cover;--awb-width-large:25%;--awb-margin-top-large:0px;--awb-spacing-right-large:7.68%;--awb-margin-bottom-large:20px;--awb-spacing-left-large:7.68%;--awb-width-medium:25%;--awb-spacing-right-medium:7.68%;--awb-spacing-left-medium:7.68%;--awb-width-small:100%;--awb-spacing-right-small:1.92%;--awb-spacing-left-small:1.92%;\"><div class=\"fusion-column-wrapper fusion-flex-justify-content-flex-start fusion-content-layout-column\"><\/div><\/div><div class=\"fusion-layout-column fusion_builder_column fusion-builder-column-1 fusion_builder_column_1_2 1_2 fusion-flex-column\" style=\"--awb-bg-size:cover;--awb-width-large:50%;--awb-margin-top-large:0px;--awb-spacing-right-large:3.84%;--awb-margin-bottom-large:20px;--awb-spacing-left-large:3.84%;--awb-width-medium:50%;--awb-spacing-right-medium:3.84%;--awb-spacing-left-medium:3.84%;--awb-width-small:100%;--awb-spacing-right-small:1.92%;--awb-spacing-left-small:1.92%;\"><div class=\"fusion-column-wrapper fusion-flex-justify-content-flex-start fusion-content-layout-column\"><div class=\"fusion-text fusion-text-1\"><h2>Informativa sulla privacy<\/h2>\n<p>Il responsabile del trattamento dei dati \u00e8: Warenwerk GmbH V\u00f6lklinger Platz 3 42285 Wuppertal Telefono 0202 280 14 80 E-mail: info@warenwerk.com Grazie per l&#8217;interesse dimostrato nei confronti del nostro sito web. La protezione della tua privacy \u00e8 molto importante per noi. Di seguito troverai informazioni dettagliate su come gestiamo i tuoi dati.<\/p>\n<p><strong>1. accesso ai dati e all&#8217;hosting<\/strong><\/p>\n<p>Puoi visitare il nostro sito web senza fornire alcuna informazione personale. Ogni volta che si accede a un sito web, il server web salva automaticamente un cosiddetto file di log del server, che contiene, ad esempio, il nome del file richiesto, il tuo indirizzo IP, la data e l&#8217;ora dell&#8217;accesso, la quantit\u00e0 di dati trasferiti e il provider richiedente (dati di accesso) e documenta l&#8217;accesso.Questi dati di accesso vengono analizzati esclusivamente al fine di garantire un funzionamento senza problemi del sito e migliorare la nostra offerta. Ai sensi dell&#8217;art. 6 comma 1 frase 1 lit. f GDPR, ci\u00f2 serve a salvaguardare i nostri legittimi interessi alla corretta presentazione del nostro sito web, che sono prevalenti nel contesto di un bilanciamento di interessi. Tutti i dati di accesso saranno cancellati entro sette giorni dalla fine della visita al nostro sito web.<\/p>\n<p><strong>2. raccolta e utilizzo dei dati per l&#8217;elaborazione del contratto<\/strong><\/p>\n<p>Raccogliamo i dati personali quando ce li fornisci nell&#8217;ambito del tuo ordine o quando ci contatti (ad esempio tramite modulo di contatto o e-mail). I campi obbligatori sono contrassegnati come tali, poich\u00e9 in questi casi abbiamo bisogno dei dati per elaborare il contratto o per elaborare il tuo contatto e non puoi completare l&#8217;ordine o inviare il contatto senza fornirli. I dati raccolti possono essere visualizzati nei rispettivi moduli di inserimento. Utilizziamo i dati da te forniti ai sensi dell&#8217;art. 6 comma 1 frase 1 lit. b GDPR per l&#8217;elaborazione del contratto e per l&#8217;elaborazione delle tue richieste. Dopo la conclusione del contratto, i tuoi dati saranno limitati per l&#8217;ulteriore elaborazione e cancellati dopo la scadenza dei periodi di conservazione previsti dalle leggi fiscali e commerciali, a meno che tu non abbia espressamente acconsentito all&#8217;ulteriore utilizzo dei tuoi dati o ci riserviamo il diritto di utilizzare i dati al di l\u00e0 di quanto consentito dalla legge e di cui ti informiamo in questa dichiarazione. 3. <strong>trasferimento dei dati<\/strong> Per l&#8217;adempimento del contratto ai sensi dell&#8217;art. 6 comma 1 frase 1 lit. b GDPR, trasmettiamo i tuoi dati allo spedizioniere incaricato della consegna, nella misura in cui ci\u00f2 sia necessario per la consegna della merce ordinata. A seconda del fornitore di servizi di pagamento selezionato durante il processo d&#8217;ordine, trasmetteremo i dati di pagamento raccolti per l&#8217;elaborazione dei pagamenti all&#8217;istituto di credito incaricato del pagamento e, se applicabile, al fornitore di servizi di pagamento da noi incaricato o al servizio di pagamento selezionato. In alcuni casi, i fornitori di servizi di pagamento selezionati raccolgono essi stessi questi dati se crei un account presso di loro. In questo caso, dovrai accedere al fornitore di servizi di pagamento con i tuoi dati di accesso durante il processo di ordinazione. A questo proposito, si applica l&#8217;informativa sulla privacy del rispettivo fornitore di servizi di pagamento.      <\/p>\n<p><strong>Google Maps<\/strong><\/p>\n<p>Questo sito web utilizza Google Maps per visualizzare le informazioni geografiche Google Maps \u00e8 gestito da Google LLC, 1600 Amphitheatre Parkway, Mountain View, CA 94043, USA (di seguito: Google). Ci\u00f2 serve a salvaguardare i nostri legittimi interessi, che prevalgono nel contesto di un bilanciamento di interessi, in una presentazione ottimizzata della nostra offerta e in una facile accessibilit\u00e0 delle nostre sedi, in conformit\u00e0 con l&#8217;Art. 6 comma 1 lit. f) GDPR.Quando viene utilizzato Google Maps, Google trasmette ed elabora i dati relativi all&#8217;utilizzo delle funzioni di Maps da parte dei visitatori del sito web, che possono includere in particolare l&#8217;indirizzo IP e i dati relativi alla posizione. Non abbiamo alcuna influenza su questo trattamento dei dati.Google ha ottenuto la certificazione EU-US Privacy Shield. Il certificato aggiornato pu\u00f2 essere consultato qui. Sulla base di questo accordo tra gli Stati Uniti e la Commissione Europea, quest&#8217;ultima ha stabilito un livello adeguato di protezione dei dati per le aziende certificate nell&#8217;ambito del Privacy Shield.Per disattivare il servizio Google Maps e quindi impedire il trasferimento dei dati a Google, devi disattivare la funzione Java Script nel tuo browser. In questo caso, Google Maps non pu\u00f2 essere utilizzato o pu\u00f2 essere utilizzato solo in misura limitata.Ulteriori informazioni sul trattamento dei dati da parte di Google sono disponibili nell&#8217;informativa sulla privacy di Google. Le condizioni di utilizzo di Google Maps contengono informazioni dettagliate sul servizio di mappe.<\/p>\n<p><strong>Google Fonts<\/strong><\/p>\n<p>Il codice script &#8220;Google Fonts&#8221; della societ\u00e0 Google LLC, 1600 Amphitheatre Parkway, Mountain View, CA 94043, USA (di seguito: Google) \u00e8 integrato in questo sito web. Questo serve a salvaguardare i nostri legittimi interessi, che prevalgono nel contesto di un bilanciamento di interessi, in una presentazione uniforme dei contenuti sul nostro sito web in conformit\u00e0 con l&#8217;Art. 6 comma 1 lit. f) GDPR.In questo contesto, viene stabilita una connessione tra il browser che stai utilizzando e i server di Google. Questo informa Google che il nostro sito web \u00e8 stato visitato tramite il tuo indirizzo IP.Google ha ottenuto la certificazione EU-US Privacy Shield. Il certificato aggiornato pu\u00f2 essere consultato qui. Sulla base di questo accordo tra gli Stati Uniti e la Commissione Europea, quest&#8217;ultima ha stabilito un livello adeguato di protezione dei dati per le aziende certificate nell&#8217;ambito del Privacy Shield.Ulteriori informazioni sul trattamento dei dati da parte di Google sono disponibili nell&#8217;informativa sulla privacy di Google.<\/p>\n<p><strong>4. plug-in per i social media<\/strong><\/p>\n<p>Utilizzo dei social plugin di Facebook con la soluzione Shariff. Sul nostro sito web vengono utilizzati i pulsanti sociali dei social network.Questo serve a salvaguardare i nostri legittimi interessi, che prevalgono nel contesto di un bilanciamento di interessi, nella commercializzazione ottimale della nostra offerta in conformit\u00e0 con l&#8217;Art. 6 Para. 1 S. 1 lit. f GDPR. Al fine di aumentare la protezione dei tuoi dati quando visiti il nostro sito web, questi pulsanti non sono completamente integrati nella pagina come plugin, ma solo tramite un link HTML. Questa integrazione garantisce che non venga stabilita alcuna connessione con i server del provider del rispettivo social network quando si accede a una pagina del nostro sito web contenente tali pulsanti.Se clicchi su uno dei pulsanti, si apre una nuova finestra del tuo browser che richiama la pagina del rispettivo fornitore di servizi, dove puoi (se necessario dopo aver inserito i tuoi dati di accesso) ad esempio premere il pulsante Mi piace o Condividi.Lo scopo e l&#8217;ambito della raccolta dei dati, l&#8217;ulteriore elaborazione e l&#8217;utilizzo dei dati da parte dei fornitori sulle loro pagine, nonch\u00e9 un&#8217;opzione di contatto e i tuoi diritti e le opzioni di impostazione a questo proposito per proteggere la tua privacy possono essere trovati nelle informative sulla protezione dei dati dei fornitori. http:\/\/www.facebook.com\/policy.php La nostra presenza online su Facebook, Google La nostra presenza sui social network e sulle piattaforme serve a migliorare la comunicazione attiva con i nostri clienti e le parti interessate. Vi forniamo informazioni sui nostri prodotti e sulle offerte speciali in corso.Quando visiti la nostra presenza online sui social media, i tuoi dati possono essere raccolti e memorizzati automaticamente a scopo di ricerca di mercato e pubblicit\u00e0. Questi dati vengono utilizzati per creare i cosiddetti profili utente utilizzando degli pseudonimi. Questi possono essere utilizzati, ad esempio, per inserire annunci pubblicitari all&#8217;interno e all&#8217;esterno delle piattaforme che presumibilmente corrispondono ai tuoi interessi. A tal fine vengono generalmente installati dei cookie sul tuo dispositivo finale. Il comportamento dei visitatori e gli interessi degli utenti vengono memorizzati in questi cookie. Ci\u00f2 serve, in conformit\u00e0 con l&#8217;art. 6 comma 1 lett. f. GDPR per salvaguardare i nostri legittimi interessi in una presentazione ottimizzata della nostra offerta e una comunicazione efficace con i clienti e le parti interessate, che prevalgono nel contesto di un bilanciamento di interessi. Se gli operatori delle rispettive piattaforme di social media ti chiedono il consenso al trattamento dei dati, ad esempio con l&#8217;aiuto di una casella di controllo, la base giuridica per il trattamento dei dati \u00e8 l&#8217;art. 6 par. 1 lit. a GDPR.Se le suddette piattaforme di social media hanno sede negli Stati Uniti, si applica quanto segue: La Commissione europea ha emesso una decisione di adeguatezza per gli Stati Uniti. Tale decisione si basa sul Privacy Shield UE-USA. Un certificato aggiornato per la rispettiva azienda pu\u00f2 essere visualizzato qui.Per informazioni dettagliate sull&#8217;elaborazione e l&#8217;utilizzo dei dati da parte dei fornitori sui loro siti web, nonch\u00e9 per un&#8217;opzione di contatto e per i tuoi diritti a riguardo e per impostare le opzioni di protezione della tua privacy, in particolare le opzioni di opt-out, ti invitiamo a consultare le informative sulla protezione dei dati dei fornitori linkate di seguito. Se hai ancora bisogno di aiuto a questo proposito, puoi contattarci.<\/p>\n<p>Facebook: https:\/\/www.facebook.com\/about\/privacy\/ Il trattamento dei dati avviene sulla base di un accordo tra corresponsabili ai sensi dell&#8217;art. 26 GDPR, che puoi consultare qui: https:\/\/www.facebook.com\/legal\/terms\/page_controller_addendum Google\/ YouTube: https:\/\/policies.google.com\/privacy Opt-out: Facebook: https:\/\/www.facebook.com\/settings?tab=ads Google\/ YouTube: https:\/\/adssettings.google.com\/authenticated<\/p>\n<p><strong>5. le opzioni di contatto e i tuoi diritti<\/strong><\/p>\n<p>In qualit\u00e0 di interessato, hai i seguenti diritti: &#8211; ai sensi dell&#8217;art. 15 GDPR, il diritto di richiedere informazioni sui tuoi dati personali da noi trattati nella misura ivi specificata; &#8211; ai sensi dell&#8217;art. 16 GDPR, il diritto di richiedere immediatamente la correzione di dati personali errati o incompleti da noi conservati; &#8211; ai sensi dell&#8217;art. 17 GDPR, il diritto di richiedere la cancellazione dei tuoi dati personali da noi conservati, a meno che non sia necessario un ulteriore trattamento 17 GDPR, hai il diritto di richiedere la cancellazione dei tuoi dati personali da noi memorizzati, a meno che non sia necessario un ulteriore trattamento &#8211; per l&#8217;esercizio del diritto alla libert\u00e0 di espressione e di informazione; &#8211; per l&#8217;adempimento di un obbligo legale; &#8211; per motivi di interesse pubblico o &#8211; per l&#8217;accertamento, l&#8217;esercizio o la difesa di pretese legali; &#8211; ai sensi dell&#8217;Art. 18 GDPR, hai il diritto di richiedere la limitazione del trattamento dei tuoi dati personali se: &#8211; contesti l&#8217;esattezza dei dati; &#8211; il trattamento \u00e8 illegittimo ma ti opponi alla cancellazione dei dati; &#8211; non abbiamo pi\u00f9 bisogno dei dati ma li richiedi per l&#8217;accertamento, l&#8217;esercizio o la difesa di pretese legali; oppure &#8211; ti sei opposto al trattamento ai sensi dell&#8217;Art. 21 GDPR; &#8211; ai sensi dell&#8217;art. 20 GDPR, il diritto di ricevere i tuoi dati personali che ci hai fornito in un formato strutturato, di uso comune e leggibile da dispositivo automatico o di richiederne la trasmissione a un altro titolare del trattamento; &#8211; ai sensi dell&#8217;art. 77 GDPR, il diritto di proporre reclamo a un&#8217;autorit\u00e0 di controllo. Di norma, puoi rivolgerti all&#8217;autorit\u00e0 di controllo del tuo luogo abituale di residenza o di lavoro o alla sede della nostra societ\u00e0. Per qualsiasi domanda relativa alla raccolta, all&#8217;elaborazione o all&#8217;utilizzo dei tuoi dati personali, alle informazioni, alla correzione, alla limitazione o alla cancellazione dei dati, nonch\u00e9 alla revoca dei consensi concessi o all&#8217;opposizione a un uso specifico dei dati, ti invitiamo a contattarci direttamente utilizzando i dettagli di contatto riportati nella nostra nota legale.<\/p>\n<p><strong>Diritto di obiezione<\/strong><\/p>\n<p>Se trattiamo i dati personali come spiegato sopra per salvaguardare i nostri legittimi interessi, che sono prevalenti nel contesto di un bilanciamento di interessi, puoi opporti a questo trattamento con effetto per il futuro. Se il trattamento viene effettuato per finalit\u00e0 di marketing diretto, puoi esercitare questo diritto in qualsiasi momento come descritto sopra. Se il trattamento viene effettuato per altre finalit\u00e0, hai il diritto di opporti solo se sussistono motivi legati alla tua situazione particolare.Dopo aver esercitato il tuo diritto di opposizione, non tratteremo pi\u00f9 i tuoi dati personali per queste finalit\u00e0, a meno che non possiamo dimostrare l&#8217;esistenza di motivi legittimi impellenti per il trattamento che prevalgono sui tuoi interessi, diritti e libert\u00e0, o se il trattamento serve per stabilire, esercitare o difendere rivendicazioni legali.Ci\u00f2 non si applica se il trattamento avviene per finalit\u00e0 di marketing diretto. In questo caso, non tratteremo pi\u00f9 i tuoi dati personali per questo scopo. Informativa sulla privacy creata con l&#8217;editor di testi legali Trusted Shops in collaborazione con Wilde Beuger Solmecke Rechtsanw\u00e4lte.<\/p>\n<\/div><\/div><\/div><div class=\"fusion-layout-column fusion_builder_column fusion-builder-column-2 fusion_builder_column_1_4 1_4 fusion-flex-column\" style=\"--awb-bg-size:cover;--awb-width-large:25%;--awb-margin-top-large:0px;--awb-spacing-right-large:7.68%;--awb-margin-bottom-large:20px;--awb-spacing-left-large:7.68%;--awb-width-medium:25%;--awb-spacing-right-medium:7.68%;--awb-spacing-left-medium:7.68%;--awb-width-small:100%;--awb-spacing-right-small:1.92%;--awb-spacing-left-small:1.92%;\"><div class=\"fusion-column-wrapper fusion-flex-justify-content-flex-start fusion-content-layout-column\"><\/div><\/div><\/div><\/div>\n","protected":false},"excerpt":{"rendered":"","protected":false},"author":2,"featured_media":0,"parent":0,"menu_order":0,"comment_status":"closed","ping_status":"closed","template":"","meta":{"footnotes":""},"class_list":["post-10352","page","type-page","status-publish","hentry"],"_links":{"self":[{"href":"https:\/\/www.boxerbasis.de\/it\/wp-json\/wp\/v2\/pages\/10352","targetHints":{"allow":["GET"]}}],"collection":[{"href":"https:\/\/www.boxerbasis.de\/it\/wp-json\/wp\/v2\/pages"}],"about":[{"href":"https:\/\/www.boxerbasis.de\/it\/wp-json\/wp\/v2\/types\/page"}],"author":[{"embeddable":true,"href":"https:\/\/www.boxerbasis.de\/it\/wp-json\/wp\/v2\/users\/2"}],"replies":[{"embeddable":true,"href":"https:\/\/www.boxerbasis.de\/it\/wp-json\/wp\/v2\/comments?post=10352"}],"version-history":[{"count":2,"href":"https:\/\/www.boxerbasis.de\/it\/wp-json\/wp\/v2\/pages\/10352\/revisions"}],"predecessor-version":[{"id":10354,"href":"https:\/\/www.boxerbasis.de\/it\/wp-json\/wp\/v2\/pages\/10352\/revisions\/10354"}],"wp:attachment":[{"href":"https:\/\/www.boxerbasis.de\/it\/wp-json\/wp\/v2\/media?parent=10352"}],"curies":[{"name":"wp","href":"https:\/\/api.w.org\/{rel}","templated":true}]}}