{"id":10009,"date":"2021-01-15T16:00:44","date_gmt":"2021-01-15T15:00:44","guid":{"rendered":"https:\/\/www.boxerbasis.de\/produkt\/bmw-r-80-g-s-2\/"},"modified":"2025-11-17T15:18:54","modified_gmt":"2025-11-17T14:18:54","slug":"bmw-r-80-g-s-2","status":"publish","type":"product","link":"https:\/\/www.boxerbasis.de\/it\/produkt\/bmw-r-80-g-s-2\/","title":{"rendered":"BMW R 80 G\/S"},"content":{"rendered":"<p>Questa G\/S \u00e8 completamente originale e presenta tutte le caratteristiche speciali della prima serie. Un sedile nero originale, proveniente dalla seconda serie, \u00e8 stato montato successivamente. La G\/S ha lasciato la fabbrica nel dicembre 1980, \u00e8 stata consegnata direttamente al concessionario Gabrysiak di Salzgitter nel dicembre 1980 ed \u00e8 stata immatricolata per la prima volta nell&#8217;agosto 1982. Una G\/S molto precoce del primo anno di produzione!<br \/>\nA parte un tubo dei freni in acciaio flessibile e un sistema di abbassamento Magura, non ci sono ulteriori registrazioni. Il motore e il telaio sono ovviamente matching numbers. Il tachimetro \u00e8 stato sostituito nel 2004 a 48.000 e ora segna 13.000 chilometri.  <\/p>\n<p>Il serbatoio e i parafanghi sono ancora nella loro vernice originale, solo le coperture laterali sono state riverniciate a causa del classico sfaldamento della vernice. Tuttavia, sono ancora le parti originali con la targa del 1980. <\/p>\n<p>La macchina \u00e8 in buone condizioni originali ed \u00e8 esente da incidenti, non sono state installate parti di carrozzeria ricostruite. Il silenziatore di scarico \u00e8 originale, non saldato e in ottime condizioni. Naturalmente sono inclusi gli attrezzi di bordo e la pompa dell&#8217;aria originale.  <\/p>\n<p>Il motore si avvia in modo pulito e volenteroso e funziona bene senza alcun problema. Il cambio si muove bene, i freni si fermano.L&#8217;impianto elettrico funziona perfettamente.<\/p>\n<p>Una G\/S del 1980 e in rare condizioni originali con storia e chilometraggio tracciabili!<\/p>\n<p><strong>Prezzo su richiesta.<\/strong><\/p>\n<p><a href=\"https:\/\/www.boxerbasis.de\/hersteller-bmw-motorrad\/\" target=\"_blank\" rel=\"noopener\">Nota sulla sicurezza del prodotto<\/a><\/p>\n<p><strong> <\/strong><\/p>\n","protected":false},"excerpt":{"rendered":"<p>Vernice originale. Fabbricazione: 12\/1980. prima immatricolazione: 08\/1982. 61.000 km.    Prezzo su richiesta.<\/p>\n","protected":false},"featured_media":5578,"comment_status":"closed","ping_status":"closed","template":"","meta":[],"product_brand":[],"product_cat":[628],"product_tag":[],"class_list":{"0":"post-10009","1":"product","2":"type-product","3":"status-publish","4":"has-post-thumbnail","6":"product_cat-moto-it","7":"product_shipping_class-moto","9":"first","10":"instock","11":"sold-individually","12":"product-type-simple"},"_links":{"self":[{"href":"https:\/\/www.boxerbasis.de\/it\/wp-json\/wp\/v2\/product\/10009","targetHints":{"allow":["GET"]}}],"collection":[{"href":"https:\/\/www.boxerbasis.de\/it\/wp-json\/wp\/v2\/product"}],"about":[{"href":"https:\/\/www.boxerbasis.de\/it\/wp-json\/wp\/v2\/types\/product"}],"replies":[{"embeddable":true,"href":"https:\/\/www.boxerbasis.de\/it\/wp-json\/wp\/v2\/comments?post=10009"}],"wp:featuredmedia":[{"embeddable":true,"href":"https:\/\/www.boxerbasis.de\/it\/wp-json\/wp\/v2\/media\/5578"}],"wp:attachment":[{"href":"https:\/\/www.boxerbasis.de\/it\/wp-json\/wp\/v2\/media?parent=10009"}],"wp:term":[{"taxonomy":"product_brand","embeddable":true,"href":"https:\/\/www.boxerbasis.de\/it\/wp-json\/wp\/v2\/product_brand?post=10009"},{"taxonomy":"product_cat","embeddable":true,"href":"https:\/\/www.boxerbasis.de\/it\/wp-json\/wp\/v2\/product_cat?post=10009"},{"taxonomy":"product_tag","embeddable":true,"href":"https:\/\/www.boxerbasis.de\/it\/wp-json\/wp\/v2\/product_tag?post=10009"}],"curies":[{"name":"wp","href":"https:\/\/api.w.org\/{rel}","templated":true}]}}