{"id":10010,"date":"2021-01-11T15:35:44","date_gmt":"2021-01-11T14:35:44","guid":{"rendered":"https:\/\/www.boxerbasis.de\/produkt\/bmw-r-80-st-2\/"},"modified":"2021-01-11T15:35:44","modified_gmt":"2021-01-11T14:35:44","slug":"bmw-r-80-st-2","status":"publish","type":"product","link":"https:\/\/www.boxerbasis.de\/it\/produkt\/bmw-r-80-st-2\/","title":{"rendered":"BMW R 80 ST"},"content":{"rendered":"<p><strong>VERKAUFT &#8211; VENDUTO &#8211; VENDU &#8211; VENDUTA &#8211; VERKOCHT<br \/>\n<\/strong><\/p>\n<p>Elegante R80 ST in condizioni originali ben mantenute Questa ST qui offerta \u00e8 ancora nelle sue condizioni originali e ha ancora la sua vernice originale. Il motore e il telaio sono ovviamente matching numbers. Dopo che BMW lanci\u00f2 la G\/S sul mercato nel 1980 e fu votata come la &#8220;migliore macchina da strada che BMW abbia mai costruito&#8221; dal giornale &#8220;Das Motorrad&#8221;, BMW present\u00f2 la R80 ST come versione stradale della 80 G\/S per l&#8217;anno modello 1982. Furono costruite solo 5963 unit\u00e0 della 80ST, molte delle quali furono convertite in modelli G\/S nel corso del tempo. Questo rende ancora pi\u00f9 difficile trovare oggi una ST completamente originale. Il chilometraggio \u00e8 di soli 36.000 chilometri, documentati in un registro e rintracciabili attraverso i vecchi rapporti di revisione. Il tachimetro \u00e8 stato revisionato e azzerato a 34.000 chilometri da un&#8217;officina specializzata. Tutti gli interventi di manutenzione pi\u00f9 importanti sono stati eseguiti con regolarit\u00e0 e attenzione. La ST ha lasciato la fabbrica nel gennaio 1983 ed \u00e8 stata immatricolata per la prima volta nel maggio 1985. L&#8217;ultimo proprietario ha acquistato la macchina con 5000 chilometri all&#8217;attivo! La macchina \u00e8 in buone condizioni originali e pronta per essere guidata. Anche lo scarico \u00e8 originale, non saldato e in ottime condizioni. Naturalmente sono inclusi il libretto di circolazione, il libretto supplementare ST, gli attrezzi di bordo e la pompa dell&#8217;aria originale. Il motore si avvia in modo pulito e volenteroso e funziona bene senza alcun problema. Il cambio \u00e8 ben rodato, i freni si fermano.L&#8217;impianto elettrico funziona perfettamente.<\/p>\n","protected":false},"excerpt":{"rendered":"<p>SOLD &#8211; SOLD &#8211; VENDU &#8211; VENDUTA &#8211; SOLD Modello: R 80 ST Colore: rosso-metallico originale (541) Data di fabbricazione: 1\/1983 Prima immatricolazione: 5\/1985 Chilometraggio: 36.000 Venduta con 1 anno di garanzia MOT nuova in vendita Tassazione differenziale secondo \u00a7 25a UStG &#8211; L&#8217;IVA non pu\u00f2 essere indicata.<\/p>\n","protected":false},"featured_media":6001,"comment_status":"closed","ping_status":"closed","template":"","meta":[],"product_brand":[],"product_cat":[445],"product_tag":[],"class_list":{"0":"post-10010","1":"product","2":"type-product","3":"status-publish","4":"has-post-thumbnail","6":"product_cat-venduta","8":"first","9":"instock","10":"product-type-simple"},"_links":{"self":[{"href":"https:\/\/www.boxerbasis.de\/it\/wp-json\/wp\/v2\/product\/10010","targetHints":{"allow":["GET"]}}],"collection":[{"href":"https:\/\/www.boxerbasis.de\/it\/wp-json\/wp\/v2\/product"}],"about":[{"href":"https:\/\/www.boxerbasis.de\/it\/wp-json\/wp\/v2\/types\/product"}],"replies":[{"embeddable":true,"href":"https:\/\/www.boxerbasis.de\/it\/wp-json\/wp\/v2\/comments?post=10010"}],"wp:featuredmedia":[{"embeddable":true,"href":"https:\/\/www.boxerbasis.de\/it\/wp-json\/wp\/v2\/media\/6001"}],"wp:attachment":[{"href":"https:\/\/www.boxerbasis.de\/it\/wp-json\/wp\/v2\/media?parent=10010"}],"wp:term":[{"taxonomy":"product_brand","embeddable":true,"href":"https:\/\/www.boxerbasis.de\/it\/wp-json\/wp\/v2\/product_brand?post=10010"},{"taxonomy":"product_cat","embeddable":true,"href":"https:\/\/www.boxerbasis.de\/it\/wp-json\/wp\/v2\/product_cat?post=10010"},{"taxonomy":"product_tag","embeddable":true,"href":"https:\/\/www.boxerbasis.de\/it\/wp-json\/wp\/v2\/product_tag?post=10010"}],"curies":[{"name":"wp","href":"https:\/\/api.w.org\/{rel}","templated":true}]}}