{"id":10011,"date":"2018-09-28T11:58:17","date_gmt":"2018-09-28T09:58:17","guid":{"rendered":"https:\/\/www.boxerbasis.de\/produkt\/bmw-r-100-gs-parigi-dakar\/"},"modified":"2018-09-28T11:58:17","modified_gmt":"2018-09-28T09:58:17","slug":"bmw-r-100-gs-parigi-dakar","status":"publish","type":"product","link":"https:\/\/www.boxerbasis.de\/it\/produkt\/bmw-r-100-gs-parigi-dakar\/","title":{"rendered":"BMW R 100 GS Parigi-Dakar"},"content":{"rendered":"<h2>Modello prima serie &#8211; veicolo n. 86 &#8211; condizioni originali<\/h2>\n<p><strong>VENDUTO!<\/strong><\/p>\n<p>Equipaggiamento: condizioni di serie assolute, nessun componente aggiuntivo o modifica<strong>Condizione:<\/strong> ottime condizioni originali, prima vernice, condizioni da collezione. Motore originale, i dati di produzione del motore e del telaio corrispondono. Prima lettera &#8211; storia quindi completamente rintracciabile.<br \/>\nC <strong>aratteristiche speciali:<\/strong> Si tratta dell&#8217;86\u00b0 esemplare costruito e quindi di una delle prime 100 GS Paris Dakar! Notevoli condizioni originali.<br \/>\nI <strong>nformazioni sulla moto:<\/strong> primissima serie della R100GS Paris Dakar con i bellissimi dettagli della prima serie come il cockpit con orologio e piccolo contagiri, la griglia del faro in metallo, il punto di iniezione per il tappo dell&#8217;olio sul forcellone ecc. La PD \u00e8 completamente originale fino all&#8217;ultimo dettaglio ed \u00e8 una vera rarit\u00e0 in queste condizioni. Non sono visibili tracce di utilizzo in fuoristrada. Non ci sono parti di ricambio o nuove a parte il materiale di usura. La GS viene venduta con la sella originale doppia e singola. Una R 100 GS Paris Dakar cos\u00ec giovane e in queste condizioni \u00e8 un vero gioiello e un oggetto da collezione.<\/p>\n","protected":false},"excerpt":{"rendered":"<p><strong>VERKAUFT &#8211; VENDUTO &#8211; VENDU &#8211; VERKOCHT<\/strong><\/p>\n<p>Costruttore: BMW Modello: R 100 GS Paris Dakar Colore: Rosso-Bianco originale Data di fabbricazione: 3\/1989 Prima immatricolazione: 29.4.1989 Chilometraggio: 58.200 MOT: nuovo all&#8217;acquisto Numero di proprietari: 4, prima immatricolazione al concessionario (2 giorni). Ultimo proprietario dal 1996 <\/p>\n","protected":false},"featured_media":5245,"comment_status":"closed","ping_status":"closed","template":"","meta":[],"product_brand":[],"product_cat":[445],"product_tag":[],"class_list":{"0":"post-10011","1":"product","2":"type-product","3":"status-publish","4":"has-post-thumbnail","6":"product_cat-venduta","8":"first","9":"instock","10":"product-type-simple"},"_links":{"self":[{"href":"https:\/\/www.boxerbasis.de\/it\/wp-json\/wp\/v2\/product\/10011","targetHints":{"allow":["GET"]}}],"collection":[{"href":"https:\/\/www.boxerbasis.de\/it\/wp-json\/wp\/v2\/product"}],"about":[{"href":"https:\/\/www.boxerbasis.de\/it\/wp-json\/wp\/v2\/types\/product"}],"replies":[{"embeddable":true,"href":"https:\/\/www.boxerbasis.de\/it\/wp-json\/wp\/v2\/comments?post=10011"}],"wp:featuredmedia":[{"embeddable":true,"href":"https:\/\/www.boxerbasis.de\/it\/wp-json\/wp\/v2\/media\/5245"}],"wp:attachment":[{"href":"https:\/\/www.boxerbasis.de\/it\/wp-json\/wp\/v2\/media?parent=10011"}],"wp:term":[{"taxonomy":"product_brand","embeddable":true,"href":"https:\/\/www.boxerbasis.de\/it\/wp-json\/wp\/v2\/product_brand?post=10011"},{"taxonomy":"product_cat","embeddable":true,"href":"https:\/\/www.boxerbasis.de\/it\/wp-json\/wp\/v2\/product_cat?post=10011"},{"taxonomy":"product_tag","embeddable":true,"href":"https:\/\/www.boxerbasis.de\/it\/wp-json\/wp\/v2\/product_tag?post=10011"}],"curies":[{"name":"wp","href":"https:\/\/api.w.org\/{rel}","templated":true}]}}