{"id":10015,"date":"2018-09-28T16:30:22","date_gmt":"2018-09-28T14:30:22","guid":{"rendered":"https:\/\/www.boxerbasis.de\/produkt\/demm-4-g-40-di-rex-gildo\/"},"modified":"2025-11-17T15:19:56","modified_gmt":"2025-11-17T14:19:56","slug":"demm-4-g-40-di-rex-gildo","status":"publish","type":"product","link":"https:\/\/www.boxerbasis.de\/it\/produkt\/demm-4-g-40-di-rex-gildo\/","title":{"rendered":"Demm 4 G-40 di Rex Gildo"},"content":{"rendered":"<p>\u00c8 arrugginito. Non \u00e8 particolarmente bella. Ma si guida. Ed \u00e8, Hossa, il motorino di Rex Gildo.   <\/p>\n<p>La licenza d&#8217;uso riporta l&#8217;icona della musica pop tedesca &#8211; nome civile Ludwig Franz Hirtreiter (1936-1999) &#8211; con il suo indirizzo di Monaco di Baviera in Ottostrasse 23 e il suo nome d&#8217;arte Rex Gildo. Stiamo aggiungendo alcuni pezzi di ricambio e siamo felici di vendere ai fan sfegatati di Rex Gildo. Venduta come auto per hobby senza garanzia!  <\/p>\n<p><strong>Prezzo su richiesta.<\/strong><\/p>\n<p><a href=\"https:\/\/www.boxerbasis.de\/hersteller-bmw-motorrad\/\" target=\"_blank\" rel=\"noopener\">Nota sulla sicurezza del prodotto<\/a><\/p>\n","protected":false},"excerpt":{"rendered":"<p>Hossa: Vorhalter \u00e8 il vero e unico Rex Gildo. Prezzo su richiesta.<\/p>\n","protected":false},"featured_media":8431,"comment_status":"closed","ping_status":"closed","template":"","meta":[],"product_brand":[],"product_cat":[628],"product_tag":[],"class_list":{"0":"post-10015","1":"product","2":"type-product","3":"status-publish","4":"has-post-thumbnail","6":"product_cat-moto-it","7":"product_shipping_class-moto","9":"first","10":"instock","11":"sold-individually","12":"product-type-simple"},"_links":{"self":[{"href":"https:\/\/www.boxerbasis.de\/it\/wp-json\/wp\/v2\/product\/10015","targetHints":{"allow":["GET"]}}],"collection":[{"href":"https:\/\/www.boxerbasis.de\/it\/wp-json\/wp\/v2\/product"}],"about":[{"href":"https:\/\/www.boxerbasis.de\/it\/wp-json\/wp\/v2\/types\/product"}],"replies":[{"embeddable":true,"href":"https:\/\/www.boxerbasis.de\/it\/wp-json\/wp\/v2\/comments?post=10015"}],"wp:featuredmedia":[{"embeddable":true,"href":"https:\/\/www.boxerbasis.de\/it\/wp-json\/wp\/v2\/media\/8431"}],"wp:attachment":[{"href":"https:\/\/www.boxerbasis.de\/it\/wp-json\/wp\/v2\/media?parent=10015"}],"wp:term":[{"taxonomy":"product_brand","embeddable":true,"href":"https:\/\/www.boxerbasis.de\/it\/wp-json\/wp\/v2\/product_brand?post=10015"},{"taxonomy":"product_cat","embeddable":true,"href":"https:\/\/www.boxerbasis.de\/it\/wp-json\/wp\/v2\/product_cat?post=10015"},{"taxonomy":"product_tag","embeddable":true,"href":"https:\/\/www.boxerbasis.de\/it\/wp-json\/wp\/v2\/product_tag?post=10015"}],"curies":[{"name":"wp","href":"https:\/\/api.w.org\/{rel}","templated":true}]}}