{"id":10035,"date":"2018-09-27T12:09:18","date_gmt":"2018-09-27T10:09:18","guid":{"rendered":"https:\/\/www.boxerbasis.de\/produkt\/bmw-r-100-t\/"},"modified":"2018-09-27T12:09:18","modified_gmt":"2018-09-27T10:09:18","slug":"bmw-r-100-t","status":"publish","type":"product","link":"https:\/\/www.boxerbasis.de\/it\/produkt\/bmw-r-100-t\/","title":{"rendered":"BMW R 100 T"},"content":{"rendered":"<p><strong>VENDUTO<\/strong><\/p>\n<p><strong><br \/>\n<\/strong><br \/>\nC <strong>ondizioni:<\/strong>Adatta all&#8217;uso quotidiano e ben tenuta, con molte parti nuove <strong> <strong>Caratteristiche speciali:<\/strong> Motore e telaio con numero di telaio corrispondente. Uno dei 5600 R 100 T. Dal punto di vista tecnico, la 100 T \u00e8 rimasta invariata e pu\u00f2 essere completamente riportata alle sue condizioni originali. Nulla \u00e8 stato saldato o tagliato durante la conversione. Sono incluse alcune parti originali.<br \/>\nI <strong>nformazioni sulla macchina:<\/strong> prima consegna tedesca. Venduta nei Paesi Bassi dal primo proprietario nel 1993. L\u00ec la BMW \u00e8 stata ampiamente revisionata presso BMW de Jong e poi guidata per 20 chilometri. A causa della malattia del proprietario, \u00e8 stata cancellata dalla circolazione e conservata professionalmente. Torn\u00f2 in Germania nel 2015. In seguito ci sono stati altri due proprietari e la BMW \u00e8 stata trasformata in una scrambler, sempre tenendo conto della possibilit\u00e0 di riportarla alle condizioni originali. Il motore funziona senza problemi, il cambio \u00e8 pulito e tutto funziona come dovrebbe. I pneumatici devono essere sostituiti a causa dell&#8217;et\u00e0. Un&#8217;ottima scrambler vecchio stile: semplice, pura, senza fronzoli.<\/strong><\/p>\n","protected":false},"excerpt":{"rendered":"<p>VENDITA &#8211; VENDITA &#8211; VENDITA &#8211; VENDITA Costruttore: BMW Modello: R 100 T Colore: Argento fumo, non originale Data di fabbricazione: 11\/1978 Prima immatricolazione: 7.11.1979 Chilometraggio: circa 85. 000 &#8211; Il tachimetro \u00e8 stato sostituito con un pezzo nuovo.<\/p>\n<p>000 &#8211; Il tachimetro \u00e8 stato sostituito dal precedente proprietario con un pezzo nuovo. T\u00dcV: nuovo al momento della vendita Numero di staffe: 3 Equipaggiamento: scarico Keihan in acciaio inox, avviamento Valeo, tubo freno flessibile in acciaio, parafanghi in alluminio.<\/p>\n","protected":false},"featured_media":6421,"comment_status":"closed","ping_status":"closed","template":"","meta":[],"product_brand":[],"product_cat":[445],"product_tag":[],"class_list":{"0":"post-10035","1":"product","2":"type-product","3":"status-publish","4":"has-post-thumbnail","6":"product_cat-venduta","8":"first","9":"instock","10":"product-type-simple"},"_links":{"self":[{"href":"https:\/\/www.boxerbasis.de\/it\/wp-json\/wp\/v2\/product\/10035","targetHints":{"allow":["GET"]}}],"collection":[{"href":"https:\/\/www.boxerbasis.de\/it\/wp-json\/wp\/v2\/product"}],"about":[{"href":"https:\/\/www.boxerbasis.de\/it\/wp-json\/wp\/v2\/types\/product"}],"replies":[{"embeddable":true,"href":"https:\/\/www.boxerbasis.de\/it\/wp-json\/wp\/v2\/comments?post=10035"}],"wp:featuredmedia":[{"embeddable":true,"href":"https:\/\/www.boxerbasis.de\/it\/wp-json\/wp\/v2\/media\/6421"}],"wp:attachment":[{"href":"https:\/\/www.boxerbasis.de\/it\/wp-json\/wp\/v2\/media?parent=10035"}],"wp:term":[{"taxonomy":"product_brand","embeddable":true,"href":"https:\/\/www.boxerbasis.de\/it\/wp-json\/wp\/v2\/product_brand?post=10035"},{"taxonomy":"product_cat","embeddable":true,"href":"https:\/\/www.boxerbasis.de\/it\/wp-json\/wp\/v2\/product_cat?post=10035"},{"taxonomy":"product_tag","embeddable":true,"href":"https:\/\/www.boxerbasis.de\/it\/wp-json\/wp\/v2\/product_tag?post=10035"}],"curies":[{"name":"wp","href":"https:\/\/api.w.org\/{rel}","templated":true}]}}