{"id":10038,"date":"2018-09-27T12:10:12","date_gmt":"2018-09-27T10:10:12","guid":{"rendered":"https:\/\/www.boxerbasis.de\/produkt\/bmw-r-100-s-scherb\/"},"modified":"2025-11-17T15:21:00","modified_gmt":"2025-11-17T14:21:00","slug":"bmw-r-100-s-scherb","status":"publish","type":"product","link":"https:\/\/www.boxerbasis.de\/it\/produkt\/bmw-r-100-s-scherb\/","title":{"rendered":"BMW R 100 S Scherb"},"content":{"rendered":"<h2>28.000 km originali &#8211; prima mano &#8211; conversione per gare di affidabilit\u00e0 &#8211; serbatoio da corsa in alluminio, canali lucidati, pedane Scherb, Kr\u00f6ber DZM ecc.<\/h2>\n<p><strong>Equipaggiamento:<\/strong><br \/>\nConversione contemporanea per ZUVI racing<\/p>\n<p><strong>Condizioni:<br \/>\n<\/strong>Ottime condizioni, con patente stradale. Gli pneumatici devono essere sostituiti. <\/p>\n<p><strong>Caratteristiche speciali:<\/strong><br \/>\nMotore e telaio con numeri corrispondenti.<br \/>\nConversione a macchina ZUVI con parti di pregio:<br \/>\n&#8211; Pedane Scherb,<br \/>\n&#8211; Carenatura Scherb<br \/>\n&#8211; Manubrio a stub<br \/>\n&#8211; Contagiri Kr\u00f6ber<br \/>\n&#8211; Anello intermedio Briel con tubi di raffreddamento<br \/>\n&#8211; Gobba da corsa Scherb<br \/>\n&#8211; Ottimizzazione del motore e del telaio<br \/>\n&#8211; Serbatoio da corsa in alluminio<\/p>\n<p><strong>Informazioni sulla macchina:<\/strong><br \/>\nQuesta macchina \u00e8 un pezzo speciale con una storia interessante e componenti pregiati. Nel 1979, la BMW \u00e8 stata ricostruita dal proprietario con grande sensibilit\u00e0 e competenza. Era destinata a partecipare a gare di affidabilit\u00e0. A questo scopo, la macchina \u00e8 stata smontata subito dopo l&#8217;acquisto e poi &#8211; dopo aver ottimizzato i singoli componenti &#8211; riassemblata. Ad esempio, sono stati lucidati i canali, ottimizzato il sistema di raffreddamento dell&#8217;olio e revisionati i carburatori. Anche il telaio \u00e8 stato ottimizzato. Furono montati ammortizzatori posteriori con airbag. All&#8217;epoca erano inimmaginabilmente costosi, ma purtroppo dovettero essere sostituiti a causa di perdite.       <\/p>\n<p>Un altro punto di forza della scena delle corse dell&#8217;epoca era l&#8217;ottimizzazione del telaio mediante l&#8217;installazione di condensatori a film MKC su gruppi selezionati. All&#8217;epoca i pareri erano discordanti. Alcuni la definivano un&#8217;assurdit\u00e0, altri una vera e propria cura miracolosa. Il proprietario di questa macchina sperimentava in questo campo, un tempo nuovo, ed era anche molto conosciuto nel mondo delle corse. Molti dei componenti sono identici a quelli utilizzati da Helmut D\u00e4hne nella costruzione della sua macchina da corsa per l&#8217;Isola di Man.    <\/p>\n<p>Una grave malattia precoce ha impedito al proprietario di partecipare alla gara. La moto \u00e8 stata quindi conservata in modo professionale senza aver partecipato a una gara ed \u00e8 stata riscaldata e rimessa a posto una volta all&#8217;anno da un vicino di casa nelle stradine di campagna limitrofe. Dopo la morte del proprietario, la vedova continu\u00f2 questo rituale. In questo modo, i danni al cavalletto venivano evitati in modo professionale. Dopo aver rimosso le cere e gli oli anticorrosivi, lo Scherb torna a splendere in una condizione attraente.    <\/p>\n<p>Una conversione contemporanea bellissima e tecnicamente sofisticata, come raramente se ne vedono.<\/p>\n<p><strong>Prezzo su richiesta.<\/strong><\/p>\n<p><a href=\"https:\/\/www.boxerbasis.de\/hersteller-bmw-motorrad\/\" target=\"_blank\" rel=\"noopener\">Nota sulla sicurezza del prodotto<\/a><\/p>\n","protected":false},"excerpt":{"rendered":"<p>Rosso lava metallizzato. Prodotta il 06\/1978. Prima immatricolazione 8\/1979. 28.000 km. Prima propriet\u00e0.     Prezzo su richiesta.<\/p>\n","protected":false},"featured_media":4753,"comment_status":"closed","ping_status":"closed","template":"","meta":[],"product_brand":[],"product_cat":[628],"product_tag":[],"class_list":{"0":"post-10038","1":"product","2":"type-product","3":"status-publish","4":"has-post-thumbnail","6":"product_cat-moto-it","7":"product_shipping_class-moto","9":"first","10":"instock","11":"sold-individually","12":"product-type-simple"},"_links":{"self":[{"href":"https:\/\/www.boxerbasis.de\/it\/wp-json\/wp\/v2\/product\/10038","targetHints":{"allow":["GET"]}}],"collection":[{"href":"https:\/\/www.boxerbasis.de\/it\/wp-json\/wp\/v2\/product"}],"about":[{"href":"https:\/\/www.boxerbasis.de\/it\/wp-json\/wp\/v2\/types\/product"}],"replies":[{"embeddable":true,"href":"https:\/\/www.boxerbasis.de\/it\/wp-json\/wp\/v2\/comments?post=10038"}],"wp:featuredmedia":[{"embeddable":true,"href":"https:\/\/www.boxerbasis.de\/it\/wp-json\/wp\/v2\/media\/4753"}],"wp:attachment":[{"href":"https:\/\/www.boxerbasis.de\/it\/wp-json\/wp\/v2\/media?parent=10038"}],"wp:term":[{"taxonomy":"product_brand","embeddable":true,"href":"https:\/\/www.boxerbasis.de\/it\/wp-json\/wp\/v2\/product_brand?post=10038"},{"taxonomy":"product_cat","embeddable":true,"href":"https:\/\/www.boxerbasis.de\/it\/wp-json\/wp\/v2\/product_cat?post=10038"},{"taxonomy":"product_tag","embeddable":true,"href":"https:\/\/www.boxerbasis.de\/it\/wp-json\/wp\/v2\/product_tag?post=10038"}],"curies":[{"name":"wp","href":"https:\/\/api.w.org\/{rel}","templated":true}]}}