{"id":10041,"date":"2018-09-27T12:09:37","date_gmt":"2018-09-27T10:09:37","guid":{"rendered":"https:\/\/www.boxerbasis.de\/produkt\/bmw-r-80-g-s-parigi-dakar-4\/"},"modified":"2018-09-27T12:09:37","modified_gmt":"2018-09-27T10:09:37","slug":"bmw-r-80-g-s-parigi-dakar-4","status":"publish","type":"product","link":"https:\/\/www.boxerbasis.de\/it\/produkt\/bmw-r-80-g-s-parigi-dakar-4\/","title":{"rendered":"BMW R 80 G\/S Parigi-Dakar"},"content":{"rendered":"<p><strong>VERKAUFT &#8211; VENDUTO &#8211; VENDU &#8211; VENDUTA &#8211; VERKOCHT!<br \/>\n<\/strong><\/p>\n<p>C<strong>ondizioni:<\/strong> Originale Paris Dakar ex works, conferma da parte di BMW disponibile. Motore originale; i dati di produzione del telaio e della struttura corrispondono. Le parti verniciate hanno la vernice originale. Non sono state installate parti di ricambio.<br \/>\nC <strong>aratteristiche speciali:<\/strong> Questa R80 G\/S \u00e8 stata consegnata al concessionario solo nel 1988.<br \/>\nAlcune piccole parti dei modelli GS costruiti a partire dal 1987 (specchietti, bobina di accensione, pedane) sono state probabilmente montate ex fabbrica su questa G\/S; tuttavia, se lo si desidera, queste parti possono essere facilmente convertite alle versioni precedenti.<br \/>\nI <strong>nformazioni sulla moto:<\/strong> Ovviamente non \u00e8 mai stata guidata in fuoristrada e mostra solo lievi segni di usura per la sua et\u00e0. Tutto funziona come dovrebbe. Non sono state apportate modifiche tecniche o altri cambiamenti e la Paris Dakar \u00e8 quindi nelle sue condizioni originali. Questo la rende un raro oggetto da collezione con un valore aggiunto e un fattore di divertimento che probabilmente si trover\u00e0 solo raramente in queste condizioni.   <\/p>\n","protected":false},"excerpt":{"rendered":"<p>V<strong>ENDUTO &#8211; VENDUTO &#8211; VENDUTO &#8211; VENDUTO<\/strong> Costruttore: BMW Modello: R 80 G\/S Paris Dakar Colore: bianco alpino, originale Data di fabbricazione: 08\/1986 Prima immatricolazione: 4.7.1988 T\u00dcV: nuovo al momento dell&#8217;acquisto Numero di proprietari: 5, ultimo proprietario dal 2004 Equipaggiamento: Equipaggiamento di serie Vendita per conto del cliente &#8211; IVA non esposta.<\/p>\n","protected":false},"featured_media":5650,"comment_status":"closed","ping_status":"closed","template":"","meta":[],"product_brand":[],"product_cat":[445],"product_tag":[],"class_list":{"0":"post-10041","1":"product","2":"type-product","3":"status-publish","4":"has-post-thumbnail","6":"product_cat-venduta","8":"first","9":"instock","10":"product-type-simple"},"_links":{"self":[{"href":"https:\/\/www.boxerbasis.de\/it\/wp-json\/wp\/v2\/product\/10041","targetHints":{"allow":["GET"]}}],"collection":[{"href":"https:\/\/www.boxerbasis.de\/it\/wp-json\/wp\/v2\/product"}],"about":[{"href":"https:\/\/www.boxerbasis.de\/it\/wp-json\/wp\/v2\/types\/product"}],"replies":[{"embeddable":true,"href":"https:\/\/www.boxerbasis.de\/it\/wp-json\/wp\/v2\/comments?post=10041"}],"wp:featuredmedia":[{"embeddable":true,"href":"https:\/\/www.boxerbasis.de\/it\/wp-json\/wp\/v2\/media\/5650"}],"wp:attachment":[{"href":"https:\/\/www.boxerbasis.de\/it\/wp-json\/wp\/v2\/media?parent=10041"}],"wp:term":[{"taxonomy":"product_brand","embeddable":true,"href":"https:\/\/www.boxerbasis.de\/it\/wp-json\/wp\/v2\/product_brand?post=10041"},{"taxonomy":"product_cat","embeddable":true,"href":"https:\/\/www.boxerbasis.de\/it\/wp-json\/wp\/v2\/product_cat?post=10041"},{"taxonomy":"product_tag","embeddable":true,"href":"https:\/\/www.boxerbasis.de\/it\/wp-json\/wp\/v2\/product_tag?post=10041"}],"curies":[{"name":"wp","href":"https:\/\/api.w.org\/{rel}","templated":true}]}}