{"id":10048,"date":"2018-09-28T15:19:48","date_gmt":"2018-09-28T13:19:48","guid":{"rendered":"https:\/\/www.boxerbasis.de\/produkt\/bmw-r-100-rs\/"},"modified":"2025-11-17T15:21:02","modified_gmt":"2025-11-17T14:21:02","slug":"bmw-r-100-rs","status":"publish","type":"product","link":"https:\/\/www.boxerbasis.de\/it\/produkt\/bmw-r-100-rs\/","title":{"rendered":"BMW R 100 RS"},"content":{"rendered":"<h2>BMW R 100 RS n. 316 &#8211; condizioni originali &#8211; cerchi a raggi rivestiti &#8211; carenatura con numeri corrispondenti (!)<\/h2>\n<p><strong>Attrezzatura:<\/strong><br \/>\nStato di consegna<\/p>\n<p><strong>Condizioni:<\/strong><br \/>\nCondizioni assolutamente originali e prima mano, con normali segni d&#8217;uso.<\/p>\n<p><strong>Informazioni sulla moto:<\/strong><br \/>\nQuesta \u00e8 la 316esima R 100 RS costruita. La 100 RS \u00e8 stata la prima moto con carenatura completa di serie e testata nella galleria del vento. Per questo motivo, le prime 100 RS &#8211; compresa questa &#8211; sono state omologate singolarmente con la carenatura numerata del veicolo. Non sono state apportate modifiche tecniche o visive al veicolo. La BMW \u00e8 quindi nelle sue condizioni originali e ha le ruote a filo rivestite a mano. Motore, telaio con numero di serie e pannelli con numero di serie. Vernice originale, con lievi e normali segni d&#8217;uso. Il motore da 51 kW della prima serie con massa volanica pesante \u00e8 un vero piacere da guidare. La macchina \u00e8 sempre stata ben mantenuta; la storia \u00e8 completamente rintracciabile. Un pezzo pregiato e nobile della storia della moto          <\/p>\n<p><strong>Prezzo su richiesta.<\/strong><\/p>\n<p><a href=\"https:\/\/www.boxerbasis.de\/hersteller-bmw-motorrad\/\" target=\"_blank\" rel=\"noopener\">Nota sulla sicurezza del prodotto<\/a><\/p>\n<p><strong> <\/strong><\/p>\n<p>&nbsp;<\/p>\n","protected":false},"excerpt":{"rendered":"<p>Vernice originale. Produzione 09\/1976. 80.000 km.   Prezzo su richiesta.<\/p>\n","protected":false},"featured_media":8488,"comment_status":"closed","ping_status":"closed","template":"","meta":[],"product_brand":[],"product_cat":[628],"product_tag":[],"class_list":{"0":"post-10048","1":"product","2":"type-product","3":"status-publish","4":"has-post-thumbnail","6":"product_cat-moto-it","7":"product_shipping_class-moto","9":"first","10":"instock","11":"sold-individually","12":"product-type-simple"},"_links":{"self":[{"href":"https:\/\/www.boxerbasis.de\/it\/wp-json\/wp\/v2\/product\/10048","targetHints":{"allow":["GET"]}}],"collection":[{"href":"https:\/\/www.boxerbasis.de\/it\/wp-json\/wp\/v2\/product"}],"about":[{"href":"https:\/\/www.boxerbasis.de\/it\/wp-json\/wp\/v2\/types\/product"}],"replies":[{"embeddable":true,"href":"https:\/\/www.boxerbasis.de\/it\/wp-json\/wp\/v2\/comments?post=10048"}],"wp:featuredmedia":[{"embeddable":true,"href":"https:\/\/www.boxerbasis.de\/it\/wp-json\/wp\/v2\/media\/8488"}],"wp:attachment":[{"href":"https:\/\/www.boxerbasis.de\/it\/wp-json\/wp\/v2\/media?parent=10048"}],"wp:term":[{"taxonomy":"product_brand","embeddable":true,"href":"https:\/\/www.boxerbasis.de\/it\/wp-json\/wp\/v2\/product_brand?post=10048"},{"taxonomy":"product_cat","embeddable":true,"href":"https:\/\/www.boxerbasis.de\/it\/wp-json\/wp\/v2\/product_cat?post=10048"},{"taxonomy":"product_tag","embeddable":true,"href":"https:\/\/www.boxerbasis.de\/it\/wp-json\/wp\/v2\/product_tag?post=10048"}],"curies":[{"name":"wp","href":"https:\/\/api.w.org\/{rel}","templated":true}]}}