{"id":14083,"date":"2025-04-02T11:00:11","date_gmt":"2025-04-02T09:00:11","guid":{"rendered":"https:\/\/www.boxerbasis.de\/?post_type=product&#038;p=14083"},"modified":"2025-07-18T16:52:46","modified_gmt":"2025-07-18T14:52:46","slug":"vaschetta-dellolio-wuedo-rallye-per-g-s-inutilizzata-kopie","status":"publish","type":"product","link":"https:\/\/www.boxerbasis.de\/it\/produkt\/vaschetta-dellolio-wuedo-rallye-per-g-s-inutilizzata-kopie\/","title":{"rendered":"Pedane retrattili Knoscher Scherb"},"content":{"rendered":"<p>Raro e originale sistema di poggiapiedi sportivo Scherb in ottime condizioni, proprio come quello di Helmut D\u00e4hne, Willi Michel e altri veloci piloti dell&#8217;epoca. Il sistema non \u00e8 usurato e non presenta segni di cadute o danni. Una copia dei documenti pertinenti \u00e8 allegata. Difficile da trovare in queste condizioni. Un must per gli sportivi BMW    <\/p>\n<p><a href=\"https:\/\/www.boxerbasis.de\/bb\/\" target=\"_blank\" rel=\"noopener\">Informazioni sulla sicurezza dei prodotti<\/a><\/p>\n","protected":false},"excerpt":{"rendered":"<p>Set completo e poco usato<\/p>\n","protected":false},"featured_media":13270,"comment_status":"closed","ping_status":"closed","template":"","meta":[],"product_brand":[],"product_cat":[460],"product_tag":[],"class_list":{"0":"post-14083","1":"product","2":"type-product","3":"status-publish","4":"has-post-thumbnail","6":"product_cat-motore","7":"product_shipping_class-03kg-it","8":"pa_baugruppe-asse-posteriore","9":"pa_baugruppe-getriebe-it","10":"pa_baugruppe-freni","11":"pa_baugruppe-telaio","12":"pa_baugruppe-chassis-it","13":"pa_modell-5-it","14":"pa_modell-6-it","15":"pa_modell-7-it","16":"pa_modell-corse-depoca","17":"pa_modell-r-45-65-it","18":"pa_modell-90s-it","19":"pa_produktart-parti-usate","20":"pa_zustand-nos-new-old-stock-it","22":"first","23":"instock","24":"sold-individually","25":"shipping-taxable","26":"purchasable","27":"product-type-simple"},"_links":{"self":[{"href":"https:\/\/www.boxerbasis.de\/it\/wp-json\/wp\/v2\/product\/14083","targetHints":{"allow":["GET"]}}],"collection":[{"href":"https:\/\/www.boxerbasis.de\/it\/wp-json\/wp\/v2\/product"}],"about":[{"href":"https:\/\/www.boxerbasis.de\/it\/wp-json\/wp\/v2\/types\/product"}],"replies":[{"embeddable":true,"href":"https:\/\/www.boxerbasis.de\/it\/wp-json\/wp\/v2\/comments?post=14083"}],"wp:featuredmedia":[{"embeddable":true,"href":"https:\/\/www.boxerbasis.de\/it\/wp-json\/wp\/v2\/media\/13270"}],"wp:attachment":[{"href":"https:\/\/www.boxerbasis.de\/it\/wp-json\/wp\/v2\/media?parent=14083"}],"wp:term":[{"taxonomy":"product_brand","embeddable":true,"href":"https:\/\/www.boxerbasis.de\/it\/wp-json\/wp\/v2\/product_brand?post=14083"},{"taxonomy":"product_cat","embeddable":true,"href":"https:\/\/www.boxerbasis.de\/it\/wp-json\/wp\/v2\/product_cat?post=14083"},{"taxonomy":"product_tag","embeddable":true,"href":"https:\/\/www.boxerbasis.de\/it\/wp-json\/wp\/v2\/product_tag?post=14083"}],"curies":[{"name":"wp","href":"https:\/\/api.w.org\/{rel}","templated":true}]}}