{"id":14177,"date":"2025-04-02T16:05:12","date_gmt":"2025-04-02T14:05:12","guid":{"rendered":"https:\/\/www.boxerbasis.de\/?post_type=product&#038;p=14177"},"modified":"2025-07-31T16:37:23","modified_gmt":"2025-07-31T14:37:23","slug":"sedile-a-panchina-r-75-5-a-braccio-oscillante-corto-con-ringhiera-kopie-kopie-kopie-kopie-kopie-kopie-kopie-kopie","status":"publish","type":"product","link":"https:\/\/www.boxerbasis.de\/it\/produkt\/sedile-a-panchina-r-75-5-a-braccio-oscillante-corto-con-ringhiera-kopie-kopie-kopie-kopie-kopie-kopie-kopie-kopie\/","title":{"rendered":"Panchina per BMW R 80 G\/S e ST"},"content":{"rendered":"<p>Panca a due posti usata per la BMW 80 G\/S e ST. Nessun danno visibile, ad eccezione di un punto nella parte anteriore, che un sellaio pu\u00f2 certamente riparare, per il resto con normali segni di utilizzo e funzionalit\u00e0. Schiuma e piastra di supporto sono a posto, il naso non \u00e8 strappato! Pu\u00f2 essere utilizzato cos\u00ec com&#8217;\u00e8 o rivestito.   Parte originale, non una replica.<\/p>\n<p><a href=\"https:\/\/www.boxerbasis.de\/it\/produttore-bmw\/\" target=\"_blank\" rel=\"noopener\">Informazioni sulla sicurezza del prodotto, informazioni sul produttore<\/a><\/p>\n","protected":false},"excerpt":{"rendered":"<p>Parte originale, danni minori nella parte anteriore.<\/p>\n","protected":false},"featured_media":14035,"comment_status":"closed","ping_status":"closed","template":"","meta":[],"product_brand":[],"product_cat":[618,631],"product_tag":[],"class_list":{"0":"post-14177","1":"product","2":"type-product","3":"status-publish","4":"has-post-thumbnail","6":"product_cat-parti-usate","7":"product_cat-sella","8":"product_shipping_class-05kg-it","9":"pa_baugruppe-sella","10":"pa_modell-g-s-it","11":"pa_modell-r80st-it","12":"pa_produktart-parti-usate","13":"pa_zustand-usato","15":"first","16":"instock","17":"sold-individually","18":"shipping-taxable","19":"purchasable","20":"product-type-simple"},"_links":{"self":[{"href":"https:\/\/www.boxerbasis.de\/it\/wp-json\/wp\/v2\/product\/14177","targetHints":{"allow":["GET"]}}],"collection":[{"href":"https:\/\/www.boxerbasis.de\/it\/wp-json\/wp\/v2\/product"}],"about":[{"href":"https:\/\/www.boxerbasis.de\/it\/wp-json\/wp\/v2\/types\/product"}],"replies":[{"embeddable":true,"href":"https:\/\/www.boxerbasis.de\/it\/wp-json\/wp\/v2\/comments?post=14177"}],"wp:featuredmedia":[{"embeddable":true,"href":"https:\/\/www.boxerbasis.de\/it\/wp-json\/wp\/v2\/media\/14035"}],"wp:attachment":[{"href":"https:\/\/www.boxerbasis.de\/it\/wp-json\/wp\/v2\/media?parent=14177"}],"wp:term":[{"taxonomy":"product_brand","embeddable":true,"href":"https:\/\/www.boxerbasis.de\/it\/wp-json\/wp\/v2\/product_brand?post=14177"},{"taxonomy":"product_cat","embeddable":true,"href":"https:\/\/www.boxerbasis.de\/it\/wp-json\/wp\/v2\/product_cat?post=14177"},{"taxonomy":"product_tag","embeddable":true,"href":"https:\/\/www.boxerbasis.de\/it\/wp-json\/wp\/v2\/product_tag?post=14177"}],"curies":[{"name":"wp","href":"https:\/\/api.w.org\/{rel}","templated":true}]}}