{"id":14856,"date":"2025-06-16T11:15:40","date_gmt":"2025-06-16T09:15:40","guid":{"rendered":"https:\/\/www.boxerbasis.de\/?post_type=product&#038;p=14856"},"modified":"2025-09-29T09:47:15","modified_gmt":"2025-09-29T07:47:15","slug":"anello-intermedio-della-coppa-dellolio-wuedo-ultima-versione-kopie","status":"publish","type":"product","link":"https:\/\/www.boxerbasis.de\/it\/produkt\/anello-intermedio-della-coppa-dellolio-wuedo-ultima-versione-kopie\/","title":{"rendered":"Anello intermedio della coppa dell&#8217;olio W\u00fcdo"},"content":{"rendered":"<p>Il classico: Distanziale per coppa dell&#8217;olio originale W\u00dcDO con distanziale per campana di aspirazione e foro per sensore di temperatura (il sensore esistente \u00e8 incluso come difettoso, in quanto il funzionamento non \u00e8 stato testato). Ottime condizioni, superfici di tenuta ok. Un pezzo originale funzionante, non una riproduzione. Abbiamo ancora numerosi pezzi simili e altri usati in magazzino. Possiamo anche procurare molti pezzi nuovi. Scrivici o chiamaci!     <\/p>\n<p><a href=\"https:\/\/www.boxerbasis.de\/it\/produttore-wuedo\/\">Informazioni sulla sicurezza dei prodotti<\/a><\/p>\n","protected":false},"excerpt":{"rendered":"<p>Anello intermedio della coppa dell&#8217;olio originale W\u00dcDO con barre e prolunga della campana di aspirazione<\/p>\n","protected":false},"featured_media":14535,"comment_status":"closed","ping_status":"closed","template":"","meta":[],"product_brand":[],"product_cat":[460,618],"product_tag":[],"class_list":{"0":"post-14856","1":"product","2":"type-product","3":"status-publish","4":"has-post-thumbnail","6":"product_cat-motore","7":"product_cat-parti-usate","8":"product_shipping_class-03kg-it","9":"pa_baugruppe-motore","10":"pa_modell-5-it","11":"pa_modell-6-it","12":"pa_modell-7-it","13":"pa_modell-corse-depoca","14":"pa_modell-g-s-it","15":"pa_modell-gsbasic-it","16":"pa_modell-mystic-it","17":"pa_modell-gs-it","18":"pa_modell-r-80-e-100-r","19":"pa_modell-90s-it","20":"pa_produktart-parti-usate","21":"pa_zustand-usato","23":"first","24":"instock","25":"sold-individually","26":"shipping-taxable","27":"purchasable","28":"product-type-simple"},"_links":{"self":[{"href":"https:\/\/www.boxerbasis.de\/it\/wp-json\/wp\/v2\/product\/14856","targetHints":{"allow":["GET"]}}],"collection":[{"href":"https:\/\/www.boxerbasis.de\/it\/wp-json\/wp\/v2\/product"}],"about":[{"href":"https:\/\/www.boxerbasis.de\/it\/wp-json\/wp\/v2\/types\/product"}],"replies":[{"embeddable":true,"href":"https:\/\/www.boxerbasis.de\/it\/wp-json\/wp\/v2\/comments?post=14856"}],"wp:featuredmedia":[{"embeddable":true,"href":"https:\/\/www.boxerbasis.de\/it\/wp-json\/wp\/v2\/media\/14535"}],"wp:attachment":[{"href":"https:\/\/www.boxerbasis.de\/it\/wp-json\/wp\/v2\/media?parent=14856"}],"wp:term":[{"taxonomy":"product_brand","embeddable":true,"href":"https:\/\/www.boxerbasis.de\/it\/wp-json\/wp\/v2\/product_brand?post=14856"},{"taxonomy":"product_cat","embeddable":true,"href":"https:\/\/www.boxerbasis.de\/it\/wp-json\/wp\/v2\/product_cat?post=14856"},{"taxonomy":"product_tag","embeddable":true,"href":"https:\/\/www.boxerbasis.de\/it\/wp-json\/wp\/v2\/product_tag?post=14856"}],"curies":[{"name":"wp","href":"https:\/\/api.w.org\/{rel}","templated":true}]}}