{"id":14958,"date":"2025-07-04T15:30:46","date_gmt":"2025-07-04T13:30:46","guid":{"rendered":"https:\/\/www.boxerbasis.de\/?post_type=product&#038;p=14958"},"modified":"2025-07-18T16:47:23","modified_gmt":"2025-07-18T14:47:23","slug":"silenziatore-posteriore-bmw-r-100-mystik-kopie-kopie-kopie-kopie","status":"publish","type":"product","link":"https:\/\/www.boxerbasis.de\/it\/produkt\/silenziatore-posteriore-bmw-r-100-mystik-kopie-kopie-kopie-kopie\/","title":{"rendered":"Lenhardt e Wagner 2 in 1"},"content":{"rendered":"<p>Sistema cult originale, raro e mai utilizzato (!) di Lenhardt e Wagner. Diametro collettore 40 mm <\/p>\n<p>Il sistema presenta segni di stoccaggio e dovrebbe essere riverniciato. La staffa di montaggio posteriore non \u00e8 ancora stata forata. In precedenza era stata segnata direttamente sulla moto e poi forata per garantire un&#8217;installazione senza tensioni. \u00c8 inclusa una vecchia copia del vecchio certificato del produttore secondo il \u00a749StVZO, che non \u00e8 ancora stato completato. Ti preghiamo di chiarire in anticipo la registrazione con l&#8217;ispettore T\u00dcV. Una copia della lettera \u00e8 un must per una buona BMW da corsa in stile vintage. Probabilmente non \u00e8 pi\u00f9 disponibile.      <\/p>\n<p>Abbiamo anche un 2 in 1 con collettori da 38 mm in magazzino<\/p>\n<p><a href=\"https:\/\/www.boxerbasis.de\/it\/produttore-lenhardt-wagner\/\" target=\"_blank\" rel=\"noopener\">Informazioni sulla sicurezza del prodotto, informazioni sul produttore<\/a><\/p>\n<h1><\/h1>\n","protected":false},"excerpt":{"rendered":"<p>Un bel pezzo vintage dei gloriosi anni &#8217;70. NOS <\/p>\n","protected":false},"featured_media":14955,"comment_status":"closed","ping_status":"closed","template":"","meta":[],"product_brand":[],"product_cat":[618],"product_tag":[],"class_list":{"0":"post-14958","1":"product","2":"type-product","3":"status-publish","4":"has-post-thumbnail","6":"product_cat-parti-usate","7":"product_shipping_class-10kg-it","8":"pa_baugruppe-marmita","9":"pa_modell-7-it","10":"pa_modell-corse-depoca","11":"pa_produktart-parti-usate","12":"pa_zustand-usato","14":"first","15":"instock","16":"sold-individually","17":"shipping-taxable","18":"purchasable","19":"product-type-simple"},"_links":{"self":[{"href":"https:\/\/www.boxerbasis.de\/it\/wp-json\/wp\/v2\/product\/14958","targetHints":{"allow":["GET"]}}],"collection":[{"href":"https:\/\/www.boxerbasis.de\/it\/wp-json\/wp\/v2\/product"}],"about":[{"href":"https:\/\/www.boxerbasis.de\/it\/wp-json\/wp\/v2\/types\/product"}],"replies":[{"embeddable":true,"href":"https:\/\/www.boxerbasis.de\/it\/wp-json\/wp\/v2\/comments?post=14958"}],"wp:featuredmedia":[{"embeddable":true,"href":"https:\/\/www.boxerbasis.de\/it\/wp-json\/wp\/v2\/media\/14955"}],"wp:attachment":[{"href":"https:\/\/www.boxerbasis.de\/it\/wp-json\/wp\/v2\/media?parent=14958"}],"wp:term":[{"taxonomy":"product_brand","embeddable":true,"href":"https:\/\/www.boxerbasis.de\/it\/wp-json\/wp\/v2\/product_brand?post=14958"},{"taxonomy":"product_cat","embeddable":true,"href":"https:\/\/www.boxerbasis.de\/it\/wp-json\/wp\/v2\/product_cat?post=14958"},{"taxonomy":"product_tag","embeddable":true,"href":"https:\/\/www.boxerbasis.de\/it\/wp-json\/wp\/v2\/product_tag?post=14958"}],"curies":[{"name":"wp","href":"https:\/\/api.w.org\/{rel}","templated":true}]}}