{"id":15696,"date":"2025-07-16T14:00:16","date_gmt":"2025-07-16T12:00:16","guid":{"rendered":"https:\/\/www.boxerbasis.de\/?post_type=product&#038;p=15696"},"modified":"2025-07-17T12:40:14","modified_gmt":"2025-07-17T10:40:14","slug":"r-80-gs-basic-kalahari-tank-parigi-dakar-prima-vernice-senza-ammaccature-kopie","status":"publish","type":"product","link":"https:\/\/www.boxerbasis.de\/it\/produkt\/r-80-gs-basic-kalahari-tank-parigi-dakar-prima-vernice-senza-ammaccature-kopie\/","title":{"rendered":"R 80 G\/S, serbatoio Parigi Dakar, prima vernice!"},"content":{"rendered":"<p>Raro e ricercato serbatoio originale Paris Dakar di una R 80 G\/S Paris Dakar, comprese le ginocchiere. Naturalmente si adatta anche alla GS (con sella modificata) e alla Basic, con lievi segni di usura all&#8217;esterno. Vernice molto buona, una piccola ammaccatura perch\u00e9 purtroppo \u00e8 caduto da una sedia. &#8230;.!<\/p>\n<p>Prima mano, quindi ovviamente senza aree riempite!<\/p>\n<p>La vernice allentata \u00e8 stata rimossa dal precedente proprietario (come si pu\u00f2 vedere, non c&#8217;\u00e8 ruggine grossolana o gammelle all&#8217;interno, si consiglia un trattamento interno (o un nuovo rivestimento o si pu\u00f2 far passivare e risigillare l&#8217;interno dall&#8217;azienda WEMA, in questo modo si \u00e8 tranquilli).<\/p>\n<p>Condizioni, vedi foto<\/p>\n<p>Su richiesta \u00e8 possibile fornire anche un set di adesivi coordinati.<\/p>\n<p>Si tratta di un serbatoio originale BMW, non di un&#8217;imitazione proveniente dall&#8217;India!<\/p>\n<p>&nbsp;<\/p>\n<p><a href=\"https:\/\/www.boxerbasis.de\/wp-admin\/post.php?post=14130&amp;action=edit&amp;lang=de\">Note sulla sicurezza del prodotto:<\/a><\/p>\n","protected":false},"excerpt":{"rendered":"<p>Per R 80 G\/S, Basic, 80 100 GS , prima mano<\/p>\n","protected":false},"featured_media":15638,"comment_status":"closed","ping_status":"closed","template":"","meta":[],"product_brand":[],"product_cat":[618,438],"product_tag":[],"class_list":{"0":"post-15696","1":"product","2":"type-product","3":"status-publish","4":"has-post-thumbnail","6":"product_cat-parti-usate","7":"product_cat-serbatoio-e-tubi","8":"product_shipping_class-10kg-it","9":"pa_baugruppe-serbatoio","10":"pa_modell-g-s-it","11":"pa_modell-gsbasic-it","12":"pa_modell-rally-corsa","13":"pa_produktart-parti-usate","15":"first","16":"instock","17":"sold-individually","18":"shipping-taxable","19":"purchasable","20":"product-type-simple"},"_links":{"self":[{"href":"https:\/\/www.boxerbasis.de\/it\/wp-json\/wp\/v2\/product\/15696","targetHints":{"allow":["GET"]}}],"collection":[{"href":"https:\/\/www.boxerbasis.de\/it\/wp-json\/wp\/v2\/product"}],"about":[{"href":"https:\/\/www.boxerbasis.de\/it\/wp-json\/wp\/v2\/types\/product"}],"replies":[{"embeddable":true,"href":"https:\/\/www.boxerbasis.de\/it\/wp-json\/wp\/v2\/comments?post=15696"}],"wp:featuredmedia":[{"embeddable":true,"href":"https:\/\/www.boxerbasis.de\/it\/wp-json\/wp\/v2\/media\/15638"}],"wp:attachment":[{"href":"https:\/\/www.boxerbasis.de\/it\/wp-json\/wp\/v2\/media?parent=15696"}],"wp:term":[{"taxonomy":"product_brand","embeddable":true,"href":"https:\/\/www.boxerbasis.de\/it\/wp-json\/wp\/v2\/product_brand?post=15696"},{"taxonomy":"product_cat","embeddable":true,"href":"https:\/\/www.boxerbasis.de\/it\/wp-json\/wp\/v2\/product_cat?post=15696"},{"taxonomy":"product_tag","embeddable":true,"href":"https:\/\/www.boxerbasis.de\/it\/wp-json\/wp\/v2\/product_tag?post=15696"}],"curies":[{"name":"wp","href":"https:\/\/api.w.org\/{rel}","templated":true}]}}