{"id":16124,"date":"2025-07-21T15:05:13","date_gmt":"2025-07-21T13:05:13","guid":{"rendered":"https:\/\/www.boxerbasis.de\/?post_type=product&#038;p=16124"},"modified":"2025-08-04T15:35:44","modified_gmt":"2025-08-04T13:35:44","slug":"modelli-con-cambio-r-con-kickstarter-kopie-kopie-kopie","status":"publish","type":"product","link":"https:\/\/www.boxerbasis.de\/it\/produkt\/modelli-con-cambio-r-con-kickstarter-kopie-kopie-kopie\/","title":{"rendered":"Modelli di cambio R con kickstarter per \/7 a Monolever"},"content":{"rendered":"<p>Buon cambio con kickstarter, proveniente da una G\/S con circa 70.000 km. Il cambio \u00e8 pulito, l&#8217;olio era pulito e non ci sono danni riconoscibili. L&#8217;albero di avviamento non \u00e8 attorcigliato o incrinato, l&#8217;ingranaggio \u00e8 intatto Non ci sono punti di arresto nel cuscinetto di uscita. In linea di principio, non sabbiamo parti come scatole di ingranaggi, motori o trasmissioni finali con perle di vetro, sabbia o materiale simile per migliorare l&#8217;aspetto. Il rischio che il materiale di sabbiatura penetri o si incastri nei fori e causi danni \u00e8 troppo alto. L&#8217;alloggiamento non viene pulito, quindi l&#8217;acquirente pu\u00f2 rimetterlo a nuovo secondo le proprie preferenze e personalizzare la patina &#8211; o meno, come desidera.   Abbiamo sempre diversi cambi usati in magazzino, alcuni dei quali revisionati, che non sono presenti nel nostro negozio online. Non dimenticare gli <a href=\"https:\/\/www.boxerbasis.de\/it\/produkt\/pasta-di-assemblaggio-e-lubrificazione-staburags-nbu-30-ptm\/\" target=\"_blank\" rel=\"noopener\">Staburags<\/a> durante l&#8217;installazione!<\/p>\n<p><a href=\"https:\/\/www.boxerbasis.de\/it\/produttore-bmw\/\" target=\"_blank\" rel=\"noopener\">Nota sulla sicurezza del prodotto<\/a><\/p>\n","protected":false},"excerpt":{"rendered":"<p>Per i modelli con una leggera oscillazione<\/p>\n","protected":false},"featured_media":16072,"comment_status":"closed","ping_status":"closed","template":"","meta":[],"product_brand":[],"product_cat":[588,618],"product_tag":[],"class_list":{"0":"post-16124","1":"product","2":"type-product","3":"status-publish","4":"has-post-thumbnail","6":"product_cat-ingranaggio","7":"product_cat-parti-usate","8":"product_shipping_class-20kg-it","9":"pa_baugruppe-getriebe-it","10":"pa_modell-7-it","11":"pa_modell-65-80-100-monolever-it","12":"pa_modell-g-s-it","13":"pa_modell-r-45-65-it","14":"pa_modell-r80st-it","15":"pa_produktart-parti-usate","16":"pa_zustand-usato","18":"first","19":"instock","20":"sold-individually","21":"shipping-taxable","22":"purchasable","23":"product-type-simple"},"_links":{"self":[{"href":"https:\/\/www.boxerbasis.de\/it\/wp-json\/wp\/v2\/product\/16124","targetHints":{"allow":["GET"]}}],"collection":[{"href":"https:\/\/www.boxerbasis.de\/it\/wp-json\/wp\/v2\/product"}],"about":[{"href":"https:\/\/www.boxerbasis.de\/it\/wp-json\/wp\/v2\/types\/product"}],"replies":[{"embeddable":true,"href":"https:\/\/www.boxerbasis.de\/it\/wp-json\/wp\/v2\/comments?post=16124"}],"wp:featuredmedia":[{"embeddable":true,"href":"https:\/\/www.boxerbasis.de\/it\/wp-json\/wp\/v2\/media\/16072"}],"wp:attachment":[{"href":"https:\/\/www.boxerbasis.de\/it\/wp-json\/wp\/v2\/media?parent=16124"}],"wp:term":[{"taxonomy":"product_brand","embeddable":true,"href":"https:\/\/www.boxerbasis.de\/it\/wp-json\/wp\/v2\/product_brand?post=16124"},{"taxonomy":"product_cat","embeddable":true,"href":"https:\/\/www.boxerbasis.de\/it\/wp-json\/wp\/v2\/product_cat?post=16124"},{"taxonomy":"product_tag","embeddable":true,"href":"https:\/\/www.boxerbasis.de\/it\/wp-json\/wp\/v2\/product_tag?post=16124"}],"curies":[{"name":"wp","href":"https:\/\/api.w.org\/{rel}","templated":true}]}}