{"id":16305,"date":"2025-07-29T14:18:54","date_gmt":"2025-07-29T12:18:54","guid":{"rendered":"https:\/\/www.boxerbasis.de\/?post_type=product&#038;p=16305"},"modified":"2025-08-02T19:43:45","modified_gmt":"2025-08-02T17:43:45","slug":"kit-di-attrezzi-bmw-completo-per-80-g-s-st-gs-fino-al-1990-kopie-kopie-kopie-3","status":"publish","type":"product","link":"https:\/\/www.boxerbasis.de\/it\/produkt\/kit-di-attrezzi-bmw-completo-per-80-g-s-st-gs-fino-al-1990-kopie-kopie-kopie-3\/","title":{"rendered":"Scatola della batteria"},"content":{"rendered":"<p>Portabatteria per BMW G\/S e ST in nero Ottime condizioni. La superficie interna era corrosa dall&#8217;acido della batteria ed \u00e8 stata naturalmente sabbiata e derubricata prima del rivestimento. Non \u00e8 visibile quando \u00e8 installato. Parte originale, non una replica. Rivestito professionalmente. Numero di parte 61211243302     <\/p>\n<p><a href=\"https:\/\/www.boxerbasis.de\/bb\/\" target=\"_blank\" rel=\"noopener\">Informazioni sulla sicurezza dei produttori e dei prodotti<\/a><\/p>\n","protected":false},"excerpt":{"rendered":"<p>Verniciato a polvere nel colore originale.<\/p>\n","protected":false},"featured_media":16231,"comment_status":"closed","ping_status":"closed","template":"","meta":[],"product_brand":[],"product_cat":[566,610,618,448],"product_tag":[],"class_list":{"0":"post-16305","1":"product","2":"type-product","3":"status-publish","4":"has-post-thumbnail","6":"product_cat-attrezzatura","7":"product_cat-impianto-elettrico","8":"product_cat-parti-usate","9":"product_cat-telaio","10":"product_shipping_class-01kg-it-2","11":"pa_baugruppe-sistema-elettrico","12":"pa_baugruppe-telaio","13":"pa_modell-mystic-it","14":"pa_modell-gs-it","15":"pa_modell-r-80-e-100-r","16":"pa_produktart-parti-usate","17":"pa_zustand-usato","19":"first","20":"instock","21":"sold-individually","22":"shipping-taxable","23":"purchasable","24":"product-type-simple"},"_links":{"self":[{"href":"https:\/\/www.boxerbasis.de\/it\/wp-json\/wp\/v2\/product\/16305","targetHints":{"allow":["GET"]}}],"collection":[{"href":"https:\/\/www.boxerbasis.de\/it\/wp-json\/wp\/v2\/product"}],"about":[{"href":"https:\/\/www.boxerbasis.de\/it\/wp-json\/wp\/v2\/types\/product"}],"replies":[{"embeddable":true,"href":"https:\/\/www.boxerbasis.de\/it\/wp-json\/wp\/v2\/comments?post=16305"}],"wp:featuredmedia":[{"embeddable":true,"href":"https:\/\/www.boxerbasis.de\/it\/wp-json\/wp\/v2\/media\/16231"}],"wp:attachment":[{"href":"https:\/\/www.boxerbasis.de\/it\/wp-json\/wp\/v2\/media?parent=16305"}],"wp:term":[{"taxonomy":"product_brand","embeddable":true,"href":"https:\/\/www.boxerbasis.de\/it\/wp-json\/wp\/v2\/product_brand?post=16305"},{"taxonomy":"product_cat","embeddable":true,"href":"https:\/\/www.boxerbasis.de\/it\/wp-json\/wp\/v2\/product_cat?post=16305"},{"taxonomy":"product_tag","embeddable":true,"href":"https:\/\/www.boxerbasis.de\/it\/wp-json\/wp\/v2\/product_tag?post=16305"}],"curies":[{"name":"wp","href":"https:\/\/api.w.org\/{rel}","templated":true}]}}