{"id":16731,"date":"2025-08-04T15:09:20","date_gmt":"2025-08-04T13:09:20","guid":{"rendered":"https:\/\/www.boxerbasis.de\/?post_type=product&#038;p=16731"},"modified":"2026-01-23T13:34:00","modified_gmt":"2026-01-23T12:34:00","slug":"anello-intermedio-della-coppa-dellolio-wuedo-kopie-2","status":"publish","type":"product","link":"https:\/\/www.boxerbasis.de\/it\/produkt\/anello-intermedio-della-coppa-dellolio-wuedo-kopie-2\/","title":{"rendered":"Pistoni leggeri di Wank"},"content":{"rendered":"<p>Le punterie Wank alleggerite sono una delle ottimizzazioni pi\u00f9 efficaci per i boxer BMW a due valvole. Le punterie originali sono realizzate in materiale robusto ma relativamente pesante. Questo peso ha un impatto diretto sul comportamento di risposta del treno di valvole e quindi sull&#8217;erogazione di potenza: la parola chiave \u00e8 inerzia. Le punterie Wank, notevolmente pi\u00f9 leggere, sono realizzate in una lega di alta qualit\u00e0 e sono prodotte con precisione. Questo riduce in modo significativo la massa in movimento. La differenza di peso, apparentemente minima, \u00e8 particolarmente evidente agli alti regimi del motore. Una minore massa nel treno di valvole significa che il motore sale di giri molto pi\u00f9 facilmente. Il tempo di risposta ai comandi dell&#8217;acceleratore \u00e8 ridotto e il comportamento di risposta \u00e8 notevolmente pi\u00f9 diretto.       <\/p>\n<p>E se la testa del cilindro \u00e8 gi\u00e0 aperta: ti consigliamo i nostri <a href=\"https:\/\/www.boxerbasis.de\/it\/produkt\/staffe-per-bilancieri-in-un-unico-pezzo-per-motori-a-2-valvole-dal-1976-in-poi\/\" target=\"_blank\" rel=\"noopener\">blocchi di bilancieri KBH in un unico pezzo<\/a> per un funzionamento ancora pi\u00f9 fluido.<\/p>\n<p><a href=\"https:\/\/www.boxerbasis.de\/it\/fabbricante-moschettone\/\" target=\"_blank\" rel=\"noopener\">Nota sulla sicurezza del produttore e del prodotto<\/a>.<\/p>\n","protected":false},"excerpt":{"rendered":"<p>Per il comportamento dinamico del treno valvole. Impostato per entrambi i lati. <\/p>\n","protected":false},"featured_media":16724,"comment_status":"closed","ping_status":"closed","template":"","meta":[],"product_brand":[],"product_cat":[460,618],"product_tag":[],"class_list":{"0":"post-16731","1":"product","2":"type-product","3":"status-publish","4":"has-post-thumbnail","6":"product_cat-motore","7":"product_cat-parti-usate","8":"product_shipping_class-01kg-it-2","9":"pa_baugruppe-motore","10":"pa_modell-5-it","11":"pa_modell-6-it","12":"pa_modell-7-it","13":"pa_modell-corse-depoca","14":"pa_modell-g-s-it","15":"pa_modell-gsbasic-it","16":"pa_modell-mystic-it","17":"pa_modell-gs-it","18":"pa_modell-r-80-e-100-r","19":"pa_modell-90s-it","20":"pa_produktart-boxerbasis-it","21":"pa_produktart-parti-nuove","22":"pa_zustand-usato","24":"first","25":"outofstock","26":"taxable","27":"shipping-taxable","28":"purchasable","29":"product-type-simple"},"_links":{"self":[{"href":"https:\/\/www.boxerbasis.de\/it\/wp-json\/wp\/v2\/product\/16731","targetHints":{"allow":["GET"]}}],"collection":[{"href":"https:\/\/www.boxerbasis.de\/it\/wp-json\/wp\/v2\/product"}],"about":[{"href":"https:\/\/www.boxerbasis.de\/it\/wp-json\/wp\/v2\/types\/product"}],"replies":[{"embeddable":true,"href":"https:\/\/www.boxerbasis.de\/it\/wp-json\/wp\/v2\/comments?post=16731"}],"wp:featuredmedia":[{"embeddable":true,"href":"https:\/\/www.boxerbasis.de\/it\/wp-json\/wp\/v2\/media\/16724"}],"wp:attachment":[{"href":"https:\/\/www.boxerbasis.de\/it\/wp-json\/wp\/v2\/media?parent=16731"}],"wp:term":[{"taxonomy":"product_brand","embeddable":true,"href":"https:\/\/www.boxerbasis.de\/it\/wp-json\/wp\/v2\/product_brand?post=16731"},{"taxonomy":"product_cat","embeddable":true,"href":"https:\/\/www.boxerbasis.de\/it\/wp-json\/wp\/v2\/product_cat?post=16731"},{"taxonomy":"product_tag","embeddable":true,"href":"https:\/\/www.boxerbasis.de\/it\/wp-json\/wp\/v2\/product_tag?post=16731"}],"curies":[{"name":"wp","href":"https:\/\/api.w.org\/{rel}","templated":true}]}}