{"id":17656,"date":"2021-12-16T16:43:04","date_gmt":"2021-12-16T15:43:04","guid":{"rendered":"https:\/\/www.boxerbasis.de\/produkt\/schek-gs-800-numero-18\/"},"modified":"2021-12-16T16:43:04","modified_gmt":"2021-12-16T15:43:04","slug":"schek-gs-800-numero-18","status":"publish","type":"product","link":"https:\/\/www.boxerbasis.de\/it\/produkt\/schek-gs-800-numero-18\/","title":{"rendered":"Schek GS 800 numero 18"},"content":{"rendered":"<p>Questa Schek-G\/S originale \u00e8 stata restaurata con grande impegno negli ultimi anni e oggi funziona come nuova. Da quando \u00e8 stata restaurata ha percorso solo circa 50 chilometri. Il chilometraggio originale \u00e8 rimasto invariato sul tachimetro. Un poliziotto di M\u00fcnster la fece costruire sulla base di una R90S con il supporto di Herbert Schek per il suo viaggio in Africa. Presenta le tipiche modifiche al telaio e la messa a punto del motore Schek e ha la tipica forcella Schek Maico. \u00c8 registrata come Schek &#8211; non come BMW &#8211; e porta il numero di telaio 18, il che la rende l&#8217;ultima delle BMW costruite da Herbert Schek. Il MO ha parlato di questo veicolo. L&#8217;articolo pu\u00f2 essere scaricato <a href=\"https:\/\/www.boxerbasis.de\/wp-content\/uploads\/2021\/12\/Schek-18-Artikel2.pdf\">qui<\/a>.<br \/>\n<strong>Prezzo su richiesta.<\/strong><\/p>\n","protected":false},"excerpt":{"rendered":"<p>Prezzo su richiesta. Vendita su ordine del cliente <\/p>\n","protected":false},"featured_media":6460,"comment_status":"closed","ping_status":"closed","template":"","meta":[],"product_brand":[],"product_cat":[628],"product_tag":[],"class_list":{"0":"post-17656","1":"product","2":"type-product","3":"status-publish","4":"has-post-thumbnail","6":"product_cat-moto-it","8":"first","9":"instock","10":"sold-individually","11":"product-type-simple"},"_links":{"self":[{"href":"https:\/\/www.boxerbasis.de\/it\/wp-json\/wp\/v2\/product\/17656","targetHints":{"allow":["GET"]}}],"collection":[{"href":"https:\/\/www.boxerbasis.de\/it\/wp-json\/wp\/v2\/product"}],"about":[{"href":"https:\/\/www.boxerbasis.de\/it\/wp-json\/wp\/v2\/types\/product"}],"replies":[{"embeddable":true,"href":"https:\/\/www.boxerbasis.de\/it\/wp-json\/wp\/v2\/comments?post=17656"}],"wp:featuredmedia":[{"embeddable":true,"href":"https:\/\/www.boxerbasis.de\/it\/wp-json\/wp\/v2\/media\/6460"}],"wp:attachment":[{"href":"https:\/\/www.boxerbasis.de\/it\/wp-json\/wp\/v2\/media?parent=17656"}],"wp:term":[{"taxonomy":"product_brand","embeddable":true,"href":"https:\/\/www.boxerbasis.de\/it\/wp-json\/wp\/v2\/product_brand?post=17656"},{"taxonomy":"product_cat","embeddable":true,"href":"https:\/\/www.boxerbasis.de\/it\/wp-json\/wp\/v2\/product_cat?post=17656"},{"taxonomy":"product_tag","embeddable":true,"href":"https:\/\/www.boxerbasis.de\/it\/wp-json\/wp\/v2\/product_tag?post=17656"}],"curies":[{"name":"wp","href":"https:\/\/api.w.org\/{rel}","templated":true}]}}