{"id":19850,"date":"2026-03-17T15:35:20","date_gmt":"2026-03-17T14:35:20","guid":{"rendered":"https:\/\/www.boxerbasis.de\/?post_type=product&#038;p=19850"},"modified":"2026-03-17T15:47:16","modified_gmt":"2026-03-17T14:47:16","slug":"zoccolo-per-lalloggiamento-della-lampada-lunch-box-dei-modelli-g-s-e-gs-kopie-2","status":"publish","type":"product","link":"https:\/\/www.boxerbasis.de\/it\/produkt\/zoccolo-per-lalloggiamento-della-lampada-lunch-box-dei-modelli-g-s-e-gs-kopie-2\/","title":{"rendered":"Cuscinetto in gomma con boccola per l&#8217;alloggiamento della lampada (lunch box) dei modelli G\/S e GS"},"content":{"rendered":"<p>Il leggendario &#8220;lunch box&#8221; della G\/S, delle prime GS e della Basic non \u00e8 pi\u00f9 disponibile come originale, ma da tempo \u00e8 di nuovo disponibile come riproduzione,<br \/>\nSolo i relativi supporti in gomma per il fissaggio non sono pi\u00f9 disponibili.<br \/>\nOra abbiamo di nuovo i supporti per l&#8217;alloggiamento del fanale nella nostra gamma.<br \/>\nCi\u00f2 significa che \u00e8 possibile montarle di nuovo correttamente senza dover ricorrere a noiose improvvisazioni.<br \/>\nPer motivi di produzione, il manicotto interno in metallo e la gomma non sono identici al 100% nella forma al precedente pezzo originale BMW, ma il funzionamento \u00e8 pienamente garantito.<\/p>\n<p>Un cuscinetto \u00e8 composto da una parte in gomma, da una boccola e da un disco corrispondente.<\/p>\n<p>Prezzo unitario.<\/p>\n<p>&nbsp;<\/p>\n<p>&nbsp;<\/p>\n<p>&nbsp;<\/p>\n<p>&nbsp;<\/p>\n<p>&nbsp;<\/p>\n<p>&nbsp;<\/p>\n<p>&nbsp;<\/p>\n<p><a href=\"https:\/\/www.boxerbasis.de\/bb\/\">Informazioni sulla sicurezza dei prodotti<\/a><\/p>\n","protected":false},"excerpt":{"rendered":"<p>Qualit\u00e0 buona e comprovata<\/p>\n","protected":false},"featured_media":19523,"comment_status":"closed","ping_status":"closed","template":"","meta":[],"product_brand":[],"product_cat":[439,621],"product_tag":[],"class_list":{"0":"post-19850","1":"product","2":"type-product","3":"status-publish","4":"has-post-thumbnail","6":"product_cat-prodotti-boxerbasis","7":"product_cat-trazione-posteriore","8":"product_shipping_class-kleinteile-it","9":"pa_baugruppe-forcella","10":"pa_baugruppe-carenatura","11":"pa_baugruppe-strumenti","12":"pa_modell-g-s-it","13":"pa_modell-gsbasic-it","14":"pa_modell-gs-it","15":"pa_produktart-parti-nuove","16":"pa_zustand-nouvo","18":"first","19":"instock","20":"taxable","21":"shipping-taxable","22":"purchasable","23":"product-type-simple"},"_links":{"self":[{"href":"https:\/\/www.boxerbasis.de\/it\/wp-json\/wp\/v2\/product\/19850","targetHints":{"allow":["GET"]}}],"collection":[{"href":"https:\/\/www.boxerbasis.de\/it\/wp-json\/wp\/v2\/product"}],"about":[{"href":"https:\/\/www.boxerbasis.de\/it\/wp-json\/wp\/v2\/types\/product"}],"replies":[{"embeddable":true,"href":"https:\/\/www.boxerbasis.de\/it\/wp-json\/wp\/v2\/comments?post=19850"}],"wp:featuredmedia":[{"embeddable":true,"href":"https:\/\/www.boxerbasis.de\/it\/wp-json\/wp\/v2\/media\/19523"}],"wp:attachment":[{"href":"https:\/\/www.boxerbasis.de\/it\/wp-json\/wp\/v2\/media?parent=19850"}],"wp:term":[{"taxonomy":"product_brand","embeddable":true,"href":"https:\/\/www.boxerbasis.de\/it\/wp-json\/wp\/v2\/product_brand?post=19850"},{"taxonomy":"product_cat","embeddable":true,"href":"https:\/\/www.boxerbasis.de\/it\/wp-json\/wp\/v2\/product_cat?post=19850"},{"taxonomy":"product_tag","embeddable":true,"href":"https:\/\/www.boxerbasis.de\/it\/wp-json\/wp\/v2\/product_tag?post=19850"}],"curies":[{"name":"wp","href":"https:\/\/api.w.org\/{rel}","templated":true}]}}