{"id":19858,"date":"2026-03-17T15:57:21","date_gmt":"2026-03-17T14:57:21","guid":{"rendered":"https:\/\/www.boxerbasis.de\/?post_type=product&#038;p=19858"},"modified":"2026-03-17T16:40:47","modified_gmt":"2026-03-17T15:40:47","slug":"cambio-in-folle-per-il-cambio-a-5-velocita-fino-a-9-75-kopie","status":"publish","type":"product","link":"https:\/\/www.boxerbasis.de\/it\/produkt\/cambio-in-folle-per-il-cambio-a-5-velocita-fino-a-9-75-kopie\/","title":{"rendered":"Cambio neutro per il cambio a 5 marce dal 9\/75"},"content":{"rendered":"<p>Lo spessore di 2 mm \u00e8 importante, perch\u00e9 altrimenti lo spazio di contatto nel cambio non sar\u00e0 esattamente corretto e l&#8217;interruttore non funzioner\u00e0 in modo affidabile.<\/p>\n<p>Numero di confronto interruttore 61 31 1 243 097<br \/>\nNumero di confronto anello di tenuta 61311355262<\/p>\n<p>Un piccolo suggerimento:<br \/>\nSe non sei sicuro di quale interruttore sia montato:<br \/>\nPremi la testa a sfera. Se l&#8217;interruttore presenta una continuit\u00e0, si tratta della vecchia versione; se l&#8217;interruttore non presenta continuit\u00e0, si tratta della nuova versione dal 9\/75 in poi. <\/p>\n<p>&nbsp;<\/p>\n<p>&nbsp;<\/p>\n<p>&nbsp;<\/p>\n<p>&nbsp;<\/p>\n<p>&nbsp;<\/p>\n<p>&nbsp;<\/p>\n<p>&nbsp;<\/p>\n<p>&nbsp;<\/p>\n<p>&nbsp;<\/p>\n<p><a href=\"https:\/\/www.boxerbasis.de\/bb\/\">Informazioni sulla sicurezza dei prodotti<\/a><\/p>\n","protected":false},"excerpt":{"rendered":"<p>Nuova parte<\/p>\n","protected":false},"featured_media":19571,"comment_status":"closed","ping_status":"closed","template":"","meta":[],"product_brand":[],"product_cat":[588,439],"product_tag":[],"class_list":{"0":"post-19858","1":"product","2":"type-product","3":"status-publish","4":"has-post-thumbnail","6":"product_cat-ingranaggio","7":"product_cat-prodotti-boxerbasis","8":"product_shipping_class-kleinteile-it","9":"pa_baugruppe-getriebe-it","10":"pa_modell-6-it","11":"pa_modell-7-it","12":"pa_modell-65-80-100-monolever-it","13":"pa_modell-g-s-it","14":"pa_modell-gsbasic-it","15":"pa_modell-mystic-it","16":"pa_modell-r-45-65-it","17":"pa_modell-gs-it","18":"pa_modell-r-80-e-100-r","19":"pa_modell-r80st-it","20":"pa_modell-90s-it","21":"pa_produktart-parti-nuove","22":"pa_zustand-nouvo","24":"first","25":"instock","26":"taxable","27":"shipping-taxable","28":"purchasable","29":"product-type-simple"},"_links":{"self":[{"href":"https:\/\/www.boxerbasis.de\/it\/wp-json\/wp\/v2\/product\/19858","targetHints":{"allow":["GET"]}}],"collection":[{"href":"https:\/\/www.boxerbasis.de\/it\/wp-json\/wp\/v2\/product"}],"about":[{"href":"https:\/\/www.boxerbasis.de\/it\/wp-json\/wp\/v2\/types\/product"}],"replies":[{"embeddable":true,"href":"https:\/\/www.boxerbasis.de\/it\/wp-json\/wp\/v2\/comments?post=19858"}],"wp:featuredmedia":[{"embeddable":true,"href":"https:\/\/www.boxerbasis.de\/it\/wp-json\/wp\/v2\/media\/19571"}],"wp:attachment":[{"href":"https:\/\/www.boxerbasis.de\/it\/wp-json\/wp\/v2\/media?parent=19858"}],"wp:term":[{"taxonomy":"product_brand","embeddable":true,"href":"https:\/\/www.boxerbasis.de\/it\/wp-json\/wp\/v2\/product_brand?post=19858"},{"taxonomy":"product_cat","embeddable":true,"href":"https:\/\/www.boxerbasis.de\/it\/wp-json\/wp\/v2\/product_cat?post=19858"},{"taxonomy":"product_tag","embeddable":true,"href":"https:\/\/www.boxerbasis.de\/it\/wp-json\/wp\/v2\/product_tag?post=19858"}],"curies":[{"name":"wp","href":"https:\/\/api.w.org\/{rel}","templated":true}]}}