{"id":19900,"date":"2026-03-17T16:37:54","date_gmt":"2026-03-17T15:37:54","guid":{"rendered":"https:\/\/www.boxerbasis.de\/?post_type=product&#038;p=19900"},"modified":"2026-04-01T14:44:51","modified_gmt":"2026-04-01T12:44:51","slug":"filtro-aria-originale-lx-56-per-tutti-i-boxer-a-2-valvole-dal-9-80-con-filtro-aria-a-piastre-kopie","status":"publish","type":"product","link":"https:\/\/www.boxerbasis.de\/it\/produkt\/filtro-aria-originale-lx-56-per-tutti-i-boxer-a-2-valvole-dal-9-80-con-filtro-aria-a-piastre-kopie\/","title":{"rendered":"Prolunga forcellone originale Schek per R80 G\/S"},"content":{"rendered":"<p>La leggendaria estensione del forcellone Schek da 50 mm, comprensiva di campana cardanica estesa, nuovi bulloni di montaggio lunghi e documenti per la registrazione.<\/p>\n<p>Il metodo ottimale, praticato da decenni, per migliorare le caratteristiche di maneggevolezza, soprattutto la stabilit\u00e0 direzionale della G\/S, senza alterare irrimediabilmente le ormai rare parti originali. L&#8217;estensione del forcellone Schek di 50 mm, abbinata alla forcella dei modelli GS Paralever e a una regolazione della molla leggermente pi\u00f9 rigida, offre numerosi vantaggi:<\/p>\n<ul>\n<li>La stabilit\u00e0 in rettilineo \u00e8 migliorata senza perdere in manovrabilit\u00e0<\/li>\n<li>Il G\/S non \u00e8 infinitamente alto, le dimensioni sono quindi simili a quelle del Paralever GS<\/li>\n<li>La forcella GS con diametro del tubo dello stelo di 40 mm \u00e8 chiaramente migliore.<\/li>\n<li>Non \u00e8 necessario eseguire lavori di saldatura sul forcellone originale.<\/li>\n<li>L&#8217;albero cardanico originale \u00e8 conservato e pu\u00f2 essere facilmente sostituito con un pezzo originale in caso di emergenza.<\/li>\n<li>Lo smontaggio per tornare allo stato originale \u00e8 possibile in qualsiasi momento senza problemi o residui.<\/li>\n<li>L&#8217;intera ristrutturazione rimane all&#8217;interno di un budget ragionevole<\/li>\n<\/ul>\n<p>Si allega un certificato di ricambio di Schek.<\/p>\n<p>Abbiamo utilizzato questa configurazione sulla nostra mucca domestica per quasi 20 anni. Non condividiamo l&#8217;opinione che il pezzo possa torcersi. I bulloni di precisione forniti mantengono il blocco in posizione anche sotto carichi elevati. Con le repliche economiche e imprecise e l&#8217;uso di normali bulloni filettati, invece, \u00e8 possibile una torsione.   <\/p>\n<p><a href=\"https:\/\/www.boxerbasis.de\/it\/produttore-mahle\/\">Informazioni sulla sicurezza dei prodotti<\/a><\/p>\n","protected":false},"excerpt":{"rendered":"<p>Estensione del forcellone Schek con certificato dei pezzi &#8211; l&#8217;originale!<\/p>\n","protected":false},"featured_media":19655,"comment_status":"closed","ping_status":"closed","template":"","meta":[],"product_brand":[],"product_cat":[615,621],"product_tag":[],"class_list":{"0":"post-19900","1":"product","2":"type-product","3":"status-publish","4":"has-post-thumbnail","6":"product_cat-chassis-it","7":"product_cat-trazione-posteriore","8":"product_shipping_class-03kg-it","9":"pa_baugruppe-asse-posteriore","10":"pa_baugruppe-attrezzatura","11":"pa_baugruppe-telaio","12":"pa_baugruppe-chassis-it","13":"pa_modell-g-s-it","14":"pa_modell-rally-corsa","15":"pa_produktart-parti-nuove","16":"pa_zustand-nouvo","18":"first","19":"instock","20":"taxable","21":"shipping-taxable","22":"purchasable","23":"product-type-simple"},"_links":{"self":[{"href":"https:\/\/www.boxerbasis.de\/it\/wp-json\/wp\/v2\/product\/19900","targetHints":{"allow":["GET"]}}],"collection":[{"href":"https:\/\/www.boxerbasis.de\/it\/wp-json\/wp\/v2\/product"}],"about":[{"href":"https:\/\/www.boxerbasis.de\/it\/wp-json\/wp\/v2\/types\/product"}],"replies":[{"embeddable":true,"href":"https:\/\/www.boxerbasis.de\/it\/wp-json\/wp\/v2\/comments?post=19900"}],"wp:featuredmedia":[{"embeddable":true,"href":"https:\/\/www.boxerbasis.de\/it\/wp-json\/wp\/v2\/media\/19655"}],"wp:attachment":[{"href":"https:\/\/www.boxerbasis.de\/it\/wp-json\/wp\/v2\/media?parent=19900"}],"wp:term":[{"taxonomy":"product_brand","embeddable":true,"href":"https:\/\/www.boxerbasis.de\/it\/wp-json\/wp\/v2\/product_brand?post=19900"},{"taxonomy":"product_cat","embeddable":true,"href":"https:\/\/www.boxerbasis.de\/it\/wp-json\/wp\/v2\/product_cat?post=19900"},{"taxonomy":"product_tag","embeddable":true,"href":"https:\/\/www.boxerbasis.de\/it\/wp-json\/wp\/v2\/product_tag?post=19900"}],"curies":[{"name":"wp","href":"https:\/\/api.w.org\/{rel}","templated":true}]}}