{"id":2894,"date":"2022-08-04T10:13:33","date_gmt":"2022-08-04T08:13:33","guid":{"rendered":"https:\/\/www.boxerbasis.de\/?post_type=product&#038;p=2894"},"modified":"2025-02-05T15:02:08","modified_gmt":"2025-02-05T14:02:08","slug":"44","status":"publish","type":"product","link":"https:\/\/www.boxerbasis.de\/it\/produkt\/44\/","title":{"rendered":"BMW Boxer Band 1: Alle Modelle mit zwei Federbeinen"},"content":{"rendered":"<p><strong>Andy Schwietzer:<br \/>\n<\/strong><strong>BMW Boxer Band 1: Alle Modelle mit zwei Federbeinen von 1969 bis 1984<\/strong><\/p>\n<p>Gr\u00fcndlicher als jemals zuvor werden hier die BMW \u201eZweiventil\u201c-Boxer-Motorr\u00e4der vorgestellt. Diese Baureihe deb\u00fctierte Ende 1969 mit den \/5-Modellen. Eine lange Erfolgsgeschichte nahm ihren Anfang und endete nach mehr als einer Viertelmillion gebauten Motorr\u00e4dern erst 1996 mit der R 80 GS Basic. Im vorliegenden ersten Band werden alle Modelle mit zwei Federbeinen vorgestellt. Das sind die Maschinen der Baureihen der \/5 \/6 und \/7. Dazu kommen die Modelle der R 45, R 65, R 65 LS und schlie\u00dflich die R 80 RT, R 100 CS, R 100 T, R 100 RT und R 100 RS, die bis 1985 gebaut wurden. Nicht nur, dass alle Serienmodelle und noch nie gezeigte Prototypen detailliert beschrieben werden, auch die V\u00e4ter dieser Maschinen kommen zu Wort. Alle Rahmen- und Motornummern, sichtbare und unsichtbare Detail\u00e4nderungen, gebaute St\u00fcckzahlen, Tipps zum Gebrauchtkauf, zur Identifizierung und zur Restaurierung dieser zu Klassikern gereiften Maschinen erg\u00e4nzen den vorliegenden Band.<\/p>\n<p>Hardcover, 176 Seiten, Hochformat DIN A4, 284 Abbildungen. 4.\u00a0 Auflage von 2013. ISBN: 978-3-9806631-4-4<\/p>\n","protected":false},"excerpt":{"rendered":"<p>Im diesem Band werden alle Modelle mit zwei Federbeinen vorgestellt-<\/p>\n","protected":false},"featured_media":2887,"comment_status":"closed","ping_status":"closed","template":"","meta":[],"product_brand":[],"product_cat":[210],"product_tag":[],"class_list":{"0":"post-2894","1":"product","2":"type-product","3":"status-publish","4":"has-post-thumbnail","6":"product_cat-literatur","7":"product_shipping_class-01kg","8":"pa_produktart-literatur","9":"pa_zustand-neu","11":"first","12":"instock","13":"taxable","14":"shipping-taxable","15":"purchasable","16":"product-type-simple"},"_links":{"self":[{"href":"https:\/\/www.boxerbasis.de\/it\/wp-json\/wp\/v2\/product\/2894","targetHints":{"allow":["GET"]}}],"collection":[{"href":"https:\/\/www.boxerbasis.de\/it\/wp-json\/wp\/v2\/product"}],"about":[{"href":"https:\/\/www.boxerbasis.de\/it\/wp-json\/wp\/v2\/types\/product"}],"replies":[{"embeddable":true,"href":"https:\/\/www.boxerbasis.de\/it\/wp-json\/wp\/v2\/comments?post=2894"}],"wp:featuredmedia":[{"embeddable":true,"href":"https:\/\/www.boxerbasis.de\/it\/wp-json\/wp\/v2\/media\/2887"}],"wp:attachment":[{"href":"https:\/\/www.boxerbasis.de\/it\/wp-json\/wp\/v2\/media?parent=2894"}],"wp:term":[{"taxonomy":"product_brand","embeddable":true,"href":"https:\/\/www.boxerbasis.de\/it\/wp-json\/wp\/v2\/product_brand?post=2894"},{"taxonomy":"product_cat","embeddable":true,"href":"https:\/\/www.boxerbasis.de\/it\/wp-json\/wp\/v2\/product_cat?post=2894"},{"taxonomy":"product_tag","embeddable":true,"href":"https:\/\/www.boxerbasis.de\/it\/wp-json\/wp\/v2\/product_tag?post=2894"}],"curies":[{"name":"wp","href":"https:\/\/api.w.org\/{rel}","templated":true}]}}