{"id":2900,"date":"2022-08-04T10:34:34","date_gmt":"2022-08-04T08:34:34","guid":{"rendered":"https:\/\/www.boxerbasis.de\/?post_type=product&#038;p=2900"},"modified":"2025-02-05T15:40:50","modified_gmt":"2025-02-05T14:40:50","slug":"98","status":"publish","type":"product","link":"https:\/\/www.boxerbasis.de\/it\/produkt\/98\/","title":{"rendered":"BMW Boxer Band 6: R 50 bis R 69 S"},"content":{"rendered":"<p><strong>Thomas Wenzel<br \/>\n<\/strong><strong>BMW Boxer Band 6: BMW R 50 bis R 69 S<\/strong><\/p>\n<p>F\u00fcr die Kenner des Verlagsprogramms des Bodensteiner-Verlags war klar, dass der L\u00fcckenschluss zwischen dem Boxer Band 5, der sich mit den teleskopgefederten BMW Boxer der 50er Jahre befasst und den anderen B\u00fcchern der Boxerbaureihe, welche die Modelle ab 1969 im Fokus haben, irgendwann passieren w\u00fcrde. Im ersten Quartal 2022 erschien daher ein weiteres Buch aus der Feder von Thomas Welzel: \u201eBMW Boxer im Detail\u201c Band 6 \u2013 BMW R 50 bis R69 S, der sich inhaltlich bei den Inhalten am Band 5 orientiert. Der Umfang ist aber im Vergleich zu Band 5 gr\u00f6\u00dfer, da 14 Jahre Produktionszeit der Baureihe deutlich mehr Raum verlangen.<\/p>\n<p>Hardcover, 240 Seiten, Hochformat DIN A4, 490 Abbildungen. ISBN: 978-3-9816013-9-8<\/p>\n","protected":false},"excerpt":{"rendered":"<p>Schlie\u00dft die L\u00fccke zwischen Band 5 und den B\u00fcchern \u00fcber die Boxer \u00fcber die Modelle ab 1969<\/p>\n","protected":false},"featured_media":2892,"comment_status":"closed","ping_status":"closed","template":"","meta":[],"product_brand":[],"product_cat":[210],"product_tag":[],"class_list":{"0":"post-2900","1":"product","2":"type-product","3":"status-publish","4":"has-post-thumbnail","6":"product_cat-literatur","7":"product_shipping_class-01kg","8":"pa_produktart-literatur","9":"pa_zustand-neu","11":"first","12":"instock","13":"taxable","14":"shipping-taxable","15":"purchasable","16":"product-type-simple"},"_links":{"self":[{"href":"https:\/\/www.boxerbasis.de\/it\/wp-json\/wp\/v2\/product\/2900","targetHints":{"allow":["GET"]}}],"collection":[{"href":"https:\/\/www.boxerbasis.de\/it\/wp-json\/wp\/v2\/product"}],"about":[{"href":"https:\/\/www.boxerbasis.de\/it\/wp-json\/wp\/v2\/types\/product"}],"replies":[{"embeddable":true,"href":"https:\/\/www.boxerbasis.de\/it\/wp-json\/wp\/v2\/comments?post=2900"}],"wp:featuredmedia":[{"embeddable":true,"href":"https:\/\/www.boxerbasis.de\/it\/wp-json\/wp\/v2\/media\/2892"}],"wp:attachment":[{"href":"https:\/\/www.boxerbasis.de\/it\/wp-json\/wp\/v2\/media?parent=2900"}],"wp:term":[{"taxonomy":"product_brand","embeddable":true,"href":"https:\/\/www.boxerbasis.de\/it\/wp-json\/wp\/v2\/product_brand?post=2900"},{"taxonomy":"product_cat","embeddable":true,"href":"https:\/\/www.boxerbasis.de\/it\/wp-json\/wp\/v2\/product_cat?post=2900"},{"taxonomy":"product_tag","embeddable":true,"href":"https:\/\/www.boxerbasis.de\/it\/wp-json\/wp\/v2\/product_tag?post=2900"}],"curies":[{"name":"wp","href":"https:\/\/api.w.org\/{rel}","templated":true}]}}