{"id":9004,"date":"2020-12-13T17:22:50","date_gmt":"2020-12-13T16:22:50","guid":{"rendered":"https:\/\/www.boxerbasis.de\/produkt\/tsg\/"},"modified":"2025-07-29T15:21:41","modified_gmt":"2025-07-29T13:21:41","slug":"tsg","status":"publish","type":"product","link":"https:\/\/www.boxerbasis.de\/it\/produkt\/tsg\/","title":{"rendered":"Pellicola di protezione per serbatoi R 80 G\/S, ST, Basic, 65 GS, G\/S PD"},"content":{"rendered":"<p>La migliore pellicola per serbatoi: la speciale pellicola protettiva Oraguard ad alto spessore con uno spessore di 0,15 mm.<\/p>\n<p>Protegge dalle abrasioni nei punti in cui la sella si appoggia al serbatoio. Nonostante il suo spessore, si adatta perfettamente alle curve. Difficilmente visibile nelle foto o nella realt\u00e0, poich\u00e9 \u00e8 realizzato con precisione e altamente trasparente. Facile da montare.   <\/p>\n<p>Su Internet e soprattutto su eBay vengono offerte numerose pellicole, ma sono di qualit\u00e0 inferiore o addirittura inadatte. Spesso hanno uno spessore di soli 0,08 mm o meno e non sono resistenti alla benzina. Noi utilizziamo la pellicola Oraguard, un prodotto di marca di alta qualit\u00e0 sviluppato appositamente per proteggere le superfici verniciate dalle scheggiature e dalle sollecitazioni meccaniche. Il materiale \u00e8 resistente alla maggior parte dei grassi, degli oli e dei carburanti. La pellicola \u00e8 altamente trasparente, lucida e ha un&#8217;eccellente resistenza ai raggi UV. Con uno spessore di 0,15 mm, \u00e8 particolarmente spessa ma abbastanza flessibile da seguire la forma del serbatoio. \u00c8 appena visibile e si modifica difficilmente grazie alla sua resistenza ai raggi UV. Ci\u00f2 significa che l&#8217;aspetto originale della vasca non viene alterato.       <\/p>\n<p>L&#8217;ideale sarebbe installare la pellicola bagnata. Finch\u00e9 la miscela di acqua e detergente \u00e8 ancora sotto la pellicola, questa pu\u00f2 essere spostata e posizionata con precisione. L&#8217;acqua viene poi eliminata con una carta assegni o simili e l&#8217;umidit\u00e0 residua scompare da sola per diffusione.  <\/p>\n<p><a href=\"https:\/\/www.boxerbasis.de\/wp-content\/uploads\/2021\/04\/TSG-TS7-2010-01_DE-1.pdf\">Istruzioni per l&#8217;installazione delle pellicole protettive per serbatoi TSG e TS7 (PDF)<\/a><\/p>\n<p><a href=\"https:\/\/www.boxerbasis.de\/wp-content\/uploads\/2021\/04\/TSG-TS7-2010-01_EN.pdf\" target=\"\" rel=\"noopener\">Istruzioni per il montaggio della pellicola protettiva per serbatoi TSG e TS7 (PDF)<\/a><\/p>\n<p><a href=\"https:\/\/www.boxerbasis.de\/wp-content\/uploads\/2021\/04\/TSG-TS7-2010-01_FR.pdf\" target=\"\" rel=\"noopener\">TSG e TS7 Istruzioni per il montaggio del film protettivo del serbatoio (PDF)<\/a><\/p>\n<p><a href=\"https:\/\/www.boxerbasis.de\/wp-content\/uploads\/2021\/04\/TSG-TS7-2010-01_IT.pdf\" target=\"\" rel=\"noopener\">TSG e TS7 Film di protezione del serbatoio istruzioni per il montaggio (PDF<\/a><\/p>\n<p><a href=\"https:\/\/www.boxerbasis.de\/wp-content\/uploads\/2021\/04\/TSG-TS7-2010-01_NL.pdf\" target=\"\" rel=\"noopener\">TSG e TS7 Pellicola di montaggio per serbatoi &#8211; Istruzioni di montaggio (PDF)<\/a><\/p>\n<p><a href=\"https:\/\/www.boxerbasis.de\/bb\/\" target=\"_blank\" rel=\"noopener\">Informazioni sul produttore e sulla sicurezza del prodotto<\/a><\/p>\n<p>&nbsp;<\/p>\n<p>&nbsp;<\/p>\n","protected":false},"excerpt":{"rendered":"<p>Pellicola protettiva speciale, particolarmente spessa. Protegge dall&#8217;abrasione nei punti in cui il sedile si appoggia al serbatoio. <\/p>\n","protected":false},"featured_media":4993,"comment_status":"closed","ping_status":"closed","template":"","meta":[],"product_brand":[],"product_cat":[439,438],"product_tag":[],"class_list":{"0":"post-9004","1":"product","2":"type-product","3":"status-publish","4":"has-post-thumbnail","6":"product_cat-prodotti-boxerbasis","7":"product_cat-serbatoio-e-tubi","8":"product_shipping_class-kleinteile-it","9":"pa_baugruppe-serbatoio","10":"pa_modell-g-s-it","11":"pa_modell-gsbasic-it","12":"pa_modell-gs-it","13":"pa_produktart-boxerbasis-it","14":"pa_produktart-parti-nuove","15":"pa_zustand-nouvo","17":"first","18":"instock","19":"featured","20":"taxable","21":"shipping-taxable","22":"purchasable","23":"product-type-simple"},"_links":{"self":[{"href":"https:\/\/www.boxerbasis.de\/it\/wp-json\/wp\/v2\/product\/9004","targetHints":{"allow":["GET"]}}],"collection":[{"href":"https:\/\/www.boxerbasis.de\/it\/wp-json\/wp\/v2\/product"}],"about":[{"href":"https:\/\/www.boxerbasis.de\/it\/wp-json\/wp\/v2\/types\/product"}],"replies":[{"embeddable":true,"href":"https:\/\/www.boxerbasis.de\/it\/wp-json\/wp\/v2\/comments?post=9004"}],"wp:featuredmedia":[{"embeddable":true,"href":"https:\/\/www.boxerbasis.de\/it\/wp-json\/wp\/v2\/media\/4993"}],"wp:attachment":[{"href":"https:\/\/www.boxerbasis.de\/it\/wp-json\/wp\/v2\/media?parent=9004"}],"wp:term":[{"taxonomy":"product_brand","embeddable":true,"href":"https:\/\/www.boxerbasis.de\/it\/wp-json\/wp\/v2\/product_brand?post=9004"},{"taxonomy":"product_cat","embeddable":true,"href":"https:\/\/www.boxerbasis.de\/it\/wp-json\/wp\/v2\/product_cat?post=9004"},{"taxonomy":"product_tag","embeddable":true,"href":"https:\/\/www.boxerbasis.de\/it\/wp-json\/wp\/v2\/product_tag?post=9004"}],"curies":[{"name":"wp","href":"https:\/\/api.w.org\/{rel}","templated":true}]}}