{"id":9013,"date":"2020-11-27T10:31:00","date_gmt":"2020-11-27T09:31:00","guid":{"rendered":"https:\/\/www.boxerbasis.de\/produkt\/rlb\/"},"modified":"2025-07-29T15:22:21","modified_gmt":"2025-07-29T13:22:21","slug":"rlb","status":"publish","type":"product","link":"https:\/\/www.boxerbasis.de\/it\/produkt\/rlb\/","title":{"rendered":"Linguette di riparazione per entrambe le coperture laterali G\/S"},"content":{"rendered":"<p><strong>Il risparmio delle coperture laterali \u00e8 facile!<\/strong><\/p>\n<p>Spesso le staffe delle coperture laterali si rompono e le coperture non possono pi\u00f9 essere fissate. Le linguette per la riparazione delle coperture laterali BOXERBASIS offrono un semplice rimedio. L&#8217;installazione \u00e8 semplice: incolla (con un buon adesivo bicomponente disponibile in commercio), fora e rivetta. Le linguette sono realizzate con precisione e vengono fornite con rivetti ciechi abbinati. Tutto ci\u00f2 di cui hai bisogno \u00e8 la colla, un trapano da 3 mm e una pinza per rivettare.     Il set per il lato destro \u00e8 adatto anche alla ST.<\/p>\n<p><a href=\"https:\/\/www.boxerbasis.de\/bb\/\" target=\"_blank\" rel=\"noopener\">Informazioni sul produttore e sulla sicurezza del prodotto<\/a><\/p>\n","protected":false},"excerpt":{"rendered":"<p>Set di linguette per la riparazione delle coperture laterali BOXERBASIS per entrambe le coperture laterali. Un metodo semplice per riparare le linguette rotte. <\/p>\n","protected":false},"featured_media":4891,"comment_status":"closed","ping_status":"closed","template":"","meta":[],"product_brand":[],"product_cat":[439],"product_tag":[],"class_list":{"0":"post-9013","1":"product","2":"type-product","3":"status-publish","4":"has-post-thumbnail","6":"product_cat-prodotti-boxerbasis","7":"product_shipping_class-kleinteile-it","8":"pa_baugruppe-forcella","9":"pa_modell-g-s-it","10":"pa_produktart-boxerbasis-it","11":"pa_produktart-parti-nuove","12":"pa_zustand-nouvo","14":"first","15":"instock","16":"featured","17":"taxable","18":"shipping-taxable","19":"purchasable","20":"product-type-simple"},"_links":{"self":[{"href":"https:\/\/www.boxerbasis.de\/it\/wp-json\/wp\/v2\/product\/9013","targetHints":{"allow":["GET"]}}],"collection":[{"href":"https:\/\/www.boxerbasis.de\/it\/wp-json\/wp\/v2\/product"}],"about":[{"href":"https:\/\/www.boxerbasis.de\/it\/wp-json\/wp\/v2\/types\/product"}],"replies":[{"embeddable":true,"href":"https:\/\/www.boxerbasis.de\/it\/wp-json\/wp\/v2\/comments?post=9013"}],"wp:featuredmedia":[{"embeddable":true,"href":"https:\/\/www.boxerbasis.de\/it\/wp-json\/wp\/v2\/media\/4891"}],"wp:attachment":[{"href":"https:\/\/www.boxerbasis.de\/it\/wp-json\/wp\/v2\/media?parent=9013"}],"wp:term":[{"taxonomy":"product_brand","embeddable":true,"href":"https:\/\/www.boxerbasis.de\/it\/wp-json\/wp\/v2\/product_brand?post=9013"},{"taxonomy":"product_cat","embeddable":true,"href":"https:\/\/www.boxerbasis.de\/it\/wp-json\/wp\/v2\/product_cat?post=9013"},{"taxonomy":"product_tag","embeddable":true,"href":"https:\/\/www.boxerbasis.de\/it\/wp-json\/wp\/v2\/product_tag?post=9013"}],"curies":[{"name":"wp","href":"https:\/\/api.w.org\/{rel}","templated":true}]}}