{"id":9031,"date":"2019-09-11T16:59:56","date_gmt":"2019-09-11T14:59:56","guid":{"rendered":"https:\/\/www.boxerbasis.de\/produkt\/hzs\/"},"modified":"2026-02-20T10:32:35","modified_gmt":"2026-02-20T09:32:35","slug":"hzs","status":"publish","type":"product","link":"https:\/\/www.boxerbasis.de\/it\/produkt\/hzs\/","title":{"rendered":"Puntone posteriore aggiuntivo"},"content":{"rendered":"<p>Il nostro puntone aggiuntivo stabilizza il telaio posteriore dei modelli ST, GS e G\/S. I costosi telai posteriori rotti appartengono ormai al passato. <\/p>\n<p>Soprattutto se utilizzato in fuoristrada e con il carico aggiuntivo dei bagagli, la parte posteriore pu\u00f2 rompersi o deformarsi. Il nostro puntone contrasta questo fenomeno. \u00c8 prodotto in esclusiva per la BOXERBASIS da Fehling con la consueta qualit\u00e0 ed \u00e8 verniciato a polvere in nero. Un puntone \u00e8 montato per tutti i modelli con scarico in alto e due puntoni per tutti i modelli con scarico in basso. Il set di viti corrispondente \u00e8 incluso nella fornitura.    <\/p>\n<p>La caratteristica speciale \u00e8 la piastra di stabilizzazione in acciaio inossidabile inclusa in ogni puntone, che viene avvitata all&#8217;interno della parte posteriore del telaio. Distribuisce le forze e ha un ulteriore effetto stabilizzante. Come i montanti, si adatta anche all&#8217;utilizzo del portapacchi standard e del telaio posteriore forato dei modelli G\/S della prima serie (a seconda del portapacchi, potrebbe essere necessario procurarsi e installare dei dischi distanziatori e dei bulloni pi\u00f9 lunghi disponibili in commercio). La piastra pu\u00f2 essere utilizzata anche per stabilizzare i telai posteriori incrinati; per questo \u00e8 disponibile anche separatamente.   <\/p>\n<p>Per BMW R 80 ST, R 65 &#8211; 80 &#8211; 100 GS, R 80 G\/S, anche Paris-Dakar e Basic<\/p>\n<p><a href=\"https:\/\/www.boxerbasis.de\/wp-content\/uploads\/2021\/01\/HZS-2021-01.pdf\">Scarica le istruzioni di montaggio (DE)<\/a><\/p>\n<p><a href=\"https:\/\/www.boxerbasis.de\/bb\/\" target=\"_blank\" rel=\"noopener\">Informazioni sul produttore e sulla sicurezza del prodotto<\/a><\/p>\n","protected":false},"excerpt":{"rendered":"<p>L&#8217;ingegnoso puntone stabilizza la parte posteriore del telaio &#8211; per R 80 ST, R 65 &#8211; 80 &#8211; 100 GS, R 80 G\/S, anche Paris-Dakar e Basic.<\/p>\n","protected":false},"featured_media":4966,"comment_status":"closed","ping_status":"closed","template":"","meta":[],"product_brand":[],"product_cat":[439,448],"product_tag":[],"class_list":{"0":"post-9031","1":"product","2":"type-product","3":"status-publish","4":"has-post-thumbnail","6":"product_cat-prodotti-boxerbasis","7":"product_cat-telaio","8":"product_shipping_class-01kg-it-2","9":"pa_baugruppe-telaio","10":"pa_modell-g-s-it","11":"pa_produktart-boxerbasis-it","12":"pa_produktart-parti-nuove","13":"pa_zustand-nouvo","15":"first","16":"instock","17":"featured","18":"taxable","19":"shipping-taxable","20":"purchasable","21":"product-type-simple"},"_links":{"self":[{"href":"https:\/\/www.boxerbasis.de\/it\/wp-json\/wp\/v2\/product\/9031","targetHints":{"allow":["GET"]}}],"collection":[{"href":"https:\/\/www.boxerbasis.de\/it\/wp-json\/wp\/v2\/product"}],"about":[{"href":"https:\/\/www.boxerbasis.de\/it\/wp-json\/wp\/v2\/types\/product"}],"replies":[{"embeddable":true,"href":"https:\/\/www.boxerbasis.de\/it\/wp-json\/wp\/v2\/comments?post=9031"}],"wp:featuredmedia":[{"embeddable":true,"href":"https:\/\/www.boxerbasis.de\/it\/wp-json\/wp\/v2\/media\/4966"}],"wp:attachment":[{"href":"https:\/\/www.boxerbasis.de\/it\/wp-json\/wp\/v2\/media?parent=9031"}],"wp:term":[{"taxonomy":"product_brand","embeddable":true,"href":"https:\/\/www.boxerbasis.de\/it\/wp-json\/wp\/v2\/product_brand?post=9031"},{"taxonomy":"product_cat","embeddable":true,"href":"https:\/\/www.boxerbasis.de\/it\/wp-json\/wp\/v2\/product_cat?post=9031"},{"taxonomy":"product_tag","embeddable":true,"href":"https:\/\/www.boxerbasis.de\/it\/wp-json\/wp\/v2\/product_tag?post=9031"}],"curies":[{"name":"wp","href":"https:\/\/api.w.org\/{rel}","templated":true}]}}