{"id":9040,"date":"2019-06-17T18:10:48","date_gmt":"2019-06-17T16:10:48","guid":{"rendered":"https:\/\/www.boxerbasis.de\/produkt\/rgs\/"},"modified":"2025-07-29T15:23:35","modified_gmt":"2025-07-29T13:23:35","slug":"rgs","status":"publish","type":"product","link":"https:\/\/www.boxerbasis.de\/it\/produkt\/rgs\/","title":{"rendered":"Vite rotonda dell&#8217;alloggiamento del filtro dell&#8217;aria"},"content":{"rendered":"<p>Splendidamente sagomata e migliore dell&#8217;originale! Chiunque sia stanco del misero gioco del &#8220;provo a incastrare il filetto&#8221; e voglia comunque essere molto simile all&#8217;originale, amer\u00e0 questa vite! La vite a brugola \u00e8 molto pi\u00f9 facile da usare quando \u00e8 montata sulla chiave a brugola. \u00c8 molto pi\u00f9 facile colpire la filettatura opposta. E con 5 mm in pi\u00f9 di lunghezza della vite, l&#8217;operazione \u00e8 ancora pi\u00f9 semplice. Inoltre, pensiamo che la chiave a brugola sia pi\u00f9 bella della vite a taglio originale. Questa vite \u00e8 prodotta secondo le nostre specifiche per BOXERBASIS. La vite \u00e8 realizzata in acciaio inossidabile e, come l&#8217;originale, ha naturalmente la punta di centraggio obbligatoria!       <\/p>\n<p><a href=\"https:\/\/www.boxerbasis.de\/bb\/\" target=\"_blank\" rel=\"noopener\">Informazioni sul produttore e sulla sicurezza del prodotto<\/a><\/p>\n","protected":false},"excerpt":{"rendered":"<p>Attraente e migliore dell&#8217;originale! Per tutti i motori a due valvole con filtro dell&#8217;aria rotondo, ad esempio \/5 \/6 \/7 90S <\/p>\n","protected":false},"featured_media":4906,"comment_status":"closed","ping_status":"closed","template":"","meta":[],"product_brand":[],"product_cat":[439,454],"product_tag":[],"class_list":{"0":"post-9040","1":"product","2":"type-product","3":"status-publish","4":"has-post-thumbnail","6":"product_cat-prodotti-boxerbasis","7":"product_cat-preparazione-e-regolazione-della-benzina","8":"pa_baugruppe-motore","9":"pa_modell-5-it","10":"pa_modell-6-it","11":"pa_modell-7-it","12":"pa_modell-90s-it","13":"pa_produktart-boxerbasis-it","14":"pa_produktart-parti-nuove","15":"pa_zustand-nouvo","17":"first","18":"instock","19":"taxable","20":"shipping-taxable","21":"purchasable","22":"product-type-simple"},"_links":{"self":[{"href":"https:\/\/www.boxerbasis.de\/it\/wp-json\/wp\/v2\/product\/9040","targetHints":{"allow":["GET"]}}],"collection":[{"href":"https:\/\/www.boxerbasis.de\/it\/wp-json\/wp\/v2\/product"}],"about":[{"href":"https:\/\/www.boxerbasis.de\/it\/wp-json\/wp\/v2\/types\/product"}],"replies":[{"embeddable":true,"href":"https:\/\/www.boxerbasis.de\/it\/wp-json\/wp\/v2\/comments?post=9040"}],"wp:featuredmedia":[{"embeddable":true,"href":"https:\/\/www.boxerbasis.de\/it\/wp-json\/wp\/v2\/media\/4906"}],"wp:attachment":[{"href":"https:\/\/www.boxerbasis.de\/it\/wp-json\/wp\/v2\/media?parent=9040"}],"wp:term":[{"taxonomy":"product_brand","embeddable":true,"href":"https:\/\/www.boxerbasis.de\/it\/wp-json\/wp\/v2\/product_brand?post=9040"},{"taxonomy":"product_cat","embeddable":true,"href":"https:\/\/www.boxerbasis.de\/it\/wp-json\/wp\/v2\/product_cat?post=9040"},{"taxonomy":"product_tag","embeddable":true,"href":"https:\/\/www.boxerbasis.de\/it\/wp-json\/wp\/v2\/product_tag?post=9040"}],"curies":[{"name":"wp","href":"https:\/\/api.w.org\/{rel}","templated":true}]}}