{"id":9052,"date":"2019-04-09T15:51:13","date_gmt":"2019-04-09T13:51:13","guid":{"rendered":"https:\/\/www.boxerbasis.de\/produkt\/rgv\/"},"modified":"2025-07-29T15:40:45","modified_gmt":"2025-07-29T13:40:45","slug":"rgv","status":"publish","type":"product","link":"https:\/\/www.boxerbasis.de\/it\/produkt\/rgv\/","title":{"rendered":"Riparare il bullone filettato per il collegamento a vite del coperchio della valvola"},"content":{"rendered":"<p><strong>Per le connessioni a vite del coperchio della valvola sui motori BMW a 2 valvole<\/strong><\/p>\n<p>Il perno M8 per il dado del coperchio della valvola pu\u00f2 allentarsi per vari motivi. Gli inserti di riparazione filettati raramente forniscono un rimedio in questo caso. La soluzione migliore \u00e8 rappresentata dai perni di riparazione RGV di BOXERBASIS. L&#8217;installazione \u00e8 molto semplice: fora la filettatura (\u00f8 8,1 mm), taglia una nuova filettatura con un rubinetto M10 e svasa con una svasatura a 45\u00b0. Quindi avvita i bulloni di riparazione utilizzando del frenafiletti. Lo smusso assicura che i bulloni di riparazione si adattino perfettamente con la giusta profondit\u00e0 di avvitamento.     <\/p>\n<p>I bulloni di riparazione sono personalizzati in acciaio inox appositamente per BOXERBASIS.<\/p>\n<p><a href=\"https:\/\/www.boxerbasis.de\/bb\/\" target=\"_blank\" rel=\"noopener\">Informazioni sul produttore e sulla sicurezza del prodotto<\/a><\/p>\n","protected":false},"excerpt":{"rendered":"<p>Soluzione ideale per riparare le filettature danneggiate dei prigionieri nella testa del cilindro. Meglio degli inserti per la riparazione dei filetti! <\/p>\n","protected":false},"featured_media":4876,"comment_status":"closed","ping_status":"closed","template":"","meta":[],"product_brand":[],"product_cat":[460,439],"product_tag":[],"class_list":{"0":"post-9052","1":"product","2":"type-product","3":"status-publish","4":"has-post-thumbnail","6":"product_cat-motore","7":"product_cat-prodotti-boxerbasis","8":"product_shipping_class-kleinteile-it","9":"pa_baugruppe-motore","10":"pa_modell-5-it","11":"pa_modell-6-it","12":"pa_modell-7-it","13":"pa_modell-g-s-it","14":"pa_modell-gsbasic-it","15":"pa_modell-mystic-it","16":"pa_modell-gs-it","17":"pa_modell-r-80-e-100-r","18":"pa_modell-90s-it","19":"pa_produktart-boxerbasis-it","20":"pa_produktart-parti-nuove","21":"pa_zustand-nouvo","23":"first","24":"instock","25":"featured","26":"taxable","27":"shipping-taxable","28":"purchasable","29":"product-type-simple"},"_links":{"self":[{"href":"https:\/\/www.boxerbasis.de\/it\/wp-json\/wp\/v2\/product\/9052","targetHints":{"allow":["GET"]}}],"collection":[{"href":"https:\/\/www.boxerbasis.de\/it\/wp-json\/wp\/v2\/product"}],"about":[{"href":"https:\/\/www.boxerbasis.de\/it\/wp-json\/wp\/v2\/types\/product"}],"replies":[{"embeddable":true,"href":"https:\/\/www.boxerbasis.de\/it\/wp-json\/wp\/v2\/comments?post=9052"}],"wp:featuredmedia":[{"embeddable":true,"href":"https:\/\/www.boxerbasis.de\/it\/wp-json\/wp\/v2\/media\/4876"}],"wp:attachment":[{"href":"https:\/\/www.boxerbasis.de\/it\/wp-json\/wp\/v2\/media?parent=9052"}],"wp:term":[{"taxonomy":"product_brand","embeddable":true,"href":"https:\/\/www.boxerbasis.de\/it\/wp-json\/wp\/v2\/product_brand?post=9052"},{"taxonomy":"product_cat","embeddable":true,"href":"https:\/\/www.boxerbasis.de\/it\/wp-json\/wp\/v2\/product_cat?post=9052"},{"taxonomy":"product_tag","embeddable":true,"href":"https:\/\/www.boxerbasis.de\/it\/wp-json\/wp\/v2\/product_tag?post=9052"}],"curies":[{"name":"wp","href":"https:\/\/api.w.org\/{rel}","templated":true}]}}