{"id":9582,"date":"2024-06-05T15:32:10","date_gmt":"2024-06-05T13:32:10","guid":{"rendered":"https:\/\/www.boxerbasis.de\/produkt\/bmw-r-80-st-con-scarico-schek-registrato\/"},"modified":"2025-11-17T15:22:06","modified_gmt":"2025-11-17T14:22:06","slug":"bmw-r-80-st-con-scarico-schek-registrato","status":"publish","type":"product","link":"https:\/\/www.boxerbasis.de\/it\/produkt\/bmw-r-80-st-con-scarico-schek-registrato\/","title":{"rendered":"BMW R 80 ST con scarico Schek registrato"},"content":{"rendered":"<p>VENDUTO &#8211; BMW R 80 ST con scarico Schek registrato Equipaggiamento: Standard, tranne lo scarico. Vernice originale. Condizioni: Buone condizioni, motore originale, motore e telaio con numeri corrispondenti. Prima lettera &#8211; storia quindi completamente tracciabile. 4 precedenti proprietari. Caratteristiche speciali:\u00c8 montato un raro scarico Schek 2 in 2, che \u00e8 anche registrato nei documenti! Questo scarico ha dimostrato la sua validit\u00e0 in numerosi rally in tutto il mondo e ha un suono buono e non invadente &#8211; in passato, le macchine da rally non dovevano necessariamente essere rumorose \ud83d\ude42 Oggi sarebbe difficile registrare questo sistema leggendario. Informazioni sulla macchina: La ST \u00e8 in buone condizioni di manutenzione. \u00c8 rimasta con l&#8217;ultimo proprietario per oltre 20 anni. Poich\u00e9 la macchina \u00e8 identica alla versione off-road R 80 G\/S a parte alcuni dettagli ed \u00e8 stata costruita prima del 1988, questa ST \u00e8 perfetta per una conversione. \u00c8 quindi la base migliore per una conversione off-road di alto livello come la HPN Schek o la SWT, o anche per una semplice moto da tutti i giorni. Il motore si avvia in modo pulito e volenteroso e funziona bene e senza problemi. Il cambio si muove bene, i freni si fermano.L&#8217;impianto elettrico funziona perfettamente. Venduta per conto di un cliente.<\/p>\n","protected":false},"excerpt":{"rendered":"<p>Rosso-metallizzato (non originale). Data di fabbricazione: 5\/1983. prima immatricolazione: 3\/1984. 81.439 km   <\/p>\n","protected":false},"featured_media":8698,"comment_status":"closed","ping_status":"closed","template":"","meta":[],"product_brand":[],"product_cat":[628],"product_tag":[],"class_list":{"0":"post-9582","1":"product","2":"type-product","3":"status-publish","4":"has-post-thumbnail","6":"product_cat-moto-it","8":"first","9":"outofstock","10":"product-type-simple"},"_links":{"self":[{"href":"https:\/\/www.boxerbasis.de\/it\/wp-json\/wp\/v2\/product\/9582","targetHints":{"allow":["GET"]}}],"collection":[{"href":"https:\/\/www.boxerbasis.de\/it\/wp-json\/wp\/v2\/product"}],"about":[{"href":"https:\/\/www.boxerbasis.de\/it\/wp-json\/wp\/v2\/types\/product"}],"replies":[{"embeddable":true,"href":"https:\/\/www.boxerbasis.de\/it\/wp-json\/wp\/v2\/comments?post=9582"}],"wp:featuredmedia":[{"embeddable":true,"href":"https:\/\/www.boxerbasis.de\/it\/wp-json\/wp\/v2\/media\/8698"}],"wp:attachment":[{"href":"https:\/\/www.boxerbasis.de\/it\/wp-json\/wp\/v2\/media?parent=9582"}],"wp:term":[{"taxonomy":"product_brand","embeddable":true,"href":"https:\/\/www.boxerbasis.de\/it\/wp-json\/wp\/v2\/product_brand?post=9582"},{"taxonomy":"product_cat","embeddable":true,"href":"https:\/\/www.boxerbasis.de\/it\/wp-json\/wp\/v2\/product_cat?post=9582"},{"taxonomy":"product_tag","embeddable":true,"href":"https:\/\/www.boxerbasis.de\/it\/wp-json\/wp\/v2\/product_tag?post=9582"}],"curies":[{"name":"wp","href":"https:\/\/api.w.org\/{rel}","templated":true}]}}