{"id":9584,"date":"2024-06-05T16:06:27","date_gmt":"2024-06-05T14:06:27","guid":{"rendered":"https:\/\/www.boxerbasis.de\/produkt\/bmw-r-100-gs-parigi-dakar-classic-una-delle-ultime\/"},"modified":"2025-11-17T15:22:08","modified_gmt":"2025-11-17T14:22:08","slug":"bmw-r-100-gs-parigi-dakar-classic-una-delle-ultime","status":"publish","type":"product","link":"https:\/\/www.boxerbasis.de\/it\/produkt\/bmw-r-100-gs-parigi-dakar-classic-una-delle-ultime\/","title":{"rendered":"BMW R 100 GS Parigi-Dakar Classic &#8211; una delle ultime"},"content":{"rendered":"<p><strong>Una delle ultimissime R 100 GS PD Classic &#8211; condizioni assolutamente originali.<\/strong><\/p>\n<p>Equipaggiamento: assolutamente di serie, nessun componente aggiuntivo o modifica, come da consegna!<br \/>\nCondizioni: Ottime condizioni originali, prima vernice, da collezione. Motore originale, i dati di produzione del motore e del telaio corrispondono. Prima lettera &#8211; storia quindi completamente rintracciabile.<br \/>\nCaratteristiche speciali:Una delle ultime BMW 1000 GS raffreddate ad aria di sempre!  <\/p>\n<p>Questa macchina \u00e8 uno degli ultimi veicoli costruiti, dopo il quale si \u00e8 conclusa l&#8217;era delle Dakar raffreddate ad aria. Informazioni sulla macchina: L&#8217;ultimissima serie della R100GS Paris Dakar con il bellissimo equipaggiamento classico. La PD \u00e8 completamente originale fin nei minimi dettagli ed \u00e8 una vera rarit\u00e0 in queste condizioni. Non sono visibili tracce di utilizzo in fuoristrada. Tutte le serrature sono dotate di chiavi uguali. Non ci sono parti di ricambio o nuove, a parte il materiale di usura. Questa moto \u00e8 uno degli ultimi modelli &#8220;Paris Dakar&#8221;. Un pezzo di storia della moto davvero raro e un must per una collezione di GS di alta qualit\u00e0.       <\/p>\n<p>Liquidazione della collezione, il veicolo viene venduto per conto di un cliente.<\/p>\n<p><strong>Prezzo su richiesta<\/strong><\/p>\n<p><a href=\"https:\/\/www.boxerbasis.de\/hersteller-bmw-motorrad\/\" target=\"_blank\" rel=\"noopener\">Nota sulla sicurezza del prodotto<\/a><\/p>\n","protected":false},"excerpt":{"rendered":"<p>Vernice nera originale. Data di fabbricazione 1\/1996. 60.148 km. 6 proprietari precedenti. Uno degli ultimi 1000 GS &#8211; oggetto da collezione! Prezzo su richiesta.     <\/p>\n","protected":false},"featured_media":8788,"comment_status":"closed","ping_status":"closed","template":"","meta":[],"product_brand":[],"product_cat":[628],"product_tag":[],"class_list":{"0":"post-9584","1":"product","2":"type-product","3":"status-publish","4":"has-post-thumbnail","6":"product_cat-moto-it","7":"product_shipping_class-moto","9":"first","10":"instock","11":"sold-individually","12":"product-type-simple"},"_links":{"self":[{"href":"https:\/\/www.boxerbasis.de\/it\/wp-json\/wp\/v2\/product\/9584","targetHints":{"allow":["GET"]}}],"collection":[{"href":"https:\/\/www.boxerbasis.de\/it\/wp-json\/wp\/v2\/product"}],"about":[{"href":"https:\/\/www.boxerbasis.de\/it\/wp-json\/wp\/v2\/types\/product"}],"replies":[{"embeddable":true,"href":"https:\/\/www.boxerbasis.de\/it\/wp-json\/wp\/v2\/comments?post=9584"}],"wp:featuredmedia":[{"embeddable":true,"href":"https:\/\/www.boxerbasis.de\/it\/wp-json\/wp\/v2\/media\/8788"}],"wp:attachment":[{"href":"https:\/\/www.boxerbasis.de\/it\/wp-json\/wp\/v2\/media?parent=9584"}],"wp:term":[{"taxonomy":"product_brand","embeddable":true,"href":"https:\/\/www.boxerbasis.de\/it\/wp-json\/wp\/v2\/product_brand?post=9584"},{"taxonomy":"product_cat","embeddable":true,"href":"https:\/\/www.boxerbasis.de\/it\/wp-json\/wp\/v2\/product_cat?post=9584"},{"taxonomy":"product_tag","embeddable":true,"href":"https:\/\/www.boxerbasis.de\/it\/wp-json\/wp\/v2\/product_tag?post=9584"}],"curies":[{"name":"wp","href":"https:\/\/api.w.org\/{rel}","templated":true}]}}