{"id":9600,"date":"2024-06-21T16:17:16","date_gmt":"2024-06-21T14:17:16","guid":{"rendered":"https:\/\/www.boxerbasis.de\/produkt\/cuscinetto-della-testa-dello-sterzo-dei-modelli-2v-r-k-f650-e-dakar\/"},"modified":"2024-10-18T15:16:50","modified_gmt":"2024-10-18T13:16:50","slug":"cuscinetto-testa-sterzo-modelli-2v-r-k-f650-e-dakar-lkl1","status":"publish","type":"product","link":"https:\/\/www.boxerbasis.de\/it\/produkt\/cuscinetto-testa-sterzo-modelli-2v-r-k-f650-e-dakar-lkl1\/","title":{"rendered":"Cuscinetto della testa dello sterzo dei modelli 2V-R, K, F650 e Dakar"},"content":{"rendered":"<p>Cuscinetti di qualit\u00e0 SKF o FAG, a seconda della disponibilit\u00e0. Non vendiamo cuscinetti a basso costo e di provenienza sconosciuta! Sono necessari 2 cuscinetti. \u00c8 consigliabile ordinare anche la piccola copertura in alluminio sotto il cuscinetto inferiore, poich\u00e9 l&#8217;esperienza ha dimostrato che non sopravvive alla rimozione del cuscinetto senza subire danni. Prezzo per cuscinetto \u20ac 22,00.<\/p>\n<p>&nbsp;<\/p>\n","protected":false},"excerpt":{"rendered":"<p>Per i modelli R a 2 valvole, K75\/100\/1100, F650GS e PD<\/p>\n<p>&nbsp;<\/p>\n","protected":false},"featured_media":8896,"comment_status":"closed","ping_status":"closed","template":"","meta":[],"product_brand":[],"product_cat":[442,439,615],"product_tag":[],"class_list":{"0":"post-9600","1":"product","2":"type-product","3":"status-publish","4":"has-post-thumbnail","6":"product_cat-forcella","7":"product_cat-prodotti-boxerbasis","8":"product_cat-chassis-it","9":"product_shipping_class-kleinteile-it","10":"pa_baugruppe-forcella","11":"pa_modell-5-it","12":"pa_modell-6-it","13":"pa_modell-7-it","14":"pa_modell-g-s-it","15":"pa_modell-gsbasic-it","16":"pa_modell-gs-it","17":"pa_modell-r-80-e-100-r","18":"pa_modell-90s-it","19":"pa_produktart-parti-nuove","20":"pa_zustand-nouvo","22":"first","23":"instock","24":"taxable","25":"shipping-taxable","26":"purchasable","27":"product-type-simple"},"_links":{"self":[{"href":"https:\/\/www.boxerbasis.de\/it\/wp-json\/wp\/v2\/product\/9600","targetHints":{"allow":["GET"]}}],"collection":[{"href":"https:\/\/www.boxerbasis.de\/it\/wp-json\/wp\/v2\/product"}],"about":[{"href":"https:\/\/www.boxerbasis.de\/it\/wp-json\/wp\/v2\/types\/product"}],"replies":[{"embeddable":true,"href":"https:\/\/www.boxerbasis.de\/it\/wp-json\/wp\/v2\/comments?post=9600"}],"wp:featuredmedia":[{"embeddable":true,"href":"https:\/\/www.boxerbasis.de\/it\/wp-json\/wp\/v2\/media\/8896"}],"wp:attachment":[{"href":"https:\/\/www.boxerbasis.de\/it\/wp-json\/wp\/v2\/media?parent=9600"}],"wp:term":[{"taxonomy":"product_brand","embeddable":true,"href":"https:\/\/www.boxerbasis.de\/it\/wp-json\/wp\/v2\/product_brand?post=9600"},{"taxonomy":"product_cat","embeddable":true,"href":"https:\/\/www.boxerbasis.de\/it\/wp-json\/wp\/v2\/product_cat?post=9600"},{"taxonomy":"product_tag","embeddable":true,"href":"https:\/\/www.boxerbasis.de\/it\/wp-json\/wp\/v2\/product_tag?post=9600"}],"curies":[{"name":"wp","href":"https:\/\/api.w.org\/{rel}","templated":true}]}}