{"id":9643,"date":"2023-11-24T13:22:11","date_gmt":"2023-11-24T12:22:11","guid":{"rendered":"https:\/\/www.boxerbasis.de\/produkt\/serbatoio-originale-per-bmw-r-80-g-s\/"},"modified":"2023-11-24T13:22:11","modified_gmt":"2023-11-24T12:22:11","slug":"serbatoio-originale-per-bmw-r-80-g-s","status":"publish","type":"product","link":"https:\/\/www.boxerbasis.de\/it\/produkt\/serbatoio-originale-per-bmw-r-80-g-s\/","title":{"rendered":"Serbatoio originale per BMW R 80 G\/S"},"content":{"rendered":"<p>Molto ben tenuta, solo lievi segni di usura nella vernice, non riempita o saldata. Non ci sono ammaccature visibili. L&#8217;interno del serbatoio \u00e8 stato pulito, lucidato e webolizzato, cio\u00e8 trattato professionalmente da Wema Tankmanufaktur. Filettature e staffe in ottime condizioni. Compresa la clip di fissaggio. Non \u00e8 una replica indiana o cinese. Pu\u00f2 essere utilizzato cos\u00ec com&#8217;\u00e8 senza alcun problema. Abbiamo ancora numerosi pezzi simili e altri usati in magazzino, compresi alcuni serbatoi. Possiamo anche procurare molte parti nuove. Scrivici o chiamaci!         <\/p>\n","protected":false},"excerpt":{"rendered":"<p>Bel serbatoio per R 80 G\/S, non riempito n\u00e9 saldato, nessuna ammaccatura visibile, molto ben tenuto.<\/p>\n","protected":false},"featured_media":7222,"comment_status":"closed","ping_status":"closed","template":"","meta":[],"product_brand":[],"product_cat":[618,438],"product_tag":[],"class_list":{"0":"post-9643","1":"product","2":"type-product","3":"status-publish","4":"has-post-thumbnail","6":"product_cat-parti-usate","7":"product_cat-serbatoio-e-tubi","8":"product_shipping_class-10kg-it","9":"pa_baugruppe-serbatoio","10":"pa_modell-g-s-it","11":"pa_produktart-parti-usate","12":"pa_zustand-usato","14":"first","15":"outofstock","16":"shipping-taxable","17":"purchasable","18":"product-type-simple"},"_links":{"self":[{"href":"https:\/\/www.boxerbasis.de\/it\/wp-json\/wp\/v2\/product\/9643","targetHints":{"allow":["GET"]}}],"collection":[{"href":"https:\/\/www.boxerbasis.de\/it\/wp-json\/wp\/v2\/product"}],"about":[{"href":"https:\/\/www.boxerbasis.de\/it\/wp-json\/wp\/v2\/types\/product"}],"replies":[{"embeddable":true,"href":"https:\/\/www.boxerbasis.de\/it\/wp-json\/wp\/v2\/comments?post=9643"}],"wp:featuredmedia":[{"embeddable":true,"href":"https:\/\/www.boxerbasis.de\/it\/wp-json\/wp\/v2\/media\/7222"}],"wp:attachment":[{"href":"https:\/\/www.boxerbasis.de\/it\/wp-json\/wp\/v2\/media?parent=9643"}],"wp:term":[{"taxonomy":"product_brand","embeddable":true,"href":"https:\/\/www.boxerbasis.de\/it\/wp-json\/wp\/v2\/product_brand?post=9643"},{"taxonomy":"product_cat","embeddable":true,"href":"https:\/\/www.boxerbasis.de\/it\/wp-json\/wp\/v2\/product_cat?post=9643"},{"taxonomy":"product_tag","embeddable":true,"href":"https:\/\/www.boxerbasis.de\/it\/wp-json\/wp\/v2\/product_tag?post=9643"}],"curies":[{"name":"wp","href":"https:\/\/api.w.org\/{rel}","templated":true}]}}