{"id":9661,"date":"2023-11-28T12:32:44","date_gmt":"2023-11-28T11:32:44","guid":{"rendered":"https:\/\/www.boxerbasis.de\/produkt\/serbatoio-piccolo-per-6-5-nos-inutilizzato\/"},"modified":"2023-11-28T12:32:44","modified_gmt":"2023-11-28T11:32:44","slug":"serbatoio-piccolo-per-6-5-nos-inutilizzato","status":"publish","type":"product","link":"https:\/\/www.boxerbasis.de\/it\/produkt\/serbatoio-piccolo-per-6-5-nos-inutilizzato\/","title":{"rendered":"Serbatoio piccolo per \/6 \/5, NOS, inutilizzato"},"content":{"rendered":"<p>Raro serbatoio originale di piccole dimensioni per i modelli 60\/6, 75\/6 e 90\/6, senza supporto per le finiture cromate. Si adatta anche ai modelli \/5. Il serbatoio \u00e8 inutilizzato! I tappi di cartone di fabbrica sulle filettature del rubinetto della benzina sono ancora attaccati. Solo lievi difetti di verniciatura, come la piccola scheggia di pietra (vedi foto). Tutte le filettature e le piastre di fissaggio sono in buono stato. Il rivestimento originale all&#8217;interno \u00e8 come nuovo perch\u00e9 non \u00e8 mai stato riempito. Abbiamo ancora numerosi pezzi simili e altri usati in magazzino, compresi alcuni serbatoi. Possiamo anche procurare molte parti nuove. Scrivici o chiamaci!          <\/p>\n","protected":false},"excerpt":{"rendered":"<p>Raro piccolo serbatoio originale per \/5 e \/6. Non utilizzato, NOS! <\/p>\n","protected":false},"featured_media":7591,"comment_status":"closed","ping_status":"closed","template":"","meta":[],"product_brand":[],"product_cat":[618,438],"product_tag":[],"class_list":{"0":"post-9661","1":"product","2":"type-product","3":"status-publish","4":"has-post-thumbnail","6":"product_cat-parti-usate","7":"product_cat-serbatoio-e-tubi","8":"product_shipping_class-10kg-it","9":"pa_baugruppe-serbatoio","10":"pa_modell-5-it","11":"pa_modell-6-it","12":"pa_produktart-parti-usate","13":"pa_zustand-nos-new-old-stock-it","15":"first","16":"instock","17":"sold-individually","18":"shipping-taxable","19":"purchasable","20":"product-type-simple"},"_links":{"self":[{"href":"https:\/\/www.boxerbasis.de\/it\/wp-json\/wp\/v2\/product\/9661","targetHints":{"allow":["GET"]}}],"collection":[{"href":"https:\/\/www.boxerbasis.de\/it\/wp-json\/wp\/v2\/product"}],"about":[{"href":"https:\/\/www.boxerbasis.de\/it\/wp-json\/wp\/v2\/types\/product"}],"replies":[{"embeddable":true,"href":"https:\/\/www.boxerbasis.de\/it\/wp-json\/wp\/v2\/comments?post=9661"}],"wp:featuredmedia":[{"embeddable":true,"href":"https:\/\/www.boxerbasis.de\/it\/wp-json\/wp\/v2\/media\/7591"}],"wp:attachment":[{"href":"https:\/\/www.boxerbasis.de\/it\/wp-json\/wp\/v2\/media?parent=9661"}],"wp:term":[{"taxonomy":"product_brand","embeddable":true,"href":"https:\/\/www.boxerbasis.de\/it\/wp-json\/wp\/v2\/product_brand?post=9661"},{"taxonomy":"product_cat","embeddable":true,"href":"https:\/\/www.boxerbasis.de\/it\/wp-json\/wp\/v2\/product_cat?post=9661"},{"taxonomy":"product_tag","embeddable":true,"href":"https:\/\/www.boxerbasis.de\/it\/wp-json\/wp\/v2\/product_tag?post=9661"}],"curies":[{"name":"wp","href":"https:\/\/api.w.org\/{rel}","templated":true}]}}