{"id":9668,"date":"2023-11-28T12:41:28","date_gmt":"2023-11-28T11:41:28","guid":{"rendered":"https:\/\/www.boxerbasis.de\/produkt\/serbatoio-5-del-1969-prima-serie-rarita\/"},"modified":"2023-11-28T12:41:28","modified_gmt":"2023-11-28T11:41:28","slug":"serbatoio-5-del-1969-prima-serie-rarita","status":"publish","type":"product","link":"https:\/\/www.boxerbasis.de\/it\/produkt\/serbatoio-5-del-1969-prima-serie-rarita\/","title":{"rendered":"Serbatoio \/5 del 1969 &#8211; prima serie &#8211; rarit\u00e0!"},"content":{"rendered":"<p>Raro serbatoio originale per i modelli \/5 del 1969 della primissima serie. Riconoscibile per il tappo del serbatoio che si apre in avanti e per la mancanza della bordatura nell&#8217;area delle ginocchia. Il serbatoio \u00e8 stato completamente sverniciato. Alcuni piccoli fori sono stati saldati sul lato inferiore. Anche l&#8217;interno del serbatoio \u00e8 privo di vernice e si pu\u00f2 notare che la sostanza \u00e8 di prim&#8217;ordine. Garantito che non si tratta di una replica indiana o cinese. Tutte le filettature e le piastre di fissaggio sono in buono stato. Venduto come articolo per hobbisti senza garanzia. Abbiamo ancora numerosi pezzi simili e altri usati in magazzino, compresi alcuni serbatoi. Possiamo anche procurare molte parti nuove. Scrivici o chiamaci!          <\/p>\n","protected":false},"excerpt":{"rendered":"<p>Serbatoio originale e molto raro per i modelli \/5 del 1969 della primissima serie.<\/p>\n","protected":false},"featured_media":7768,"comment_status":"closed","ping_status":"closed","template":"","meta":[],"product_brand":[],"product_cat":[618,438],"product_tag":[],"class_list":{"0":"post-9668","1":"product","2":"type-product","3":"status-publish","4":"has-post-thumbnail","6":"product_cat-parti-usate","7":"product_cat-serbatoio-e-tubi","8":"product_shipping_class-10kg-it","9":"pa_baugruppe-serbatoio","10":"pa_modell-5-it","11":"pa_produktart-parti-usate","12":"pa_zustand-usato","14":"first","15":"instock","16":"sold-individually","17":"shipping-taxable","18":"purchasable","19":"product-type-simple"},"_links":{"self":[{"href":"https:\/\/www.boxerbasis.de\/it\/wp-json\/wp\/v2\/product\/9668","targetHints":{"allow":["GET"]}}],"collection":[{"href":"https:\/\/www.boxerbasis.de\/it\/wp-json\/wp\/v2\/product"}],"about":[{"href":"https:\/\/www.boxerbasis.de\/it\/wp-json\/wp\/v2\/types\/product"}],"replies":[{"embeddable":true,"href":"https:\/\/www.boxerbasis.de\/it\/wp-json\/wp\/v2\/comments?post=9668"}],"wp:featuredmedia":[{"embeddable":true,"href":"https:\/\/www.boxerbasis.de\/it\/wp-json\/wp\/v2\/media\/7768"}],"wp:attachment":[{"href":"https:\/\/www.boxerbasis.de\/it\/wp-json\/wp\/v2\/media?parent=9668"}],"wp:term":[{"taxonomy":"product_brand","embeddable":true,"href":"https:\/\/www.boxerbasis.de\/it\/wp-json\/wp\/v2\/product_brand?post=9668"},{"taxonomy":"product_cat","embeddable":true,"href":"https:\/\/www.boxerbasis.de\/it\/wp-json\/wp\/v2\/product_cat?post=9668"},{"taxonomy":"product_tag","embeddable":true,"href":"https:\/\/www.boxerbasis.de\/it\/wp-json\/wp\/v2\/product_tag?post=9668"}],"curies":[{"name":"wp","href":"https:\/\/api.w.org\/{rel}","templated":true}]}}