{"id":9669,"date":"2024-03-21T16:25:05","date_gmt":"2024-03-21T15:25:05","guid":{"rendered":"https:\/\/www.boxerbasis.de\/produkt\/rele-di-avviamento-hella-ar67-per-5-7-fino-al-1984\/"},"modified":"2025-07-29T15:04:38","modified_gmt":"2025-07-29T13:04:38","slug":"rele-di-avviamento-hella-ar67-per-5-7-fino-al-1984","status":"publish","type":"product","link":"https:\/\/www.boxerbasis.de\/it\/produkt\/rele-di-avviamento-hella-ar67-per-5-7-fino-al-1984\/","title":{"rendered":"Rel\u00e8 di avviamento Hella AR67 per \/5 \/7 fino al 1984"},"content":{"rendered":"<p>Il rel\u00e8 \u00e8 diverso da quelli dei modelli successivi. Non ha la configurazione standard dei comuni rel\u00e8 di carico. Questo componente \u00e8 spesso responsabile dei problemi tipici del motorino di avviamento delle vecchie BMW. Il vecchio motorino di avviamento Bosch sollecita molto il rel\u00e8 e, soprattutto se il rel\u00e8 ha pi\u00f9 di 40 anni, come spesso accade, i problemi sono prevedibili. Ma: se \u00e8 facilmente accessibile e montato sotto il serbatoio della benzina, pu\u00f2 essere sostituito rapidamente. Forniamo il rel\u00e8 come componente di alta qualit\u00e0 di Hella.     <\/p>\n<p><a href=\"https:\/\/www.boxerbasis.de\/it\/produttore-hella\/\" target=\"_blank\" rel=\"noopener\">Informazioni sulla sicurezza dei produttori e dei prodotti<\/a><\/p>\n","protected":false},"excerpt":{"rendered":"<p>Rel\u00e8 di avviamento Hella per modelli BMW \/6 e \/7 fino al 1984<\/p>\n","protected":false},"featured_media":7873,"comment_status":"closed","ping_status":"closed","template":"","meta":[],"product_brand":[],"product_cat":[610,439],"product_tag":[],"class_list":{"0":"post-9669","1":"product","2":"type-product","3":"status-publish","4":"has-post-thumbnail","6":"product_cat-impianto-elettrico","7":"product_cat-prodotti-boxerbasis","8":"product_shipping_class-01kg-it-2","9":"pa_baugruppe-sistema-elettrico","10":"pa_modell-5-it","11":"pa_modell-7-it","12":"pa_produktart-parti-nuove","13":"pa_zustand-nouvo","15":"first","16":"instock","17":"taxable","18":"shipping-taxable","19":"purchasable","20":"product-type-simple"},"_links":{"self":[{"href":"https:\/\/www.boxerbasis.de\/it\/wp-json\/wp\/v2\/product\/9669","targetHints":{"allow":["GET"]}}],"collection":[{"href":"https:\/\/www.boxerbasis.de\/it\/wp-json\/wp\/v2\/product"}],"about":[{"href":"https:\/\/www.boxerbasis.de\/it\/wp-json\/wp\/v2\/types\/product"}],"replies":[{"embeddable":true,"href":"https:\/\/www.boxerbasis.de\/it\/wp-json\/wp\/v2\/comments?post=9669"}],"wp:featuredmedia":[{"embeddable":true,"href":"https:\/\/www.boxerbasis.de\/it\/wp-json\/wp\/v2\/media\/7873"}],"wp:attachment":[{"href":"https:\/\/www.boxerbasis.de\/it\/wp-json\/wp\/v2\/media?parent=9669"}],"wp:term":[{"taxonomy":"product_brand","embeddable":true,"href":"https:\/\/www.boxerbasis.de\/it\/wp-json\/wp\/v2\/product_brand?post=9669"},{"taxonomy":"product_cat","embeddable":true,"href":"https:\/\/www.boxerbasis.de\/it\/wp-json\/wp\/v2\/product_cat?post=9669"},{"taxonomy":"product_tag","embeddable":true,"href":"https:\/\/www.boxerbasis.de\/it\/wp-json\/wp\/v2\/product_tag?post=9669"}],"curies":[{"name":"wp","href":"https:\/\/api.w.org\/{rel}","templated":true}]}}