{"id":9683,"date":"2023-11-24T13:41:02","date_gmt":"2023-11-24T12:41:02","guid":{"rendered":"https:\/\/www.boxerbasis.de\/produkt\/toastertank-r-50-5-60-5-75-5-mit-kniekissen-und-haltelaschen-fur-chromblenden\/"},"modified":"2023-11-24T13:41:02","modified_gmt":"2023-11-24T12:41:02","slug":"toastertank-r-50-5-60-5-75-5-mit-kniekissen-und-haltelaschen-fur-chromblenden","status":"publish","type":"product","link":"https:\/\/www.boxerbasis.de\/it\/produkt\/toastertank-r-50-5-60-5-75-5-mit-kniekissen-und-haltelaschen-fur-chromblenden\/","title":{"rendered":"Toastertank R 50\/5 60\/5 75\/5 mit Kniekissen und Haltelaschen f\u00fcr Chromblenden"},"content":{"rendered":"<p>Seltener kleiner originaler Toastertank f\u00fcr die 50\/5. 60\/5 und 75\/5, mit Haltelaschen f\u00fcr die Chromblenden unter den Kniekissen. Keine Spachtelei oder Reparatur erkennbar, kein dicker Lackauftrag, offenbar Originallack. Die braunen R\u00e4nder am Benzinhahngewinde sind keine undichten Stellen, hier hat sich der Lack durch die Benzind\u00e4mpfe verf\u00e4rbt. Kein indischer oder chinesischer Nachbau. Alle Gewinde und Haltebleche in Ordnung. Originalbeschichtung innen gut im Tank\u00f6ffnungsbereich, innen nur Farbnebel vom Lackieren. Die Chromblenden sind als Nachfertigung erh\u00e4ltlich. Wir haben noch zahlreiche \u00e4hnliche und andere gebrauchte Teile auf Lager, auch einige Tanks. Auch viele Neuteile k\u00f6nnen wir beschaffen. Bitte einfach mailen oder anrufen!          <\/p>\n","protected":false},"excerpt":{"rendered":"<p>Toastertank f\u00fcr 50\/5, 60\/5 und 75\/5 mit Haltelaschen f\u00fcr Chromblenden unter den Kniekissen.<\/p>\n","protected":false},"featured_media":7432,"comment_status":"closed","ping_status":"closed","template":"","meta":[],"product_brand":[],"product_cat":[618,438],"product_tag":[],"class_list":{"0":"post-9683","1":"product","2":"type-product","3":"status-publish","4":"has-post-thumbnail","6":"product_cat-parti-usate","7":"product_cat-serbatoio-e-tubi","8":"product_shipping_class-10kg-it","9":"pa_baugruppe-serbatoio","10":"pa_modell-5-it","11":"pa_produktart-parti-usate","12":"pa_zustand-usato","14":"first","15":"instock","16":"sold-individually","17":"shipping-taxable","18":"purchasable","19":"product-type-simple"},"_links":{"self":[{"href":"https:\/\/www.boxerbasis.de\/it\/wp-json\/wp\/v2\/product\/9683","targetHints":{"allow":["GET"]}}],"collection":[{"href":"https:\/\/www.boxerbasis.de\/it\/wp-json\/wp\/v2\/product"}],"about":[{"href":"https:\/\/www.boxerbasis.de\/it\/wp-json\/wp\/v2\/types\/product"}],"replies":[{"embeddable":true,"href":"https:\/\/www.boxerbasis.de\/it\/wp-json\/wp\/v2\/comments?post=9683"}],"wp:featuredmedia":[{"embeddable":true,"href":"https:\/\/www.boxerbasis.de\/it\/wp-json\/wp\/v2\/media\/7432"}],"wp:attachment":[{"href":"https:\/\/www.boxerbasis.de\/it\/wp-json\/wp\/v2\/media?parent=9683"}],"wp:term":[{"taxonomy":"product_brand","embeddable":true,"href":"https:\/\/www.boxerbasis.de\/it\/wp-json\/wp\/v2\/product_brand?post=9683"},{"taxonomy":"product_cat","embeddable":true,"href":"https:\/\/www.boxerbasis.de\/it\/wp-json\/wp\/v2\/product_cat?post=9683"},{"taxonomy":"product_tag","embeddable":true,"href":"https:\/\/www.boxerbasis.de\/it\/wp-json\/wp\/v2\/product_tag?post=9683"}],"curies":[{"name":"wp","href":"https:\/\/api.w.org\/{rel}","templated":true}]}}