{"id":9743,"date":"2024-05-15T16:02:15","date_gmt":"2024-05-15T14:02:15","guid":{"rendered":"https:\/\/www.boxerbasis.de\/produkt\/silenziatore-posteriore-bmw-r-100-mystik\/"},"modified":"2024-05-15T16:02:15","modified_gmt":"2024-05-15T14:02:15","slug":"silenziatore-posteriore-bmw-r-100-mystik","status":"publish","type":"product","link":"https:\/\/www.boxerbasis.de\/it\/produkt\/silenziatore-posteriore-bmw-r-100-mystik\/","title":{"rendered":"Silenziatore posteriore BMW R 100 Mystik"},"content":{"rendered":"<p>Numero di parte BMW: 18121338806. Non \u00e8 identico allo scarico della 100R. Lo scarico Mystik \u00e8 adatto, ma \u00e8 un po&#8217; pi\u00f9 vicino e di conseguenza la BMW ha un aspetto pi\u00f9 elegante. Buone condizioni, vedi foto. Nessuna piastra allentata, nessun rumore. Abbiamo numerosi pezzi usati in magazzino. Possiamo anche procurare molti pezzi nuovi. Scrivici o chiamaci!       <\/p>\n","protected":false},"excerpt":{"rendered":"<p>Numero di parte BMW 18121338806<\/p>\n","protected":false},"featured_media":7942,"comment_status":"closed","ping_status":"closed","template":"","meta":[],"product_brand":[],"product_cat":[618,609],"product_tag":[],"class_list":{"0":"post-9743","1":"product","2":"type-product","3":"status-publish","4":"has-post-thumbnail","6":"product_cat-parti-usate","7":"product_cat-sistema-di-scappamento","8":"product_shipping_class-10kg-it","9":"pa_baugruppe-marmita","10":"pa_modell-mystic-it","11":"pa_produktart-parti-usate","12":"pa_zustand-usato","14":"first","15":"outofstock","16":"sold-individually","17":"shipping-taxable","18":"purchasable","19":"product-type-simple"},"_links":{"self":[{"href":"https:\/\/www.boxerbasis.de\/it\/wp-json\/wp\/v2\/product\/9743","targetHints":{"allow":["GET"]}}],"collection":[{"href":"https:\/\/www.boxerbasis.de\/it\/wp-json\/wp\/v2\/product"}],"about":[{"href":"https:\/\/www.boxerbasis.de\/it\/wp-json\/wp\/v2\/types\/product"}],"replies":[{"embeddable":true,"href":"https:\/\/www.boxerbasis.de\/it\/wp-json\/wp\/v2\/comments?post=9743"}],"wp:featuredmedia":[{"embeddable":true,"href":"https:\/\/www.boxerbasis.de\/it\/wp-json\/wp\/v2\/media\/7942"}],"wp:attachment":[{"href":"https:\/\/www.boxerbasis.de\/it\/wp-json\/wp\/v2\/media?parent=9743"}],"wp:term":[{"taxonomy":"product_brand","embeddable":true,"href":"https:\/\/www.boxerbasis.de\/it\/wp-json\/wp\/v2\/product_brand?post=9743"},{"taxonomy":"product_cat","embeddable":true,"href":"https:\/\/www.boxerbasis.de\/it\/wp-json\/wp\/v2\/product_cat?post=9743"},{"taxonomy":"product_tag","embeddable":true,"href":"https:\/\/www.boxerbasis.de\/it\/wp-json\/wp\/v2\/product_tag?post=9743"}],"curies":[{"name":"wp","href":"https:\/\/api.w.org\/{rel}","templated":true}]}}