{"id":9817,"date":"2023-11-08T13:01:56","date_gmt":"2023-11-08T12:01:56","guid":{"rendered":"https:\/\/www.boxerbasis.de\/produkt\/kit-di-riparazione-per-il-supporto-del-cavalletto-principale-5-6-7\/"},"modified":"2023-11-08T13:01:56","modified_gmt":"2023-11-08T12:01:56","slug":"kit-di-riparazione-per-il-supporto-del-cavalletto-principale-5-6-7","status":"publish","type":"product","link":"https:\/\/www.boxerbasis.de\/it\/produkt\/kit-di-riparazione-per-il-supporto-del-cavalletto-principale-5-6-7\/","title":{"rendered":"Kit di riparazione per il supporto del cavalletto principale \/5 \/6 \/7"},"content":{"rendered":"<p>Per tutti i modelli \/5 \/6 \/7 \/7 solo fino al 1980 con filettatura nel telaio). Se il cuscinetto del cavalletto principale \u00e8 difettoso o usurato, questo set pu\u00f2 essere utilizzato per ripararlo. La vecchia filettatura viene forata (\u00f8 13 mm), la boccola viene spinta da dietro utilizzando la chiave da 17 mm e la nuova boccola del cavalletto viene serrata con la vite M10.<\/p>\n<p>Il set \u00e8 composto da 2 boccole filettate con filettatura interna M10 x 1, CrMo4 2 boccole per cavalletto, CrMo4 2 viti in acciaio M10 x 1 x 20 mm, zincato 2 rondelle ondulate zincate  <\/p>\n","protected":false},"excerpt":{"rendered":"<p>Kit di riparazione per i supporti del cavalletto principale su \/5, \/6, \/7 (\/7 solo fino all&#8217;anno modello 1980 con filettatura nel telaio).<\/p>\n","protected":false},"featured_media":8359,"comment_status":"closed","ping_status":"closed","template":"","meta":[],"product_brand":[],"product_cat":[448],"product_tag":[],"class_list":{"0":"post-9817","1":"product","2":"type-product","3":"status-publish","4":"has-post-thumbnail","6":"product_cat-telaio","7":"product_shipping_class-01kg-it-2","8":"pa_baugruppe-telaio","9":"pa_modell-5-it","10":"pa_modell-6-it","11":"pa_modell-7-it","12":"pa_produktart-parti-nuove","13":"pa_zustand-nouvo","15":"first","16":"instock","17":"taxable","18":"shipping-taxable","19":"purchasable","20":"product-type-simple"},"_links":{"self":[{"href":"https:\/\/www.boxerbasis.de\/it\/wp-json\/wp\/v2\/product\/9817","targetHints":{"allow":["GET"]}}],"collection":[{"href":"https:\/\/www.boxerbasis.de\/it\/wp-json\/wp\/v2\/product"}],"about":[{"href":"https:\/\/www.boxerbasis.de\/it\/wp-json\/wp\/v2\/types\/product"}],"replies":[{"embeddable":true,"href":"https:\/\/www.boxerbasis.de\/it\/wp-json\/wp\/v2\/comments?post=9817"}],"wp:featuredmedia":[{"embeddable":true,"href":"https:\/\/www.boxerbasis.de\/it\/wp-json\/wp\/v2\/media\/8359"}],"wp:attachment":[{"href":"https:\/\/www.boxerbasis.de\/it\/wp-json\/wp\/v2\/media?parent=9817"}],"wp:term":[{"taxonomy":"product_brand","embeddable":true,"href":"https:\/\/www.boxerbasis.de\/it\/wp-json\/wp\/v2\/product_brand?post=9817"},{"taxonomy":"product_cat","embeddable":true,"href":"https:\/\/www.boxerbasis.de\/it\/wp-json\/wp\/v2\/product_cat?post=9817"},{"taxonomy":"product_tag","embeddable":true,"href":"https:\/\/www.boxerbasis.de\/it\/wp-json\/wp\/v2\/product_tag?post=9817"}],"curies":[{"name":"wp","href":"https:\/\/api.w.org\/{rel}","templated":true}]}}