{"id":9869,"date":"2025-07-29T14:20:39","date_gmt":"2025-07-29T12:20:39","guid":{"rendered":"https:\/\/www.boxerbasis.de\/produkt\/tachimetro-bmw-r80-g-s-revisionato-w773\/"},"modified":"2025-08-02T19:16:44","modified_gmt":"2025-08-02T17:16:44","slug":"tachimetro-bmw-r80-g-s-revisionato-w773","status":"publish","type":"product","link":"https:\/\/www.boxerbasis.de\/it\/produkt\/tachimetro-bmw-r80-g-s-revisionato-w773\/","title":{"rendered":"Tachimetro ricondizionato per BMW R80 G\/S W773"},"content":{"rendered":"<p>Bellissimo tachimetro W773 per la 80 G\/S e G\/S Paris Dakar in ottime condizioni. \u00c8 stato revisionato da un&#8217;officina specializzata e funziona perfettamente, ovviamente \u00e8 stata sostituita anche la gomma del pulsante di reset. \u00c8 la versione pi\u00f9 recente e migliorata. Abbiamo molti altri tachimetri e strumenti in magazzino: chiedi informazioni!   <\/p>\n<p><a href=\"https:\/\/www.boxerbasis.de\/bb\/\" target=\"_blank\" rel=\"noopener\">Informazioni sulla sicurezza dei produttori e dei prodotti<\/a><\/p>\n","protected":false},"excerpt":{"rendered":"<p>Bellissimo tachimetro in ottime condizioni.<\/p>\n<p>&nbsp;<\/p>\n","protected":false},"featured_media":16247,"comment_status":"closed","ping_status":"closed","template":"","meta":[],"product_brand":[],"product_cat":[618,624],"product_tag":[],"class_list":{"0":"post-9869","1":"product","2":"type-product","3":"status-publish","4":"has-post-thumbnail","6":"product_cat-parti-usate","7":"product_cat-strumenti","8":"product_shipping_class-01kg-it-2","9":"pa_baugruppe-sistema-elettrico","10":"pa_baugruppe-strumenti","11":"pa_modell-g-s-it","12":"pa_produktart-parti-usate","13":"pa_zustand-usato","15":"first","16":"instock","17":"sold-individually","18":"shipping-taxable","19":"purchasable","20":"product-type-simple"},"_links":{"self":[{"href":"https:\/\/www.boxerbasis.de\/it\/wp-json\/wp\/v2\/product\/9869","targetHints":{"allow":["GET"]}}],"collection":[{"href":"https:\/\/www.boxerbasis.de\/it\/wp-json\/wp\/v2\/product"}],"about":[{"href":"https:\/\/www.boxerbasis.de\/it\/wp-json\/wp\/v2\/types\/product"}],"replies":[{"embeddable":true,"href":"https:\/\/www.boxerbasis.de\/it\/wp-json\/wp\/v2\/comments?post=9869"}],"wp:featuredmedia":[{"embeddable":true,"href":"https:\/\/www.boxerbasis.de\/it\/wp-json\/wp\/v2\/media\/16247"}],"wp:attachment":[{"href":"https:\/\/www.boxerbasis.de\/it\/wp-json\/wp\/v2\/media?parent=9869"}],"wp:term":[{"taxonomy":"product_brand","embeddable":true,"href":"https:\/\/www.boxerbasis.de\/it\/wp-json\/wp\/v2\/product_brand?post=9869"},{"taxonomy":"product_cat","embeddable":true,"href":"https:\/\/www.boxerbasis.de\/it\/wp-json\/wp\/v2\/product_cat?post=9869"},{"taxonomy":"product_tag","embeddable":true,"href":"https:\/\/www.boxerbasis.de\/it\/wp-json\/wp\/v2\/product_tag?post=9869"}],"curies":[{"name":"wp","href":"https:\/\/api.w.org\/{rel}","templated":true}]}}