{"id":9995,"date":"2021-02-04T14:25:45","date_gmt":"2021-02-04T13:25:45","guid":{"rendered":"https:\/\/www.boxerbasis.de\/produkt\/pasta-di-assemblaggio-e-lubrificazione-staburags-nbu-30-ptm\/"},"modified":"2026-02-13T11:01:15","modified_gmt":"2026-02-13T10:01:15","slug":"pasta-di-assemblaggio-e-lubrificazione-staburags-nbu-30-ptm","status":"publish","type":"product","link":"https:\/\/www.boxerbasis.de\/it\/produkt\/pasta-di-assemblaggio-e-lubrificazione-staburags-nbu-30-ptm\/","title":{"rendered":"Pasta di assemblaggio e lubrificazione Staburags NBU 30 PTM"},"content":{"rendered":"<p>Gli Staburags sono indispensabili per le scanalature dell&#8217;albero cardanico sui modelli Paralever, per la trasmissione dell&#8217;asse posteriore o per la frizione. I lubrificanti inadatti causano solo danni in questi punti: ecco perch\u00e9 nessuna officina BMW pu\u00f2 fare a meno di Staburags. Poich\u00e9 non \u00e8 disponibile in piccole confezioni ed \u00e8 molto costoso in quelle grandi, abbiamo attinto alla nostra cassa per acquistarne una quantit\u00e0 maggiore. Ora possiamo offrire piccole quantit\u00e0 da 30 g, facili da usare e poco costose.   <\/p>\n<p>Per completezza, Staburags \u00e8 un prodotto di Kl\u00fcber Lubrication SE &amp; Co. KG.<\/p>\n<p><a href=\"http:\/\/Download%20Verarbeitungshinweise%20(ZIP)\">Scarica le istruzioni per l&#8217;elaborazione (ZIP)<\/a><\/p>\n<p>Barattolo da 30 g: \u20ac 12,80<br \/>\n(prezzo base: \u20ac 426,67 per 1000 g)<\/p>\n<p><a href=\"https:\/\/www.boxerbasis.de\/it\/produttore-staburags\/\" target=\"_blank\" rel=\"noopener\">Informazioni sul produttore e sulla sicurezza del prodotto<\/a><\/p>\n","protected":false},"excerpt":{"rendered":"<p>Per lubrificare gli ingranaggi dell&#8217;albero cardanico, della trazione posteriore e della frizione.<\/p>\n<p>&nbsp;<\/p>\n","protected":false},"featured_media":5161,"comment_status":"closed","ping_status":"closed","template":"","meta":[],"product_brand":[],"product_cat":[439],"product_tag":[],"class_list":{"0":"post-9995","1":"product","2":"type-product","3":"status-publish","4":"has-post-thumbnail","6":"product_cat-prodotti-boxerbasis","7":"product_shipping_class-kleinteile-it","8":"pa_baugruppe-utensili","9":"pa_produktart-boxerbasis-it","10":"pa_produktart-parti-nuove","11":"pa_zustand-nouvo","13":"first","14":"instock","15":"taxable","16":"shipping-taxable","17":"purchasable","18":"product-type-simple"},"_links":{"self":[{"href":"https:\/\/www.boxerbasis.de\/it\/wp-json\/wp\/v2\/product\/9995","targetHints":{"allow":["GET"]}}],"collection":[{"href":"https:\/\/www.boxerbasis.de\/it\/wp-json\/wp\/v2\/product"}],"about":[{"href":"https:\/\/www.boxerbasis.de\/it\/wp-json\/wp\/v2\/types\/product"}],"replies":[{"embeddable":true,"href":"https:\/\/www.boxerbasis.de\/it\/wp-json\/wp\/v2\/comments?post=9995"}],"wp:featuredmedia":[{"embeddable":true,"href":"https:\/\/www.boxerbasis.de\/it\/wp-json\/wp\/v2\/media\/5161"}],"wp:attachment":[{"href":"https:\/\/www.boxerbasis.de\/it\/wp-json\/wp\/v2\/media?parent=9995"}],"wp:term":[{"taxonomy":"product_brand","embeddable":true,"href":"https:\/\/www.boxerbasis.de\/it\/wp-json\/wp\/v2\/product_brand?post=9995"},{"taxonomy":"product_cat","embeddable":true,"href":"https:\/\/www.boxerbasis.de\/it\/wp-json\/wp\/v2\/product_cat?post=9995"},{"taxonomy":"product_tag","embeddable":true,"href":"https:\/\/www.boxerbasis.de\/it\/wp-json\/wp\/v2\/product_tag?post=9995"}],"curies":[{"name":"wp","href":"https:\/\/api.w.org\/{rel}","templated":true}]}}