{"id":14801,"date":"2025-06-10T15:34:52","date_gmt":"2025-06-10T13:34:52","guid":{"rendered":"https:\/\/www.boxerbasis.de\/?post_type=product&#038;p=14801"},"modified":"2025-07-03T12:53:54","modified_gmt":"2025-07-03T10:53:54","slug":"bmw-gereedschapsset-compleet-voor-80-g-s-st-gs-tot-1990-kopie-kopie-kopie-kopie-kopie-kopie-kopie-kopie-kopie-kopie-kopie","status":"publish","type":"product","link":"https:\/\/www.boxerbasis.de\/nl\/produkt\/bmw-gereedschapsset-compleet-voor-80-g-s-st-gs-tot-1990-kopie-kopie-kopie-kopie-kopie-kopie-kopie-kopie-kopie-kopie-kopie\/","title":{"rendered":"Contactslot en stoelbankvergrendeling G\/S"},"content":{"rendered":"<p>Contactslot en zitslot voor BMW G\/S, 80ST en de vroege GS-modellen<\/p>\n<p>Sleutel gelijk, met \u00e9\u00e9n normale en \u00e9\u00e9n originele BMW vouwsleutel.<\/p>\n<p><a href=\"https:\/\/www.boxerbasis.de\/hersteller-bmw\/\">Informatie over productveiligheid<\/a><\/p>\n","protected":false},"excerpt":{"rendered":"<p>2-Delige slotenset voor G\/Sm ST en vroege GS-modellen, bestaande uit een contactslot met 5 grendels en een goed zadelslot. De sloten hebben dezelfde sleutel! <\/p>\n<p>1 vouwsleutel en een reservesleutel zijn inbegrepen<\/p>\n","protected":false},"featured_media":14621,"comment_status":"closed","ping_status":"closed","template":"","meta":[],"product_brand":[],"product_cat":[629,612,446,616],"product_tag":[],"class_list":{"0":"post-14801","1":"product","2":"type-product","3":"status-publish","4":"has-post-thumbnail","6":"product_cat-bank","7":"product_cat-elektrische-systeem","8":"product_cat-frame-nl","9":"product_cat-gebruikte-onderdelen","10":"product_shipping_class-01kg-nl-2","11":"pa_baugruppe-bank","12":"pa_baugruppe-elektisch-systeem","13":"pa_baugruppe-frame-nl","14":"pa_modell-g-s-nl","15":"pa_modell-gs-nl","16":"pa_modell-r-80-st-nl","17":"pa_produktart-gebruikte-onderdelen","18":"pa_zustand-gebruikt","20":"first","21":"instock","22":"sold-individually","23":"shipping-taxable","24":"purchasable","25":"product-type-simple"},"_links":{"self":[{"href":"https:\/\/www.boxerbasis.de\/nl\/wp-json\/wp\/v2\/product\/14801","targetHints":{"allow":["GET"]}}],"collection":[{"href":"https:\/\/www.boxerbasis.de\/nl\/wp-json\/wp\/v2\/product"}],"about":[{"href":"https:\/\/www.boxerbasis.de\/nl\/wp-json\/wp\/v2\/types\/product"}],"replies":[{"embeddable":true,"href":"https:\/\/www.boxerbasis.de\/nl\/wp-json\/wp\/v2\/comments?post=14801"}],"wp:featuredmedia":[{"embeddable":true,"href":"https:\/\/www.boxerbasis.de\/nl\/wp-json\/wp\/v2\/media\/14621"}],"wp:attachment":[{"href":"https:\/\/www.boxerbasis.de\/nl\/wp-json\/wp\/v2\/media?parent=14801"}],"wp:term":[{"taxonomy":"product_brand","embeddable":true,"href":"https:\/\/www.boxerbasis.de\/nl\/wp-json\/wp\/v2\/product_brand?post=14801"},{"taxonomy":"product_cat","embeddable":true,"href":"https:\/\/www.boxerbasis.de\/nl\/wp-json\/wp\/v2\/product_cat?post=14801"},{"taxonomy":"product_tag","embeddable":true,"href":"https:\/\/www.boxerbasis.de\/nl\/wp-json\/wp\/v2\/product_tag?post=14801"}],"curies":[{"name":"wp","href":"https:\/\/api.w.org\/{rel}","templated":true}]}}