{"id":9008,"date":"2020-12-13T15:28:28","date_gmt":"2020-12-13T14:28:28","guid":{"rendered":"https:\/\/www.boxerbasis.de\/produkt\/lager\/"},"modified":"2025-02-05T15:06:03","modified_gmt":"2025-02-05T14:06:03","slug":"lager","status":"publish","type":"product","link":"https:\/\/www.boxerbasis.de\/nl\/produkt\/lager\/","title":{"rendered":"Abziehen des unteren Steuerkopf-Lagers"},"content":{"rendered":"<div data-contents=\"true\">\n<div class=\"\" data-block=\"true\" data-editor=\"8db1g\" data-offset-key=\"7itf1-0-0\">\n<div class=\"_1mf _1mj\" data-offset-key=\"d8125-0-0\">\n<p><strong>Abziehen des Lager-Innenrings an der unteren Gabelbr\u00fccke (BMW 2V R- und K-Modelle):<\/strong><\/p>\n<\/div>\n<\/div>\n<div class=\"\" data-block=\"true\" data-editor=\"8db1g\" data-offset-key=\"35h0m-0-0\">\n<div class=\"_1mf _1mj\" data-offset-key=\"35h0m-0-0\"><span data-offset-key=\"for6i-0-0\">Jeder kennt das Problem: W\u00e4hrend sich die anderen Lager recht einfach mit normalen Abziehern entfernen lassen, l\u00e4sst sich dem Lager-Ring, der auf der unteren Gabelbr\u00fccke sitzt, mit Standard-Abziehern nicht beikommen. Von der in Werkst\u00e4tten praktizierten Methode, das Steuerrohr mit einer Hydraulikpresse durch die Gabelbr\u00fccke zu dr\u00fccken, halten wir nichts, da die Passung darunter leidet. Das Abziehen mit unserem Werkzeug ist deutlich schonender. Wir haben das passende Werkzeug und k\u00f6nnen das Lager entfernen. Wir \u00fcbernehmen allerdings keine Garantie oder Gew\u00e4hrleistung f\u00fcr m\u00f6gliche Besch\u00e4digungen.<br \/>\n<\/span><\/div>\n<\/div>\n<div class=\"\" data-block=\"true\" data-editor=\"8db1g\" data-offset-key=\"fsi40-0-0\">\n<div class=\"_1mf _1mj\" data-offset-key=\"for6i-0-0\">\n<p>Bitte vorher anrufen und einen Termin machen: 0202 2 80 14 80.<\/p>\n<\/div>\n<\/div>\n<\/div>\n","protected":false},"excerpt":{"rendered":"<div data-contents=\"true\">\n<div class=\"\" data-block=\"true\" data-editor=\"8db1g\" data-offset-key=\"7itf1-0-0\">\n<div class=\"_1mf _1mj\" data-offset-key=\"d8125-0-0\">Unser Service: Abziehen des unteren Lager-Innenrings an der Gabelbr\u00fccke<\/div>\n<\/div>\n<\/div>\n","protected":false},"featured_media":4979,"comment_status":"closed","ping_status":"closed","template":"","meta":[],"product_brand":[],"product_cat":[440],"product_tag":[],"class_list":{"0":"post-9008","1":"product","2":"type-product","3":"status-publish","4":"has-post-thumbnail","6":"product_cat-vork","7":"pa_baugruppe-gabel-nl","8":"pa_modell-5-nl","9":"pa_modell-6-nl","10":"pa_modell-7-nl","11":"pa_modell-g-s-nl","12":"pa_modell-gsbasic-nl","13":"pa_modell-k-modellen","14":"pa_modell-mystic-nl","15":"pa_modell-gs-nl","16":"pa_modell-r-80-en-100-r","17":"pa_modell-90s-nl","19":"first","20":"instock","21":"taxable","22":"shipping-taxable","23":"purchasable","24":"product-type-simple"},"_links":{"self":[{"href":"https:\/\/www.boxerbasis.de\/nl\/wp-json\/wp\/v2\/product\/9008","targetHints":{"allow":["GET"]}}],"collection":[{"href":"https:\/\/www.boxerbasis.de\/nl\/wp-json\/wp\/v2\/product"}],"about":[{"href":"https:\/\/www.boxerbasis.de\/nl\/wp-json\/wp\/v2\/types\/product"}],"replies":[{"embeddable":true,"href":"https:\/\/www.boxerbasis.de\/nl\/wp-json\/wp\/v2\/comments?post=9008"}],"wp:featuredmedia":[{"embeddable":true,"href":"https:\/\/www.boxerbasis.de\/nl\/wp-json\/wp\/v2\/media\/4979"}],"wp:attachment":[{"href":"https:\/\/www.boxerbasis.de\/nl\/wp-json\/wp\/v2\/media?parent=9008"}],"wp:term":[{"taxonomy":"product_brand","embeddable":true,"href":"https:\/\/www.boxerbasis.de\/nl\/wp-json\/wp\/v2\/product_brand?post=9008"},{"taxonomy":"product_cat","embeddable":true,"href":"https:\/\/www.boxerbasis.de\/nl\/wp-json\/wp\/v2\/product_cat?post=9008"},{"taxonomy":"product_tag","embeddable":true,"href":"https:\/\/www.boxerbasis.de\/nl\/wp-json\/wp\/v2\/product_tag?post=9008"}],"curies":[{"name":"wp","href":"https:\/\/api.w.org\/{rel}","templated":true}]}}