{"id":9630,"date":"2024-06-18T16:13:08","date_gmt":"2024-06-18T14:13:08","guid":{"rendered":"https:\/\/www.boxerbasis.de\/produkt\/vv-bmw-van-helmut-wustendorfer-wudo\/"},"modified":"2025-11-17T15:22:06","modified_gmt":"2025-11-17T14:22:06","slug":"vv-bmw-van-helmut-wustendorfer-wudo","status":"publish","type":"product","link":"https:\/\/www.boxerbasis.de\/nl\/produkt\/vv-bmw-van-helmut-wustendorfer-wudo\/","title":{"rendered":"VV-BMW van Helmut W\u00fcstenh\u00f6fer (W\u00dcDO)"},"content":{"rendered":"<p><strong>Racemachine van Helmut W\u00fcstenh\u00f6fer!<br \/>\n<\/strong><\/p>\n<p>Deze VV BMW was de racemotor van Helmut W\u00fcstenh\u00f6fer uit Dortmund, bekend als W\u00dcDO, met wegrijbewijs, Fallert oliepan, etc. totdat hij hem verkocht. De groene versie (zie foto, \u00a9 Helmut W\u00fcstenh\u00f6fer) is de motor zoals W\u00fcdo hem destijds verkocht. De koper liet hem direct door Uli V\u00f6lkl ombouwen naar cantilever of centrale vering, vanaf dat moment was hij rood.<br \/>\nHet is nu een VV voor de weg met het W\u00fcdo racemotorblok en de versnellingsbak. De motor loopt sensationeel, de versnellingsbak schakelt uitstekend en de achterkant met de cantilever achterbrug ziet er geweldig uit, net als het typische VV 2in1 uitlaatsysteem en het VV voetsteunsysteem! Voor het eerst geregistreerd in 1986, dus zonder ASU. Slechts een paar kilometer mee gereden na de opbouw als VV.    <\/p>\n","protected":false},"excerpt":{"rendered":"<p>Racemachine van Helmut W\u00fcstenh\u00f6fer. VV-conversie met rijbewijs, racemotor, centrale veerpoot. <\/p>\n","protected":false},"featured_media":8822,"comment_status":"closed","ping_status":"closed","template":"","meta":[],"product_brand":[],"product_cat":[626],"product_tag":[],"class_list":{"0":"post-9630","1":"product","2":"type-product","3":"status-publish","4":"has-post-thumbnail","6":"product_cat-motorfietsen","8":"first","9":"instock","10":"product-type-simple"},"_links":{"self":[{"href":"https:\/\/www.boxerbasis.de\/nl\/wp-json\/wp\/v2\/product\/9630","targetHints":{"allow":["GET"]}}],"collection":[{"href":"https:\/\/www.boxerbasis.de\/nl\/wp-json\/wp\/v2\/product"}],"about":[{"href":"https:\/\/www.boxerbasis.de\/nl\/wp-json\/wp\/v2\/types\/product"}],"replies":[{"embeddable":true,"href":"https:\/\/www.boxerbasis.de\/nl\/wp-json\/wp\/v2\/comments?post=9630"}],"wp:featuredmedia":[{"embeddable":true,"href":"https:\/\/www.boxerbasis.de\/nl\/wp-json\/wp\/v2\/media\/8822"}],"wp:attachment":[{"href":"https:\/\/www.boxerbasis.de\/nl\/wp-json\/wp\/v2\/media?parent=9630"}],"wp:term":[{"taxonomy":"product_brand","embeddable":true,"href":"https:\/\/www.boxerbasis.de\/nl\/wp-json\/wp\/v2\/product_brand?post=9630"},{"taxonomy":"product_cat","embeddable":true,"href":"https:\/\/www.boxerbasis.de\/nl\/wp-json\/wp\/v2\/product_cat?post=9630"},{"taxonomy":"product_tag","embeddable":true,"href":"https:\/\/www.boxerbasis.de\/nl\/wp-json\/wp\/v2\/product_tag?post=9630"}],"curies":[{"name":"wp","href":"https:\/\/api.w.org\/{rel}","templated":true}]}}